{"id":993,"date":"2024-07-11T18:21:08","date_gmt":"2024-07-11T18:21:08","guid":{"rendered":"https:\/\/www.abogadakate.com\/?page_id=993"},"modified":"2024-07-30T21:40:01","modified_gmt":"2024-07-30T21:40:01","slug":"abogado-de-visas-temporales","status":"publish","type":"page","link":"https:\/\/www.abogadakate.com\/es\/abogada-de-inmigracion-de-austin\/abogado-de-visas-temporales\/","title":{"rendered":"\u00bfCu\u00e1les Son Los Diferentes Tipos De Visas Temporales Estadounidenses?"},"content":{"rendered":"<div class=\"fusion-fullwidth fullwidth-box fusion-builder-row-1 fusion-flex-container nonhundred-percent-fullwidth non-hundred-percent-height-scrolling\" style=\"--awb-border-radius-top-left:0px;--awb-border-radius-top-right:0px;--awb-border-radius-bottom-right:0px;--awb-border-radius-bottom-left:0px;--awb-flex-wrap:wrap;\" ><div class=\"fusion-builder-row fusion-row fusion-flex-align-items-flex-start fusion-flex-content-wrap\" style=\"max-width:1664px;margin-left: calc(-4% \/ 2 );margin-right: calc(-4% \/ 2 );\"><div class=\"fusion-layout-column fusion_builder_column fusion-builder-column-0 fusion_builder_column_1_1 1_1 fusion-flex-column\" style=\"--awb-bg-size:cover;--awb-width-large:100%;--awb-margin-top-large:0px;--awb-spacing-right-large:1.92%;--awb-margin-bottom-large:20px;--awb-spacing-left-large:1.92%;--awb-width-medium:100%;--awb-order-medium:0;--awb-spacing-right-medium:1.92%;--awb-spacing-left-medium:1.92%;--awb-width-small:100%;--awb-order-small:0;--awb-spacing-right-small:1.92%;--awb-spacing-left-small:1.92%;\" data-scroll-devices=\"small-visibility,medium-visibility,large-visibility\"><div class=\"fusion-column-wrapper fusion-column-has-shadow fusion-flex-justify-content-flex-start fusion-content-layout-column\"><div class=\"fusion-text fusion-text-1\" style=\"--awb-content-alignment:center;--awb-text-transform:none;\"><h1>\u00bfCu\u00e1les Son Los Diferentes Tipos De Visas Temporales Estadounidenses?<\/h1>\n<\/div><div class=\"fusion-separator fusion-full-width-sep\" style=\"align-self: center;margin-left: auto;margin-right: auto;margin-top:10px;margin-bottom:20px;width:100%;\"><div class=\"fusion-separator-border sep-single sep-solid\" style=\"--awb-height:20px;--awb-amount:20px;--awb-sep-color:#000000;border-color:#000000;border-top-width:1px;\"><\/div><\/div><div class=\"fusion-text fusion-text-2\" style=\"--awb-text-transform:none;\"><p>Para entrar en Estados Unidos, los ciudadanos extranjeros deben obtener una\u00a0<a href=\"https:\/\/www.uscis.gov\/es\/visite-estados-unidos\" target=\"_blank\" rel=\"noopener\" data-uw-rm-brl=\"PR\" data-uw-original-href=\"https:\/\/www.uscis.gov\/es\/visite-estados-unidos\" aria-label=\"Visa - abrir en una nueva pesta\u00f1a\" data-uw-rm-ext-link=\"\" data-uw-original->Visa<\/a>, con algunas excepciones para los ciudadanos de determinados pa\u00edses. Las Visas se dividen en dos categor\u00edas: permanentes y temporales, con varios subtipos seg\u00fan el motivo del viaje. Los tipos habituales de Visa temporales o de no inmigrante son los siguientes.<\/p>\n<h2>Comprender Las Solicitudes De Visa De Trabajo O Empleo Con Los Abogados Especializados En Visa<\/h2>\n<p>Este tipo de Visa permite a las personas que desean entrar en EE.UU. para hacer negocios durante un periodo de tiempo limitado.<\/p>\n<h3>Visa B-1 Para Visitantes De Negocios<\/h3>\n<p>La Visa B-1 para visitantes de negocios es una Visa temporal de no inmigrante para personas que viajan a Estados Unidos por motivos de negocios. La Visa B-1 est\u00e1 destinado a las personas que entran en Estados Unidos para celebrar reuniones de negocios, negociaciones, consultas o para asistir a convenciones, conferencias o ferias comerciales.<\/p>\n<h3>Visa L-1 Para Personas Trasladadas Dentro De Una Misma Empresa<\/h3>\n<p>La Visa L-1 para personas trasladadas dentro de una misma empresa es un Visa de no inmigrante para personas trasladadas a Estados Unidos por una empresa multinacional para trabajar en un puesto ejecutivo, directivo o que implique conocimientos especializados. La Visa L-1 es para personas que entran en EE.UU. para seguir trabajando para una filial extranjera de su empresa actual.<\/p>\n<p><img decoding=\"async\" class=\"aligncenter size-full wp-image-32090\" src=\"https:\/\/www.abogadakate.com\/wp-content\/uploads\/2024\/07\/read-about-the-current-requirements-to-obtain-a-temporary-visa-in-the.jpg\" alt=\"Read About The Current Requirements To Obtain A Temporary Visa In The United States\" width=\"100%\" height=\"500\" \/><\/p>\n<h3>Visa Para Medios De Comunicaci\u00f3n Y Periodistas O Visa I<\/h3>\n<p>Los periodistas y profesionales de los medios de comunicaci\u00f3n que vienen a Estados Unidos temporalmente para trabajar en un proyecto espec\u00edfico o cubrir un acontecimiento concreto pueden optar a un Visa I. La Visa I es una categor\u00eda de Visa de no inmigrante dise\u00f1ada espec\u00edficamente para representantes de medios de comunicaci\u00f3n extranjeros, incluidos periodistas, fot\u00f3grafos, equipos de rodaje y otros profesionales relacionados con los medios de comunicaci\u00f3n.<\/p>\n<p>Para poder optar a una Visa I, el profesional de los medios de comunicaci\u00f3n debe estar contratado por un medio de comunicaci\u00f3n extranjero y su prop\u00f3sito al entrar en Estados Unidos es realizar actividades esenciales para su trabajo en los medios de comunicaci\u00f3n. Tambi\u00e9n deben tener una oferta de trabajo v\u00e1lida y en curso de una organizaci\u00f3n de medios de comunicaci\u00f3n extranjera y deben tener un prop\u00f3sito leg\u00edtimo y espec\u00edfico para su visita.<\/p>\n<p>El proceso de solicitud de la Visa I suele implicar la presentaci\u00f3n de una solicitud al Departamento de Estado de EE.UU. Debe incluir documentaci\u00f3n acreditativa, como una carta del medio de comunicaci\u00f3n extranjero, pruebas de las credenciales profesionales de la persona y un itinerario detallado de sus actividades previstas en Estados Unidos.<\/p>\n<h3>Trabajador Transitorio Solo Para La CNMI<\/h3>\n<p>La Visa de Trabajador Temporal (CW-1) de la Mancomunidad de las Islas Marianas del Norte o CNMI es una categor\u00eda de Visa temporal para trabajadores extranjeros que vienen a la CNMI a trabajar en determinadas industrias. La CNMI es un territorio estadounidense situado en el Oc\u00e9ano Pac\u00edfico, y el programa de Visa CW-1 se cre\u00f3 para hacer frente a la escasez de mano de obra en determinados sectores de la CNMI, como la construcci\u00f3n y la hosteler\u00eda.<\/p>\n<p>Para tener derecho a una Visa CW-1, el trabajador extranjero debe tener una oferta de trabajo v\u00e1lida de un empleador de la CNMI en una industria cubierta y debe cumplir los requisitos de educaci\u00f3n y experiencia pertinentes para el puesto. El empleador de la CNMI tambi\u00e9n debe demostrar que hay escasez de trabajadores estadounidenses disponibles para realizar el trabajo y debe presentar una petici\u00f3n en nombre del trabajador extranjero.<\/p>\n<h3>Visa Para Tripulantes<\/h3>\n<p>Una Visa de tripulante (C-1) es una Visa de no inmigrante para personas que vienen a Estados Unidos como miembros de una tripulaci\u00f3n extranjera de un barco o avi\u00f3n. La Visa C-1 permite a las personas que entran temporalmente en EE.UU. para prestar servicios como miembros de una tripulaci\u00f3n y que saldr\u00e1n de EE.UU. en el mismo barco o avi\u00f3n.<\/p>\n<h3>Trabajador Religioso<\/h3>\n<p>Los trabajadores religiosos que vienen a Estados Unidos temporalmente para trabajar en una vocaci\u00f3n u ocupaci\u00f3n religiosa pueden optar a una Visa de trabajador religioso (R-1). Esta categor\u00eda de Visa est\u00e1 destinada a personas que pertenezcan a una confesi\u00f3n religiosa y que vengan a Estados Unidos para trabajar en un cargo religioso, como ministro, sacerdote, rabino o en otra vocaci\u00f3n u ocupaci\u00f3n religiosa.<br role=\"presentation\" data-uw-rm-sr=\"\" \/><a href=\"https:\/\/www.abogadakate.com\/es\/visa-temporal-de-trabajo\/\">M\u00e1s acerca de visas de trabajo aqu\u00ed<\/a><\/p>\n<h2>Pa\u00edses Con Acuerdos Legales Con EE.UU.<\/h2>\n<p>Esta Visa concede permiso legal a los ciudadanos de determinados pa\u00edses para entrar temporalmente en Estados Unidos.<\/p>\n<h3>Trabajador Profesional Del TLCAN: M\u00e9xico, Canad\u00e1<\/h3>\n<p>En virtud del Tratado de Libre Comercio de Am\u00e9rica del Norte (TLCAN), los ciudadanos de M\u00e9xico y Canad\u00e1 que sean profesionales altamente cualificados pueden optar a la admisi\u00f3n temporal en Estados Unidos para realizar determinadas actividades empresariales. Esta categor\u00eda de Visa se conoce como Visa profesional del TLCAN (TN).<\/p>\n<p>Para poder optar a una Visa TN, el profesional debe ser ciudadano de M\u00e9xico o Canad\u00e1 y tener una oferta de trabajo de un empleador estadounidense. La oferta de empleo debe corresponder a una ocupaci\u00f3n incluida en el Ap\u00e9ndice 1603.D.1 del TLCAN, que incluye profesiones como las de contable, ingeniero y cient\u00edfico.<\/p>\n<h3>Tratado De Libre Comercio (TLC) Profesional: Chile, Singapur<\/h3>\n<p>S\u00ed, Estados Unidos tiene tratados de libre comercio (TLC) con Chile y Singapur, y ambos incluyen disposiciones para la entrada temporal de profesionales de negocios.<\/p>\n<p>En virtud del Tratado de Libre Comercio (TLC) entre EE.UU. y Chile, los ciudadanos chilenos y estadounidenses que sean profesionales pueden ser admitidos en el otro pa\u00eds con car\u00e1cter temporal para realizar determinadas actividades empresariales. Los criterios espec\u00edficos de admisibilidad y los procedimientos para obtener la entrada temporal como profesional FTA pueden variar en funci\u00f3n de las circunstancias de la persona y del tipo de actividad empresarial que vaya a ejercer.<\/p>\n<p>Del mismo modo, en virtud del Acuerdo de Libre Comercio (ALC) entre Estados Unidos y Singapur, las disposiciones relativas a la entrada temporal de profesionales permiten que los ciudadanos estadounidenses y singapurenses, considerados profesionales en sus respectivos campos, puedan ser admitidos en cualquiera de los dos pa\u00edses para realizar actividades empresariales autorizadas.<\/p>\n<h3 role=\"presentation\" aria-hidden=\"true\" data-uw-rm-heading=\"hide\"><span class=\"data-uw-rm-autofix-hide\" data-uw-rm-ignore=\"\">Empty heading<\/span><\/h3>\n<p>Los ciudadanos australianos que sean profesionales altamente cualificados en campos espec\u00edficos pueden optar a la Visa australiana de especialidad profesional (E-3). Esta categor\u00eda de Visa est\u00e1 dise\u00f1ada espec\u00edficamente para ciudadanos australianos que deseen trabajar temporalmente en Estados Unidos en una ocupaci\u00f3n especializada, como arquitectura, ingenier\u00eda y programaci\u00f3n inform\u00e1tica.<\/p>\n<p>Para poder optar a una Visa E-3, el profesional australiano debe tener una oferta de trabajo leg\u00edtima de un empleador estadounidense y poseer las cualificaciones educativas o profesionales pertinentes para el puesto. El empleador estadounidense tambi\u00e9n debe demostrar que el puesto requiere conocimientos y aptitudes muy especializados y que hay escasez de trabajadores estadounidenses disponibles para desempe\u00f1ar el trabajo.<\/p>\n<p>El proceso de solicitud de la Visa E-3 suele implicar que el empleador estadounidense presente una Solicitud de Condici\u00f3n Laboral (LCA) ante el Departamento de Trabajo de EE.UU. y obtenga una LCA certificada. A continuaci\u00f3n, el profesional australiano puede utilizar la LCA certificada para solicitar La Visa E-3 en un consulado o embajada estadounidense.<\/p>\n<h2>La Visa De Viaje Que Mejor Se Adapta A Su Situaci\u00f3n<\/h2>\n<p>Esto permite a las personas viajar a EE.UU. con fines recreativos o m\u00e9dicos dentro de un periodo de tiempo limitado.<\/p>\n<h3>Visa De Turista B-2<\/h3>\n<p>La Visa de Turista B-2 es una Visa temporal de no inmigrante para personas que viajan a Estados Unidos por placer, turismo o tratamiento m\u00e9dico. La Visa B-2 est\u00e1 destinado a las personas que entran en Estados Unidos para realizar actividades como visitar a amigos y familiares, hacer turismo, participar en actos recreativos y sociales y recibir tratamiento m\u00e9dico.<\/p>\n<h3>Tarjetas De Paso De Fronteras<\/h3>\n<p>Una Tarjeta de Cruce Fronterizo (BCC) es un tipo de documento que permite a los ciudadanos de M\u00e9xico viajar a Estados Unidos para visitas cortas por negocios o placer. El BCC permite m\u00faltiples entradas en EE.UU. durante un periodo de tiempo determinado y suele tener una validez de diez a\u00f1os. Para ser elegible para un BCC, un individuo debe ser ciudadano mexicano y cumplir con ciertos requisitos de seguridad y elegibilidad.<\/p>\n<h2>Visa De Estudiante<\/h2>\n<p>Este tipo de Visa se exige a las personas que desean estudiar en Estados Unidos.<\/p>\n<h3>Visa De Estudiante F-1<\/h3>\n<p>La Visa de Estudiante F-1 es una Visa de no inmigrante para personas que vienen a Estados Unidos a cursar estudios acad\u00e9micos a tiempo completo en una escuela autorizada a matricular estudiantes no inmigrantes. Las personas que entran en Estados Unidos con el prop\u00f3sito principal de obtener un t\u00edtulo de ense\u00f1anza superior, como una licenciatura, un m\u00e1ster o un doctorado, pueden solicitar una Visa F-1.<\/p>\n<h2>Visa De Intercambio Cultural<\/h2>\n<p>Le permite entrar en Estados Unidos para participar en un programa de intercambio cultural durante un periodo de tiempo limitado.<\/p>\n<h3>Programa de Intercambio Cultural Internacional<\/h3>\n<p>Los visitantes internacionales de intercambio cultural son personas que vienen a Estados Unidos temporalmente para participar en programas de intercambio cultural dise\u00f1ados para fomentar el entendimiento mutuo entre personas de distintos pa\u00edses. Los programas de intercambio cultural pueden abarcar diversas actividades, como programas educativos, programas de pr\u00e1cticas y pasant\u00edas y programas de intercambio de grupos.<\/p>\n<p>El tipo de Visa m\u00e1s com\u00fan para los visitantes internacionales de intercambio cultural es la Visa J-1 para visitantes de intercambio. Esta categor\u00eda de Visa permite a las personas participar en una amplia gama de programas de intercambio en Estados Unidos, incluidos los relacionados con la educaci\u00f3n, las artes y la cultura.<\/p>\n<h3>Visa De Intercambio J-1<\/h3>\n<p>La Visa J-1 para visitantes de intercambio es una Visa de no inmigrante para personas que vienen a Estados Unidos a participar en un programa aprobado de visitantes de intercambio. El programa de Visa J-1 es una prestigiosa iniciativa dise\u00f1ada para facilitar el intercambio cultural y el enriquecimiento intelectual.<\/p>\n<p>Proporciona una oportunidad \u00fanica para que personas de calibre excepcional vengan a Estados Unidos y compartan sus conocimientos, habilidades y experiencias con sus hom\u00f3logos estadounidenses en sus respectivos campos. La Visa J-1 sirve de puente entre naciones, fomentando el entendimiento intercultural y promoviendo el crecimiento intelectual a escala mundial.<\/p>\n<h2>Visa De Especialidad Profesional<\/h2>\n<p>Este tipo de Visa es esencial para que los trabajadores profesionales que ejercen profesiones especializadas, como la ingenier\u00eda, la medicina y la arquitectura, puedan entrar y trabajar en Estados Unidos.<\/p>\n<h3>Trabajador Temporal H-1b En Una Ocupaci\u00f3n Especializada<\/h3>\n<p>La Visa H-1B para trabajadores temporales en una ocupaci\u00f3n especializada es una Visa de no inmigrante para personas que desean entrar en Estados Unidos para trabajar en una ocupaci\u00f3n especializada. Por ejemplo, las personas con una licenciatura o su equivalente prestan servicios en un campo especializado, como la arquitectura, la ingenier\u00eda, la inform\u00e1tica, la medicina o la educaci\u00f3n.<\/p>\n<h3>Visa Para Comerciantes E Inversores Y Visa Para Australianos Con Profesiones Especializadas<\/h3>\n<p>Las Visas de comerciante por tratado o E-1 y de inversor por tratado o E-2 son Visas de no inmigrante para personas procedentes de pa\u00edses con los que Estados Unidos tiene un tratado de navegaci\u00f3n y comercio. La Visa E-1 es para personas que planean ir a Estados Unidos para participar en un comercio sustancial, como el comercio de bienes, servicios o tecnolog\u00eda, principalmente entre Estados Unidos y el pa\u00eds de origen de la persona. La Visa E-2 est\u00e1 destinada a personas que puedan desarrollar una inversi\u00f3n sustancial en una empresa estadounidense.<\/p>\n<p>La Visa para australianos en ocupaciones especializadas (E-3) es una Visa de no inmigrante para ciudadanos australianos que pueden prestar servicios en una ocupaci\u00f3n especializada como arquitectos o analistas de sistemas inform\u00e1ticos. S\u00ed, la Visa E-3 es similar a la Visa H-1B, pero est\u00e1 limitado a los ciudadanos australianos. Para poder optar a una Visa E-3, una persona debe tener una oferta de trabajo en una ocupaci\u00f3n especializada y cumplir determinados requisitos de formaci\u00f3n y experiencia.<\/p>\n<h3>Visa O-1 Para Trabajadores Con Capacidades Extraordinarias<\/h3>\n<p>La Visa O-1 para trabajadores con aptitudes extraordinarias es una Visa de no inmigrante para trabajadores con aptitudes extraordinarias en las artes, las ciencias, la educaci\u00f3n, el deporte o los negocios y que vienen a Estados Unidos a trabajar en su campo de especializaci\u00f3n. La Visa O-1 es para personas con talento y que hacen algo especial en su campo.<\/p>\n<h2>Visa Relacionada Con Gobiernos Extranjeros<\/h2>\n<p>Los funcionarios de gobiernos extranjeros y los diplom\u00e1ticos necesitan este tipo de Visa para entrar en Estados Unidos y desempe\u00f1ar sus funciones oficiales en nombre de su gobierno.<\/p>\n<h3>Visa Para Diplom\u00e1ticos Y Funcionarios Extranjeros<\/h3>\n<p>Las Visas para diplom\u00e1ticos y funcionarios de gobiernos extranjeros (Visas A) son Visas de no inmigrante para personas que planean ir a EE.UU. a desempe\u00f1ar funciones oficiales como diplom\u00e1tico, funcionario o representante de un gobierno extranjero. La categor\u00eda de Visa A se divide en dos subcategor\u00edas: Visa A-1 para diplom\u00e1ticos y otros altos funcionarios gubernamentales y Visa A-2 para otros funcionarios y empleados gubernamentales extranjeros.<\/p>\n<h3>Visa Para Empleados De Organizaciones Internacionales Y De La OTAN<\/h3>\n<p>Las Visas para empleados de organizaciones internacionales y de la OTAN (Visa G) son Visas de no inmigrante para personas que necesitan desempe\u00f1ar funciones oficiales como representante de una organizaci\u00f3n internacional reconocida o como miembro de la OTAN.<\/p>\n<h2>Otras Visas Con Las Que Un Abogado En Austin TX Le Puede Ayudar<\/h2>\n<p>Otros tipos de Visa y sus usos respectivos.<\/p>\n<h3>Visa Para V\u00edctimas De La Trata De Seres Humanos<\/h3>\n<p>Las v\u00edctimas de la trata de seres humanos en Estados Unidos pueden optar a un tipo de Visa conocida como Visa T. Las Visas T est\u00e1n concebidas espec\u00edficamente para ofrecer protecci\u00f3n y asistencia a las v\u00edctimas de la trata de seres humanos, que a menudo son objeto de graves formas de explotaci\u00f3n y abusos.<\/p>\n<h3>Visa Para V\u00edctimas De Actividades Delictivas<\/h3>\n<p>Las v\u00edctimas de actividades delictivas en Estados Unidos pueden optar a un tipo de Visa conocida como Visa U. La Visa U puede ofrecer protecci\u00f3n y asistencia a las v\u00edctimas de determinados delitos que hayan sufrido importantes abusos f\u00edsicos o mentales como consecuencia del delito y est\u00e9n dispuestas a ayudar a las fuerzas de seguridad en la investigaci\u00f3n o persecuci\u00f3n del delito.<\/p>\n<h3>Visa De No Inmigrante (V) Para C\u00f3nyuge E Hijos De Un Residente Legal Permanente (LPR)<\/h3>\n<p>La Visa de no inmigrante (V) est\u00e1 destinado a los c\u00f3nyuges e hijos de residentes legales permanentes. Su finalidad es permitir a estos familiares entrar en Estados Unidos mientras esperan la aprobaci\u00f3n de sus peticiones de Visa de inmigrante.<\/p>\n<p>Esto puede reducir significativamente el tiempo que la familia debe pasar separada. Una vez en Estados Unidos, el titular de la Visa puede solicitar autorizaci\u00f3n para trabajar y puede vivir en Estados Unidos como no inmigrante. Tras la aprobaci\u00f3n de la petici\u00f3n de Visa de inmigrante, pueden ajustar su estatus a residente legal permanente.<\/p>\n<h3>Visa De Tr\u00e1nsito<\/h3>\n<p>Una Visa de Tr\u00e1nsito es un tipo de Visa exigida por algunos pa\u00edses a las personas que pasan por ese pa\u00eds de camino a otro destino. La finalidad de una Visa de tr\u00e1nsito es permitir a las personas entrar legalmente en el pa\u00eds durante un periodo limitado mientras se encuentran en tr\u00e1nsito. Sin embargo, los requisitos y condiciones espec\u00edficos de una Visa de Tr\u00e1nsito pueden variar de un pa\u00eds a otro, por lo que siempre es mejor comprobar los requisitos espec\u00edficos del pa\u00eds por el que se transita.<br \/>\n<img decoding=\"async\" class=\"wp-image-53144 size-full alignnone\" src=\"https:\/\/www.abogadakate.com\/wp-content\/uploads\/2024\/07\/austin-texas-immigration-lawyer-helps-obtain-green-card.jpg\" alt=\"\" width=\"750\" height=\"500\" \/><\/p>\n<h2>Puntos Clave: Comprender La Ley De Visas De EE.UU. Y C\u00f3mo Pueden Ayudar Los Abogados Especializados En Visa<\/h2>\n<p>Los tipos de Visa temporales de EE.UU. y sus diversos requisitos pueden resultar confusos, pero es importante conocer las diferentes categor\u00edas de visa para asegurarse de que puede optar al tipo de Visa adecuada cuando viaje dentro o fuera del pa\u00eds. Esperamos que este art\u00edculo le haya proporcionado una mejor comprensi\u00f3n de los diferentes tipos de Visa disponibles para que pueda tomar una decisi\u00f3n informada sobre cu\u00e1l se adapta mejor a sus circunstancias individuales.<\/p>\n<h2>Deje Que La Abogada Kate En Texas Le Ayude<\/h2>\n<p>A la mayor\u00eda de los reci\u00e9n llegados les cuesta entender los tr\u00e1mites necesarios, ya que las normas de inmigraci\u00f3n de Estados Unidos son amplias y complejas. Es f\u00e1cil solicitar la Visa equivocada u omitir la informaci\u00f3n necesaria. Aqu\u00ed es donde un abogado de inmigraci\u00f3n puede ayudar.<\/p>\n<p>Hay muchas razones para contratar a un abogado de inmigraci\u00f3n de Abogada Kate cuando se busca una Visa temporal de EE.UU.. Un abogado puede ayudarle a navegar por el proceso de solicitud de Visa, a menudo complejo, asegur\u00e1ndose de que presenta toda la documentaci\u00f3n e informaci\u00f3n requeridas. Un abogado tambi\u00e9n puede representarle en caso de una entrevista o audiencia de inmigraci\u00f3n, proporcion\u00e1ndole orientaci\u00f3n y defensa en su nombre.<\/p>\n<p>Adem\u00e1s, un abogado de inmigraci\u00f3n puede ofrecerle informaci\u00f3n valiosa sobre qu\u00e9 tipo de Visa puede ser la m\u00e1s adecuada para su situaci\u00f3n y necesidades particulares. Existen varios tipos de Visa temporales para Estados Unidos, cada una con sus propios requisitos y restricciones. La Abogada Kate puede ayudarle a elegir la categor\u00eda de Visa adecuada y aumentar sus posibilidades de obtener una Visa.<\/p>\n<\/div><\/div><\/div><\/div><\/div>\n","protected":false},"excerpt":{"rendered":"","protected":false},"author":6,"featured_media":0,"parent":906,"menu_order":0,"comment_status":"closed","ping_status":"closed","template":"100-width.php","meta":{"_analytify_skip_tracking":false,"footnotes":""},"class_list":["post-993","page","type-page","status-publish","hentry"],"_links":{"self":[{"href":"https:\/\/www.abogadakate.com\/es\/wp-json\/wp\/v2\/pages\/993","targetHints":{"allow":["GET"]}}],"collection":[{"href":"https:\/\/www.abogadakate.com\/es\/wp-json\/wp\/v2\/pages"}],"about":[{"href":"https:\/\/www.abogadakate.com\/es\/wp-json\/wp\/v2\/types\/page"}],"author":[{"embeddable":true,"href":"https:\/\/www.abogadakate.com\/es\/wp-json\/wp\/v2\/users\/6"}],"replies":[{"embeddable":true,"href":"https:\/\/www.abogadakate.com\/es\/wp-json\/wp\/v2\/comments?post=993"}],"version-history":[{"count":0,"href":"https:\/\/www.abogadakate.com\/es\/wp-json\/wp\/v2\/pages\/993\/revisions"}],"up":[{"embeddable":true,"href":"https:\/\/www.abogadakate.com\/es\/wp-json\/wp\/v2\/pages\/906"}],"wp:attachment":[{"href":"https:\/\/www.abogadakate.com\/es\/wp-json\/wp\/v2\/media?parent=993"}],"curies":[{"name":"wp","href":"https:\/\/api.w.org\/{rel}","templated":true}]}}