{"id":963,"date":"2024-07-10T20:43:38","date_gmt":"2024-07-10T20:43:38","guid":{"rendered":"https:\/\/www.abogadakate.com\/?page_id=963"},"modified":"2024-08-01T19:41:32","modified_gmt":"2024-08-01T19:41:32","slug":"apelaciones","status":"publish","type":"page","link":"https:\/\/www.abogadakate.com\/es\/abogada-de-inmigracion-de-austin\/apelaciones\/","title":{"rendered":"Un Abogado De Apelaci\u00f3n De Inmigraci\u00f3n Ofrece Esperanza A Los Solicitantes"},"content":{"rendered":"<div class=\"fusion-fullwidth fullwidth-box fusion-builder-row-1 fusion-flex-container nonhundred-percent-fullwidth non-hundred-percent-height-scrolling\" style=\"--awb-border-radius-top-left:0px;--awb-border-radius-top-right:0px;--awb-border-radius-bottom-right:0px;--awb-border-radius-bottom-left:0px;--awb-flex-wrap:wrap;\" ><div class=\"fusion-builder-row fusion-row fusion-flex-align-items-flex-start fusion-flex-content-wrap\" style=\"max-width:1664px;margin-left: calc(-4% \/ 2 );margin-right: calc(-4% \/ 2 );\"><div class=\"fusion-layout-column fusion_builder_column fusion-builder-column-0 fusion_builder_column_1_1 1_1 fusion-flex-column\" style=\"--awb-bg-size:cover;--awb-width-large:100%;--awb-margin-top-large:0px;--awb-spacing-right-large:1.92%;--awb-margin-bottom-large:20px;--awb-spacing-left-large:1.92%;--awb-width-medium:100%;--awb-order-medium:0;--awb-spacing-right-medium:1.92%;--awb-spacing-left-medium:1.92%;--awb-width-small:100%;--awb-order-small:0;--awb-spacing-right-small:1.92%;--awb-spacing-left-small:1.92%;\" data-scroll-devices=\"small-visibility,medium-visibility,large-visibility\"><div class=\"fusion-column-wrapper fusion-column-has-shadow fusion-flex-justify-content-flex-start fusion-content-layout-column\"><div class=\"fusion-text fusion-text-1\" style=\"--awb-content-alignment:center;--awb-text-transform:none;\"><h1>Un Abogado De Apelaci\u00f3n De Inmigraci\u00f3n Ofrece Esperanza A Los Solicitantes<\/h1>\n<\/div><div class=\"fusion-separator fusion-full-width-sep\" style=\"align-self: center;margin-left: auto;margin-right: auto;margin-top:10px;margin-bottom:20px;width:100%;\"><div class=\"fusion-separator-border sep-single sep-solid\" style=\"--awb-height:20px;--awb-amount:20px;--awb-sep-color:#000000;border-color:#000000;border-top-width:1px;\"><\/div><\/div><div class=\"fusion-text fusion-text-2\" style=\"--awb-text-transform:none;\"><p><span style=\"font-weight: 400;\">El camino hacia la construcci\u00f3n de una vida en Estados Unidos puede ser estimulante, lleno de ilusi\u00f3n por un futuro mejor. Sin embargo, el proceso de inmigraci\u00f3n puede dar giros inesperados. Uno de ellos es recibir una decisi\u00f3n del USCIS que no se alinea con sus esperanzas. <\/span><\/p>\n<p><span style=\"font-weight: 400;\">Antes de que te asalte el temor a una orden de expulsi\u00f3n, es esencial que conozca todas sus opciones. Aunque una apelaci\u00f3n pueda parecer el \u00fanico curso de acci\u00f3n, puede haber esperanza con tu solicitud si el USCIS solo env\u00eda una Solicitud de Pruebas (RFE). <\/span><\/p>\n<p><span style=\"font-weight: 400;\">Esta gu\u00eda le guiar\u00e1 a trav\u00e9s de ambos escenarios, explic\u00e1ndole lo que implica una RFE y capacit\u00e1ndole para responder con eficacia. Tambi\u00e9n profundizar\u00e1 en el proceso de apelaci\u00f3n, proporcion\u00e1ndole los conocimientos necesarios para tomar decisiones con conocimiento de causa. Con la ayuda de un <a href=\"https:\/\/www.abogadakate.com\/es\/abogada-de-inmigracion-de-austin\/\">abogado de apelaci\u00f3n de inmigraci\u00f3n<\/a> de la Abogada Kate, usted podr\u00e1 continuar su camino hacia una inmigraci\u00f3n exitosa. <\/span><\/p>\n<p><img decoding=\"async\" class=\"alignnone size-full wp-image-1585\" src=\"https:\/\/www.abogadakate.com\/wp-content\/uploads\/2024\/07\/un-abogado-de-apelacion-de-inmigracion-puede-ayudarle-con-la-solicitud-de-pruebas.jpg\" alt=\"Un Abogado De Apelaci\u00f3n De Inmigraci\u00f3n Puede Ayudarle Con La Solicitud De Pruebas\" width=\"100%\" height=\"800\" srcset=\"https:\/\/www.abogadakate.com\/wp-content\/uploads\/2024\/07\/un-abogado-de-apelacion-de-inmigracion-puede-ayudarle-con-la-solicitud-de-pruebas-200x133.jpg 200w, https:\/\/www.abogadakate.com\/wp-content\/uploads\/2024\/07\/un-abogado-de-apelacion-de-inmigracion-puede-ayudarle-con-la-solicitud-de-pruebas-300x200.jpg 300w, https:\/\/www.abogadakate.com\/wp-content\/uploads\/2024\/07\/un-abogado-de-apelacion-de-inmigracion-puede-ayudarle-con-la-solicitud-de-pruebas-400x267.jpg 400w, https:\/\/www.abogadakate.com\/wp-content\/uploads\/2024\/07\/un-abogado-de-apelacion-de-inmigracion-puede-ayudarle-con-la-solicitud-de-pruebas-600x400.jpg 600w, https:\/\/www.abogadakate.com\/wp-content\/uploads\/2024\/07\/un-abogado-de-apelacion-de-inmigracion-puede-ayudarle-con-la-solicitud-de-pruebas-768x512.jpg 768w, https:\/\/www.abogadakate.com\/wp-content\/uploads\/2024\/07\/un-abogado-de-apelacion-de-inmigracion-puede-ayudarle-con-la-solicitud-de-pruebas-800x533.jpg 800w, https:\/\/www.abogadakate.com\/wp-content\/uploads\/2024\/07\/un-abogado-de-apelacion-de-inmigracion-puede-ayudarle-con-la-solicitud-de-pruebas-1024x683.jpg 1024w, https:\/\/www.abogadakate.com\/wp-content\/uploads\/2024\/07\/un-abogado-de-apelacion-de-inmigracion-puede-ayudarle-con-la-solicitud-de-pruebas.jpg 1200w\" sizes=\"(max-width: 1200px) 100vw, 1200px\" \/><\/p>\n<h2>\u00bfQu\u00e9 Ocurre Cuando Recibe Una Solicitud De Pruebas (RFE)?<\/h2>\n<p><span style=\"font-weight: 400;\">La b\u00fasqueda de una vida en Estados Unidos es un camino trillado, pero que de vez en cuando puede encontrar desv\u00edos inesperados, como una Solicitud de Pruebas (RFE). Aunque recibirla puede ser motivo de preocupaci\u00f3n, es crucial comprender que no se trata de una negaci\u00f3n, sino de una oportunidad para reforzar su solicitud. <\/span><\/p>\n<p><span style=\"font-weight: 400;\">El USCIS env\u00eda una RFE si se requiere informaci\u00f3n adicional sobre su petici\u00f3n. Esto puede deberse a documentaci\u00f3n que falta, pruebas insuficientes de elegibilidad o incoherencias en su solicitud. La solicitud describe claramente la informaci\u00f3n espec\u00edfica que necesita el USCIS, lo que le permite subsanar las deficiencias y reforzar tu caso. Si responde a ella con prontitud y minuciosidad, se asegurar\u00e1 de que su viaje de inmigraci\u00f3n contin\u00fae sin contratiempos. <\/span><\/p>\n<h2>\u00bfCu\u00e1les Son Los Motivos Por Los Que El USCIS Env\u00eda Una RFE?<\/h2>\n<p><span style=\"font-weight: 400;\">El USCIS emite RFE por varios motivos, y entenderlos puede ayudarle a sortear la situaci\u00f3n con eficacia. Desglosa los motivos m\u00e1s comunes de la solicitud para elaborar una respuesta contundente y asegurarle de que su viaje de inmigraci\u00f3n siga por buen camino. <\/span><\/p>\n<h3>Documentos Que Faltan O Est\u00e1n Incompletos<\/h3>\n<p><span style=\"font-weight: 400;\">El USCIS tiene requisitos espec\u00edficos en materia de documentos para cada tipo de solicitud de inmigraci\u00f3n. Si se olvida de incluir alg\u00fan documento esencial en la lista de control, es probable que reciba una RFE. Ejemplos de documentos que faltan podr\u00edan ser certificados de nacimiento, certificados de matrimonio, pruebas de apoyo econ\u00f3mico o documentos fiscales espec\u00edficos. <\/span><\/p>\n<p><span style=\"font-weight: 400;\">Adem\u00e1s, dejar secciones en blanco, proporcionar informaci\u00f3n incompleta o cometer errores al llenar los formularios puede desencadenar una RFE. Compruebe dos veces todos los formularios para ver si faltan datos, hay errores tipogr\u00e1ficos o incoherencias. Preste mucha atenci\u00f3n a las instrucciones y utiliza un lenguaje claro y conciso. <\/span><\/p>\n<h3>Sin Prueba De Capacidad Financiera<\/h3>\n<p><span style=\"font-weight: 400;\">El USCIS quiere asegurarse de que no es probable que los inmigrantes patrocinados se conviertan en una carga p\u00fablica o un lastre para el sistema de asistencia social estadounidense. Al exigir a tu patrocinador una prueba de ingresos suficientes, pretenden establecer su capacidad para mantenerte econ\u00f3micamente sin depender de la ayuda del Gobierno. <\/span><\/p>\n<p><span style=\"font-weight: 400;\">Los ingresos de su patrocinador deben ser al menos el 125% del nivel federal de pobreza para el tama\u00f1o de tu unidad familiar. Si los ingresos de su patrocinador est\u00e1n por debajo de este umbral, es probable que reciba una RFE. Sin embargo, en los casos en que ganen lo suficiente, las declaraciones de la renta, los talones de pago u otros documentos de comprobaci\u00f3n de ingresos poco claros o incompletos tambi\u00e9n pueden dar lugar a una solicitud. <\/span><\/p>\n<h3>Sin Prueba De Entrada Legal<\/h3>\n<p><span style=\"font-weight: 400;\">Un requisito fundamental para la mayor\u00eda de las prestaciones de inmigraci\u00f3n es la entrada legal en Estados Unidos. Sin documentos suficientes que lo demuestren, USCIS no puede estar seguro de su situaci\u00f3n migratoria y puede enviar una RFE. Pueden solicitar copias de su pasaporte sellado en EE.UU., del formulario de <a href=\"https:\/\/www.cbp.gov\/\" target=\"_blank\" rel=\"noopener\">Aduanas y Protecci\u00f3n de Fronteras (CBP)<\/a> o de su Formulario I-94. <\/span><\/p>\n<h3>Traducci\u00f3n De Documentos Que Faltan<\/h3>\n<p><span style=\"font-weight: 400;\">USCIS tramita las solicitudes en ingl\u00e9s. Si un documento que respalda su solicitud est\u00e1 en un idioma extranjero, debe ir acompa\u00f1ado de una traducci\u00f3n jurada para garantizar su exactitud y comprensi\u00f3n. Esto ayuda a la agencia a tomar decisiones informadas basadas en la imagen completa que proporcionan todos sus documentos. <\/span><\/p>\n<p><span style=\"font-weight: 400;\">Aunque una Solicitud de Pruebas (RFE) es un obst\u00e1culo habitual durante el proceso de inmigraci\u00f3n, no es el \u00fanico posible obst\u00e1culo. En algunos casos, el USCIS puede emitir una notificaci\u00f3n de denegaci\u00f3n. Esto puede deberse a varias razones, como la inelegibilidad para la prestaci\u00f3n espec\u00edfica solicitada, incoherencias o inexactitudes en la solicitud, o problemas de seguridad. <\/span><\/p>\n<p><span style=\"font-weight: 400;\">Recibir una negaci\u00f3n puede ser descorazonador, pero no es necesariamente el final del camino. Dependiendo del motivo, podr\u00edas considerar v\u00edas de inmigraci\u00f3n alternativas con la orientaci\u00f3n de un abogado de inmigraci\u00f3n. <\/span><\/p>\n<h2>\u00bfQu\u00e9 Ocurre Cuando Recibe Una Negaci\u00f3n?<\/h2>\n<p><span style=\"font-weight: 400;\">La negaci\u00f3n de su solicitud no tiene por qu\u00e9 ser el final de su viaje. Explore sus opciones de apelaci\u00f3n y elabore una estrategia para avanzar con \u00e9xito. <\/span><\/p>\n<h3>Oficina De Apelaciones Administrativos<\/h3>\n<p><span style=\"font-weight: 400;\">La Oficina Administrativa de Apelaciones (AAO) act\u00faa como revisora de determinadas solicitudes y peticiones denegadas dentro del sistema de inmigraci\u00f3n estadounidense. Si recibe una decisi\u00f3n desfavorable del USCIS, puede impugnarla presentando una notificaci\u00f3n de apelaci\u00f3n ante la AAO. <\/span><\/p>\n<p><span style=\"font-weight: 400;\">Aunque no todas las negaciones pueden recurrirse ante la AAO, \u00e9sta se ocupa de una amplia gama de prestaciones de inmigraci\u00f3n, incluidas las Visas de Trabajo, las peticiones de prometido(a) y el Estatus de Protecci\u00f3n Temporal (TPS). Es crucial que consulte con su abogado de apelaci\u00f3n de inmigraci\u00f3n para comprender sus opciones. <\/span><\/p>\n<h3>Junta De Apelaciones De Inmigraci\u00f3n<\/h3>\n<p><span style=\"font-weight: 400;\">La Junta de Apelaciones de Inmigraci\u00f3n (BIA) es la \u00faltima instancia del proceso administrativo para impugnar decisiones de inmigraci\u00f3n. A diferencia de la AAO, que se ocupa de las negaciones del USCIS, la BIA revisa las apelaciones contra las resoluciones de los jueces de inmigraci\u00f3n. Usted tiene un plazo estricto de 30 d\u00edas a partir de la decisi\u00f3n del juez para presentar su apelaci\u00f3n. <\/span><\/p>\n<p><span style=\"font-weight: 400;\">Una apelaci\u00f3n ante la BIA depende de que se presenten nuevas pruebas o se demuestre un cambio de circunstancias. \u00c9stos son algunos de los motivos m\u00e1s comunes para presentar una apelaci\u00f3n<\/span><span style=\"font-weight: 400;\">: <\/span><\/p>\n<ul>\n<li style=\"font-weight: 400;\" aria-level=\"1\"><span style=\"font-weight: 400;\">Pruebas reci\u00e9n descubiertas.<\/span><\/li>\n<li style=\"font-weight: 400;\" aria-level=\"1\"><span style=\"font-weight: 400;\">Cambio de circunstancias.<\/span><\/li>\n<li style=\"font-weight: 400;\" aria-level=\"1\"><span style=\"font-weight: 400;\">Error jur\u00eddico.<\/span><\/li>\n<li style=\"font-weight: 400;\" aria-level=\"1\"><span style=\"font-weight: 400;\">Constataci\u00f3n f\u00e1ctica err\u00f3nea.<\/span><\/li>\n<\/ul>\n<p><span style=\"font-weight: 400;\">La BIA puede confirmar, anular o devolver la decisi\u00f3n del tribunal de inmigraci\u00f3n. Si no est\u00e1 satisfecho con el veredicto, puede que tenga que considerar la posibilidad de apelar ante un tribunal federal. <\/span><\/p>\n<h2>\u00bfQu\u00e9 Hacer Si La BIA Niega Su Apelaci\u00f3n?<\/h2>\n<p><span style=\"font-weight: 400;\">La negaci\u00f3n por la BIA de su apelaci\u00f3n de inmigraci\u00f3n no es una derrota autom\u00e1tica. Todav\u00eda tiene opciones legales para luchar por su caso. Aqu\u00ed tiene un punto de partida sobre lo que puede hacer. <\/span><\/p>\n<h3>Apelaciones Federales<\/h3>\n<p><span style=\"font-weight: 400;\">Si la BIA rechaza su apelaci\u00f3n de inmigraci\u00f3n, no pierda la esperanza. Es posible que a\u00fan pueda luchar por su caso ante un tribunal federal. Este proceso, denominado petici\u00f3n de revisi\u00f3n, impugna la decisi\u00f3n de la BIA ante el Tribunal de Apelaci\u00f3n, que tiene jurisdicci\u00f3n sobre tu caso. Normalmente tiene solo 30 d\u00edas desde la decisi\u00f3n de la BIA para presentar su petici\u00f3n. <\/span><\/p>\n<p><span style=\"font-weight: 400;\">Consultar a un abogado de apelaci\u00f3n de inmigraci\u00f3n es esencial para sortear las complejidades y mejorar sus posibilidades de \u00e9xito. Pueden ayudarle a identificar errores legales en la resoluci\u00f3n de la BIA y a elaborar un caso convincente para que lo revise el tribunal federal. <\/span><\/p>\n<h3>Corte Suprema<\/h3>\n<p><span style=\"font-weight: 400;\">En raras ocasiones, los inmigrantes pueden solicitar a la Corte Suprema de EE.UU. una revisi\u00f3n. Se trata de un proceso complejo con escasas posibilidades de \u00e9xito. Sin embargo, es posible si la decisi\u00f3n de la BIA implica una cuesti\u00f3n importante de derecho federal o viola sus derechos constitucionales. <\/span><\/p>\n<p><span style=\"font-weight: 400;\">Para convencer a la Corte Suprema de que vea su caso, necesitar\u00e1 argumentos legales s\u00f3lidos que demuestren la importancia nacional de la cuesti\u00f3n. Podr\u00eda tratarse de un conflicto entre decisiones de tribunales inferiores sobre la ley de inmigraci\u00f3n o la interpretaci\u00f3n de la BIA, que podr\u00eda perjudicar a un gran grupo de inmigrantes. <\/span><\/p>\n<h2>\u00bfC\u00f3mo Puede Ayudar Un Abogado De Apelaci\u00f3n De Inmigraci\u00f3n De La Abogada Kate?<\/h2>\n<p><img decoding=\"async\" class=\"size-full wp-image-1587 alignright\" src=\"https:\/\/www.abogadakate.com\/wp-content\/uploads\/2024\/07\/encuentre-asesoria-legal-con-un-abogado-de-apelacion-de-inmigracion-en-texas.jpg\" alt=\"Encuentre Asesor\u00eda Legal Con Un Abogado De Apelaci\u00f3n De Inmigraci\u00f3n En Texas\" width=\"300\" height=\"200\" \/><\/p>\n<p><span style=\"font-weight: 400;\">El camino hacia la ciudadan\u00eda estadounidense puede estar plagado de complejidades. Las Solicitudes de Pruebas (RFE) y las apelaciones de solicitudes negadas son obst\u00e1culos a los que se enfrentan muchos inmigrantes. La <a href=\"https:\/\/www.abogadakate.com\/es\/\">Nuestros abogados de inmigraci\u00f3n<\/a> puede ser su gu\u00eda a trav\u00e9s de estos retos. Nuestro equipo puede revisar meticulosamente la RFE, identificar los elementos que faltan y asegurarse de que presentas las pruebas necesarias para reforzar su caso. Tambi\u00e9n podemos elaborar respuestas convincentes que aborden las preocupaciones del USCIS. <\/span><\/p>\n<p><span style=\"font-weight: 400;\">En los casos de negaci\u00f3n de una solicitud, puede ser posible recurrir. Nuestro abogado de inmigraci\u00f3n puede analizar la notificaci\u00f3n de negaci\u00f3n, se\u00f1alar el razonamiento que la sustenta y evaluar la viabilidad de una apelaci\u00f3n. A continuaci\u00f3n, podemos construir un caso s\u00f3lido, reunir pruebas de apoyo y representarle durante todo el proceso, garantizando el cumplimiento de los plazos y los procedimientos legales adecuados. <\/span><\/p>\n<p><span style=\"font-weight: 400;\">La Abogada Kate comprende la carga emocional que puede suponer el proceso de inmigraci\u00f3n y le ofrece orientaci\u00f3n y apoyo a lo largo de todo el camino. Ofrecemos unos conocimientos y una representaci\u00f3n inestimables, que pueden aliviar considerablemente su miedo al procedimiento de expulsi\u00f3n y aumentar sus posibilidades de obtener un resultado satisfactorio. <\/span><\/p>\n<h2>Resumen<\/h2>\n<p><span style=\"font-weight: 400;\">El camino hacia la construcci\u00f3n de una vida en Estados Unidos puede estar lleno de giros inesperados. Uno de esos desv\u00edos es una Solicitud de Pruebas (RFE) del USCIS. No es una denegaci\u00f3n, sino una petici\u00f3n de informaci\u00f3n adicional para reforzar su solicitud. Un abogado de apelaci\u00f3n de inmigraci\u00f3n puede ayudarle a sortearlo identificando los elementos que faltan y asegur\u00e1ndose de que responda r\u00e1pidamente con los documentos necesarios. <\/span><\/p>\n<p><span style=\"font-weight: 400;\">En los casos en que las solicitudes desemboquen en una negaci\u00f3n, no pierdas la esperanza porque existen distintas opciones de apelaci\u00f3n. Puedes presentar una petici\u00f3n a la Oficina Administrativa de Apelaciones (AAO) o a la Junta de Apelaciones de Inmigraci\u00f3n (BIA), dependiendo de su circunstancia. Si la BIA niega su apelaci\u00f3n, puede plantearse una petici\u00f3n de revisi\u00f3n ante el Tribunal Federal y, en raras ocasiones, podr\u00eda incluso presentar una petici\u00f3n ante el Tribunal Supremo. <\/span><\/p>\n<p><span style=\"font-weight: 400;\">No importa en qu\u00e9 fase del proceso de inmigraci\u00f3n se encuentre, un abogado de inmigraci\u00f3n puede ser su gu\u00eda. Abogada Kate puede aumentar significativamente sus posibilidades de \u00e9xito, ya sea abordando una RFE o navegando por las complejidades de una apelaci\u00f3n. <\/span><\/p>\n<\/div><\/div><\/div><\/div><\/div>\n","protected":false},"excerpt":{"rendered":"","protected":false},"author":6,"featured_media":0,"parent":906,"menu_order":0,"comment_status":"closed","ping_status":"closed","template":"100-width.php","meta":{"_analytify_skip_tracking":false,"footnotes":""},"class_list":["post-963","page","type-page","status-publish","hentry"],"_links":{"self":[{"href":"https:\/\/www.abogadakate.com\/es\/wp-json\/wp\/v2\/pages\/963","targetHints":{"allow":["GET"]}}],"collection":[{"href":"https:\/\/www.abogadakate.com\/es\/wp-json\/wp\/v2\/pages"}],"about":[{"href":"https:\/\/www.abogadakate.com\/es\/wp-json\/wp\/v2\/types\/page"}],"author":[{"embeddable":true,"href":"https:\/\/www.abogadakate.com\/es\/wp-json\/wp\/v2\/users\/6"}],"replies":[{"embeddable":true,"href":"https:\/\/www.abogadakate.com\/es\/wp-json\/wp\/v2\/comments?post=963"}],"version-history":[{"count":0,"href":"https:\/\/www.abogadakate.com\/es\/wp-json\/wp\/v2\/pages\/963\/revisions"}],"up":[{"embeddable":true,"href":"https:\/\/www.abogadakate.com\/es\/wp-json\/wp\/v2\/pages\/906"}],"wp:attachment":[{"href":"https:\/\/www.abogadakate.com\/es\/wp-json\/wp\/v2\/media?parent=963"}],"curies":[{"name":"wp","href":"https:\/\/api.w.org\/{rel}","templated":true}]}}