{"id":955,"date":"2024-07-11T19:25:42","date_gmt":"2024-07-11T19:25:42","guid":{"rendered":"https:\/\/www.abogadakate.com\/?page_id=955"},"modified":"2024-07-24T21:32:40","modified_gmt":"2024-07-24T21:32:40","slug":"retrasos-solicitud-naturalizacion","status":"publish","type":"page","link":"https:\/\/www.abogadakate.com\/es\/abogada-de-inmigracion-de-austin\/servicio-de-inmigracion-y-naturalizacion\/retrasos-solicitud-naturalizacion\/","title":{"rendered":"Retrasos | Negaciones De Solicitudes De Naturalizaci\u00f3n"},"content":{"rendered":"<div class=\"fusion-fullwidth fullwidth-box fusion-builder-row-1 fusion-flex-container nonhundred-percent-fullwidth non-hundred-percent-height-scrolling\" style=\"--awb-border-radius-top-left:0px;--awb-border-radius-top-right:0px;--awb-border-radius-bottom-right:0px;--awb-border-radius-bottom-left:0px;--awb-flex-wrap:wrap;\" ><div class=\"fusion-builder-row fusion-row fusion-flex-align-items-flex-start fusion-flex-content-wrap\" style=\"max-width:1664px;margin-left: calc(-4% \/ 2 );margin-right: calc(-4% \/ 2 );\"><div class=\"fusion-layout-column fusion_builder_column fusion-builder-column-0 fusion_builder_column_1_1 1_1 fusion-flex-column\" style=\"--awb-bg-size:cover;--awb-width-large:100%;--awb-margin-top-large:0px;--awb-spacing-right-large:1.92%;--awb-margin-bottom-large:20px;--awb-spacing-left-large:1.92%;--awb-width-medium:100%;--awb-order-medium:0;--awb-spacing-right-medium:1.92%;--awb-spacing-left-medium:1.92%;--awb-width-small:100%;--awb-order-small:0;--awb-spacing-right-small:1.92%;--awb-spacing-left-small:1.92%;\" data-scroll-devices=\"small-visibility,medium-visibility,large-visibility\"><div class=\"fusion-column-wrapper fusion-column-has-shadow fusion-flex-justify-content-flex-start fusion-content-layout-column\"><div class=\"fusion-text fusion-text-1\" style=\"--awb-content-alignment:center;--awb-text-transform:none;\"><h1>Retrasos Y Negaciones De Solicitudes De Ciudadan\u00eda Estadounidense | Naturalizaci\u00f3n<\/h1>\n<\/div><div class=\"fusion-separator fusion-full-width-sep\" style=\"align-self: center;margin-left: auto;margin-right: auto;margin-top:10px;margin-bottom:20px;width:100%;\"><div class=\"fusion-separator-border sep-single sep-solid\" style=\"--awb-height:20px;--awb-amount:20px;--awb-sep-color:#000000;border-color:#000000;border-top-width:1px;\"><\/div><\/div><div class=\"fusion-text fusion-text-2\" style=\"--awb-text-transform:none;\"><h2>N-336 Solicitud De Audiencia Sobre Una Decisi\u00f3n En Un Proceso De Naturalizaci\u00f3n<\/h2>\n<p>Si su solicitud de ciudadan\u00eda es negada por un examinador del\u00a0<a href=\"https:\/\/www.uscis.gov\/es\" target=\"_blank\" rel=\"noopener noreferrer\" data-uw-rm-brl=\"PR\" data-uw-original-href=\"https:\/\/www.uscis.gov\/es\" aria-label=\"Servicio de Ciudadan\u00eda e Inmigraci\u00f3n de los Estados Unidos - abrir en una nueva pesta\u00f1a\" data-uw-rm-ext-link=\"\" data-uw-original->Servicio de Ciudadan\u00eda e Inmigraci\u00f3n de los Estados Unidos<\/a>\u00a0(United States Citizenship and Immigration Services \u2013 USCIS), puede pedir una audiencia ante un nuevo funcionario de inmigraci\u00f3n. El nuevo funcionario de inmigraci\u00f3n revisar\u00e1 su solicitud de ciudadan\u00eda y realizar\u00e1 otro examen, que puede incluir una nueva prueba de su capacidad de ingl\u00e9s y un nuevo examen de civismo. El nuevo funcionario de inmigraci\u00f3n puede confirmar la decisi\u00f3n original de denegar su solicitud, o volver a determinar la decisi\u00f3n original, en su totalidad o en parte.<\/p>\n<p><img decoding=\"async\" class=\"size-full wp-image-42320 alignleft\" style=\"font-size: 16px;\" src=\"https:\/\/www.abogadakate.com\/wp-content\/uploads\/2024\/07\/obtain-us-naturalization-and-start-your-case-safely-and-confidentially.jpg\" alt=\"Obtain U.S. Naturalization And Start Your Case Safely And Confidentially\" width=\"300\" height=\"198\" \/><\/p>\n<p data-uw-rm-sr=\"\">Debe presentar una solicitud de revisi\u00f3n administrativa en un plazo de 30 d\u00edas a partir de la fecha en que se le notifique la denegaci\u00f3n de su solicitud de ciudadan\u00eda. Para solicitar una revisi\u00f3n administrativa, debe presentar el formulario N-336, Solicitud de Audiencia sobre una Decisi\u00f3n en un Proceso de Naturalizaci\u00f3n, en la oficina local del\u00a0<a href=\"https:\/\/www.uscis.gov\/es\" target=\"_blank\" rel=\"noopener noreferrer\" data-uw-rm-brl=\"PR\" data-uw-original-href=\"https:\/\/www.uscis.gov\/es\" aria-label=\"USCIS - abrir en una nueva pesta\u00f1a\" data-uw-rm-ext-link=\"\" data-uw-original->USCIS<\/a>\u00a0que deneg\u00f3 su solicitud de ciudadan\u00eda. Debe incluir la tasa de presentaci\u00f3n con su solicitud. La tasa de presentaci\u00f3n actual es de $605 d\u00f3lares. Si su solicitud de revisi\u00f3n administrativa se presenta correctamente, el USCIS programar\u00e1 una audiencia de revisi\u00f3n en un plazo de 180 d\u00edas a partir de la fecha de presentaci\u00f3n de su solicitud.<\/p>\n<p>Puede presentar un informe y pruebas adicionales en apoyo de su solicitud N-336. Un buen informe debe resumir c\u00f3mo se aplican las normas de ciudadan\u00eda a los hechos de su caso y explicar por qu\u00e9 tiene derecho a la ciudadan\u00eda. Si usted cree que su solicitud de naturalizaci\u00f3n fue negada indebidamente y le gustar\u00eda hablar con un abogado de inmigraci\u00f3n de Austin sobre la presentaci\u00f3n de una apelaci\u00f3n N-336, por favor p\u00f3ngase en contacto con nosotros.<\/p>\n<h2>Revisi\u00f3n De La Corte Federal Del Distrito De La Negaci\u00f3n De La Solicitud De Ciudadan\u00eda Estadounidense<\/h2>\n<p>Si su solicitud de ciudadan\u00eda sigue siendo denegada despu\u00e9s de la revisi\u00f3n administrativa, puede pedir a una corte federal del distrito que revise su solicitud. Para solicitar la revisi\u00f3n judicial de su solicitud por parte de una corte federal del distrito, debe presentar una petici\u00f3n de revisi\u00f3n en la corte donde usted reside.<\/p>\n<p>La revisi\u00f3n judicial por parte de una corte federal del distrito de la denegaci\u00f3n de una solicitud de ciudadan\u00eda es de nuevo (desde el principio). La corte federal del distrito har\u00e1 sus propias verificaciones de los hechos respecto a su solicitud de ciudadan\u00eda y sacar\u00e1 sus propias conclusiones de la ley. Si lo solicita, la corte tambi\u00e9n celebrar\u00e1 una audiencia sobre la revisi\u00f3n de su solicitud de ciudadan\u00eda.<\/p>\n<p>La normativa exige que presente la petici\u00f3n de revisi\u00f3n dentro de los 120 d\u00edas siguientes a la denegaci\u00f3n administrativa definitiva de su solicitud de ciudadan\u00eda. Sin embargo, el D\u00e9cimo Circuito (Oklahoma, Kansas, Nuevo M\u00e9xico, Colorado, Wyoming y Utah) ha aplicado un plazo de prescripci\u00f3n de seis a\u00f1os a una petici\u00f3n de revisi\u00f3n.<\/p>\n<h2>Demandas Mandamus Por Retrasos En La Resoluci\u00f3n De Solicitudes De Ciudadan\u00eda Estadounidense<\/h2>\n<p>En un peque\u00f1o porcentaje de casos, el\u00a0<a href=\"https:\/\/www.uscis.gov\/es\" target=\"_blank\" rel=\"noopener noreferrer\" data-uw-rm-brl=\"PR\" data-uw-original-href=\"https:\/\/www.uscis.gov\/es\" aria-label=\"USCIS - abrir en una nueva pesta\u00f1a\" data-uw-rm-ext-link=\"\" data-uw-original->USCIS<\/a> est\u00e1 retrasando en a\u00f1os la concesi\u00f3n o denegaci\u00f3n de las solicitudes de ciudadan\u00eda, o la programaci\u00f3n de una entrevista inicial para un caso de ciudadan\u00eda. Si se encuentra en esta situaci\u00f3n, puede presentar una petici\u00f3n Mandamus ante una corte federal del distrito. Al presentar \u00e9sta petici\u00f3n, usted pide al tribunal que ordene al USCIS que tome una decisi\u00f3n sobre su solicitud de ciudadan\u00eda. No est\u00e1 pidiendo la corte que apruebe o rechace su solicitud.<\/p>\n<p>La demanda mandamus debe presentarse ante la corte federal del distrito que tenga jurisdicci\u00f3n sobre el director de la oficina local del USCIS que se haya negado a dar curso a la solicitud. La corte puede conceder o denegar su solicitud de naturalizaci\u00f3n, o puede devolver su caso al USCIS con instrucciones para tomar una decisi\u00f3n sobre su solicitud.<\/p>\n<p><img decoding=\"async\" class=\"size-full wp-image-42322 alignright\" src=\"https:\/\/www.abogadakate.com\/wp-content\/uploads\/2024\/07\/reunite-with-family-members-through-the-us-naturalization-process.jpg\" alt=\"Reunite With Family Members Through The U.S. Naturalization Process\" width=\"300\" height=\"200\" \/>El USCIS culpa del retraso al proceso de comprobaci\u00f3n de nombres del FBI. Independientemente de qui\u00e9n sea el culpable, la mayor\u00eda de las comprobaciones de nombres del FBI se completan en seis meses, y ninguna comprobaci\u00f3n de nombres deber\u00eda prolongarse durante a\u00f1os y a\u00f1os.\u00a0<a href=\"https:\/\/www.uscis.gov\/es\/leyes-y-politicas\/legislacion\/ley-de-inmigracion-y-nacionalidad#:~:text=La%20Ley%20de%20Inmigraci%C3%B3n%20y,ingl%C3%A9s)%20fue%20promulgada%20en%201952.&amp;text=El%20C%C3%B3digo%20de%20Estados%20Unidos%20es%20una%20recopilaci%C3%B3n%20de%20todas,a%20%E2%80%9CExtranjeros%20y%20Nacionalidad%E2%80%9D.\" target=\"_blank\" rel=\"noopener noreferrer\" data-uw-rm-brl=\"PR\" data-uw-original-href=\"https:\/\/www.uscis.gov\/es\/leyes-y-politicas\/legislacion\/ley-de-inmigracion-y-nacionalidad#:~:text=La%20Ley%20de%20Inmigraci%C3%B3n%20y,ingl%C3%A9s)%20fue%20promulgada%20en%201952.&amp;text=El%20C%C3%B3digo%20de%20Estados%20Unidos%20es%20una%20recopilaci%C3%B3n%20de%20todas,a%20%E2%80%9CExtranjeros%20y%20Nacionalidad%E2%80%9D.\" aria-label=\"La Ley de Inmigraci\u00f3n y Nacionalidad - abrir en una nueva pesta\u00f1a\" data-uw-rm-ext-link=\"\" data-uw-original->La Ley de Inmigraci\u00f3n y Nacionalidad<\/a>\u00a0exige que el USCIS conceda o deniegue su solicitud de ciudadan\u00eda en un plazo de 120 d\u00edas desde la entrevista de naturalizaci\u00f3n. Al igual que las cortes de todo el pa\u00eds, el Quinto Circuito (Texas, Luisiana, Mississippi) ha dictaminado que, independientemente de que la comprobaci\u00f3n del nombre por parte del FBI est\u00e9 completa o no, la ley exige que el USCIS tome una decisi\u00f3n en los 120 d\u00edas siguientes a la entrevista.<\/p>\n<p>Si han pasado m\u00e1s de 120 d\u00edas desde su entrevista de ciudadan\u00eda estadounidense y el USCIS no ha tomado una decisi\u00f3n sobre su solicitud o si cree que el USCIS est\u00e1 retrasando injustificadamente la programaci\u00f3n de su entrevista de ciudadan\u00eda, p\u00f3ngase en contacto con nosotros.<\/p>\n<\/div><\/div><\/div><\/div><\/div>\n","protected":false},"excerpt":{"rendered":"","protected":false},"author":6,"featured_media":0,"parent":949,"menu_order":0,"comment_status":"closed","ping_status":"closed","template":"100-width.php","meta":{"_analytify_skip_tracking":false,"footnotes":""},"class_list":["post-955","page","type-page","status-publish","hentry"],"_links":{"self":[{"href":"https:\/\/www.abogadakate.com\/es\/wp-json\/wp\/v2\/pages\/955","targetHints":{"allow":["GET"]}}],"collection":[{"href":"https:\/\/www.abogadakate.com\/es\/wp-json\/wp\/v2\/pages"}],"about":[{"href":"https:\/\/www.abogadakate.com\/es\/wp-json\/wp\/v2\/types\/page"}],"author":[{"embeddable":true,"href":"https:\/\/www.abogadakate.com\/es\/wp-json\/wp\/v2\/users\/6"}],"replies":[{"embeddable":true,"href":"https:\/\/www.abogadakate.com\/es\/wp-json\/wp\/v2\/comments?post=955"}],"version-history":[{"count":0,"href":"https:\/\/www.abogadakate.com\/es\/wp-json\/wp\/v2\/pages\/955\/revisions"}],"up":[{"embeddable":true,"href":"https:\/\/www.abogadakate.com\/es\/wp-json\/wp\/v2\/pages\/949"}],"wp:attachment":[{"href":"https:\/\/www.abogadakate.com\/es\/wp-json\/wp\/v2\/media?parent=955"}],"curies":[{"name":"wp","href":"https:\/\/api.w.org\/{rel}","templated":true}]}}