{"id":953,"date":"2024-07-11T19:01:55","date_gmt":"2024-07-11T19:01:55","guid":{"rendered":"https:\/\/www.abogadakate.com\/?page_id=953"},"modified":"2024-07-25T20:32:22","modified_gmt":"2024-07-25T20:32:22","slug":"proceso-de-naturalizacion","status":"publish","type":"page","link":"https:\/\/www.abogadakate.com\/es\/abogada-de-inmigracion-de-austin\/servicio-de-inmigracion-y-naturalizacion\/proceso-de-naturalizacion\/","title":{"rendered":"Proceso De Naturalizaci\u00f3n"},"content":{"rendered":"<div class=\"fusion-fullwidth fullwidth-box fusion-builder-row-1 fusion-flex-container nonhundred-percent-fullwidth non-hundred-percent-height-scrolling\" style=\"--awb-border-radius-top-left:0px;--awb-border-radius-top-right:0px;--awb-border-radius-bottom-right:0px;--awb-border-radius-bottom-left:0px;--awb-flex-wrap:wrap;\" ><div class=\"fusion-builder-row fusion-row fusion-flex-align-items-flex-start fusion-flex-content-wrap\" style=\"max-width:1664px;margin-left: calc(-4% \/ 2 );margin-right: calc(-4% \/ 2 );\"><div class=\"fusion-layout-column fusion_builder_column fusion-builder-column-0 fusion_builder_column_1_1 1_1 fusion-flex-column\" style=\"--awb-bg-size:cover;--awb-width-large:100%;--awb-margin-top-large:0px;--awb-spacing-right-large:1.92%;--awb-margin-bottom-large:20px;--awb-spacing-left-large:1.92%;--awb-width-medium:100%;--awb-order-medium:0;--awb-spacing-right-medium:1.92%;--awb-spacing-left-medium:1.92%;--awb-width-small:100%;--awb-order-small:0;--awb-spacing-right-small:1.92%;--awb-spacing-left-small:1.92%;\" data-scroll-devices=\"small-visibility,medium-visibility,large-visibility\"><div class=\"fusion-column-wrapper fusion-column-has-shadow fusion-flex-justify-content-flex-start fusion-content-layout-column\"><div class=\"fusion-text fusion-text-1\" style=\"--awb-content-alignment:center;--awb-text-transform:none;\"><h1>Obtener La Ciudadan\u00eda Americana \u2013 El Proceso De Naturalizaci\u00f3n<\/h1>\n<\/div><div class=\"fusion-separator fusion-full-width-sep\" style=\"align-self: center;margin-left: auto;margin-right: auto;margin-top:10px;margin-bottom:20px;width:100%;\"><div class=\"fusion-separator-border sep-single sep-solid\" style=\"--awb-height:20px;--awb-amount:20px;--awb-sep-color:#000000;border-color:#000000;border-top-width:1px;\"><\/div><\/div><div class=\"fusion-text fusion-text-2\" style=\"--awb-text-transform:none;\"><h2>Aplicar A La Ciudadan\u00eda Americana | Naturalizaci\u00f3n<\/h2>\n<p>Los residentes permanentes pueden aplicar para obtener la ciudadan\u00eda americana a trav\u00e9s de un proceso llamado naturalizaci\u00f3n. La naturalizaci\u00f3n es el \u00faltimo paso del proceso de inmigraci\u00f3n en Estados Unidos y suele ser la \u00faltima vez que el\u00a0<a href=\"https:\/\/www.uscis.gov\/es\" target=\"_blank\" rel=\"noopener noreferrer\" data-uw-rm-brl=\"PR\" data-uw-original-href=\"https:\/\/www.uscis.gov\/es\" aria-label=\"Servicio de Ciudadan\u00eda e Inmigraci\u00f3n de los Estados Unidos - abrir en una nueva pesta\u00f1a\" data-uw-rm-ext-link=\"\" data-uw-original->Servicio de Ciudadan\u00eda e Inmigraci\u00f3n de los Estados Unidos<\/a>\u00a0USCIS, revisa su expediente de inmigraci\u00f3n, no solo para ver si es elegible para la ciudadan\u00eda, sino tambi\u00e9n para asegurarse de que es elegible para permanecer en Estados Unidos.<\/p>\n<p>Los residentes permanentes deber\u00edan considerar seriamente la posibilidad de solicitar la Ciudadan\u00eda Estadounidense. La ciudadan\u00eda estadounidense otorga a una persona muchos derechos y privilegios, como el derecho a votar, la posibilidad de viajar libremente fuera de Estados Unidos durante largos periodos de tiempo y regresar, el derecho a solicitar puestos de trabajo especiales en el gobierno y la posibilidad de acceder a beneficios p\u00fablicos que no est\u00e1n disponibles para los no ciudadanos. Lo m\u00e1s importante es que los ciudadanos estadounidenses no pueden ser expulsados o deportados de Estados Unidos.<\/p>\n<p><img decoding=\"async\" class=\"size-full wp-image-42306 alignright\" src=\"https:\/\/www.abogadakate.com\/wp-content\/uploads\/2024\/07\/understand-the-naturalization-process-with-immigration-attorneys-specializing.jpg\" alt=\"Understand The Naturalization Process With Immigration Attorneys Specializing In This Process\" width=\"300\" height=\"200\" \/><\/p>\n<p><strong>ADVERTENCIA<\/strong><br role=\"presentation\" data-uw-rm-sr=\"\" \/>No siempre es buena idea que un residente permanente solicite la ciudadan\u00eda estadounidense. Cuando usted solicita la ciudadan\u00eda estadounidense, debe dar mucha informaci\u00f3n al gobierno. Parte de esta informaci\u00f3n podr\u00eda llevar al gobierno a iniciar un proceso de expulsi\u00f3n (<a href=\"https:\/\/www.abogadakate.com\/es\/removal-proceso-de-deportacion\/\" target=\"_blank\" rel=\"noopener noreferrer\" data-uw-rm-brl=\"PR\" data-uw-original-href=\"https:\/\/www.abogadakate.com\/es\/removal-proceso-de-deportacion\/\" aria-label=\"deportaci\u00f3n - abrir en una nueva pesta\u00f1a\" data-uw-rm-ext-link=\"\" data-uw-original->deportaci\u00f3n<\/a>) contra usted. Por ejemplo, cuando solicite la ciudadan\u00eda estadounidense, deber\u00e1 revelar informaci\u00f3n detallada sobre todos sus viajes fuera de Estados Unidos desde la fecha en que se convirti\u00f3 en residente permanente. Si estuvo fuera de Estados Unidos durante largos periodos de tiempo, puede haber abandonado su residencia permanente sin saberlo. Adem\u00e1s de la denegaci\u00f3n de su solicitud de ciudadan\u00eda, es posible que el gobierno argumente que ya no puede ser residente permanente. Otro caso en el que definitivamente no querr\u00e1 solicitar la ciudadan\u00eda estadounidense es si tiene antecedentes penales que lo hagan deportable de Estados Unidos. Siempre debe consultar con un abogado de inmigraci\u00f3n de Austin antes de aplicar para la ciudadan\u00eda.<\/p>\n<h2>Elegibilidad Para La Ciudadan\u00eda De Los Estados Unidos | Naturalizaci\u00f3n<\/h2>\n<p>En general, antes de solicitar la ciudadan\u00eda estadounidense, usted debe:<\/p>\n<ul>\n<li>Tener al menos 18 a\u00f1os;<\/li>\n<li>Haber residido de forma continuada en Estados Unidos como residente permanente durante al menos cinco a\u00f1os;<\/li>\n<li>Haber estado f\u00edsicamente presente en Estados Unidos durante al menos dos a\u00f1os y medio de los \u00faltimos cinco a\u00f1os; y<\/li>\n<li>Residir en el Estado o el distrito en el que se presentar\u00e1 su solicitud de ciudadan\u00eda durante al menos tres meses antes de presentarla.<\/li>\n<\/ul>\n<p>Cumplir con estos requisitos no significa que se le permitir\u00e1 convertirse en ciudadano estadounidense naturalizado. Tambi\u00e9n debe demostrar que tiene \u00abbuen car\u00e1cter moral\u00bb, aprobar el examen de alfabetizaci\u00f3n en ingl\u00e9s y el de educaci\u00f3n c\u00edvica, y prometer que est\u00e1 de acuerdo con los principios de la Constituci\u00f3n de los Estados Unidos prestando el Juramento de Lealtad.<\/p>\n<h3>Requisito De \u00bbBuen Car\u00e1cter Moral\u00bb Para La Ciudadan\u00eda Americana | Naturalizaci\u00f3n<\/h3>\n<p>Para convertirse en ciudadano estadounidense naturalizado, el gobierno debe comprobar que usted fue una persona de \u00abbuen car\u00e1cter moral\u00bb durante los cinco a\u00f1os anteriores a la solicitud de ciudadan\u00eda.<br role=\"presentation\" data-uw-rm-sr=\"\" \/><strong>Hay dos excepciones a esta regla:<\/strong><\/p>\n<ul>\n<li>Si fue condenado por un \u00abdelito con agravante\u00bb despu\u00e9s del 29 de noviembre de 1990, no se le permite demostrar que es una persona de \u00abbuen car\u00e1cter moral\u00bb, incluso si fue condenado antes de los cinco a\u00f1os anteriores a la fecha de su solicitud de ciudadan\u00eda.<\/li>\n<li>Muchos tipos de delitos se consideran \u00abdelitos graves\u00bb seg\u00fan la Ley de Inmigraci\u00f3n de Estados Unidos. Incluso algunos delitos menores de la ley estatal son delitos agravados seg\u00fan la Ley de Inmigraci\u00f3n de Estados Unidos. Si tiene alg\u00fan tipo de historial delictivo o ha tenido problemas con la polic\u00eda, debe consultar con un abogado de inmigraci\u00f3n de Austin antes de solicitar la ciudadan\u00eda estadounidense.<\/li>\n<li>Aunque no haya sido condenado por un delito con agravante, el gobierno puede examinar su vida antes de los cinco a\u00f1os si ello le ayuda a determinar si carece de \u00abbuen car\u00e1cter moral\u00bb.<\/li>\n<\/ul>\n<h2>Examen De Ciudadan\u00eda De Los Estados Unidos | Prueba De Naturalizaci\u00f3n<\/h2>\n<p>Para convertirse en ciudadano estadounidense naturalizado, debe demostrar una comprensi\u00f3n b\u00e1sica del ingl\u00e9s y aprobar un examen sobre la historia y el gobierno de los Estados Unidos. Si usted es f\u00edsicamente incapaz de cumplir, tiene una discapacidad de desarrollo o una discapacidad mental, puede estar exento tanto del examen de ingl\u00e9s como del examen de educaci\u00f3n c\u00edvica e historia de los Estados Unidos.<br role=\"presentation\" data-uw-rm-sr=\"\" \/>Si no aprueba el examen de ingl\u00e9s y de educaci\u00f3n c\u00edvica e historia de Estados Unidos en su primer intento, se le dar\u00e1 una segunda oportunidad para aprobar uno o ambos ex\u00e1menes en un plazo de 90 d\u00edas. Si no lo consigue la segunda vez, su solicitud de ciudadan\u00eda americana ser\u00e1 denegada.<\/p>\n<h3>Prueba De Ingl\u00e9s<\/h3>\n<p>Para cumplir el requisito de ingl\u00e9s, usted debe demostrar que puede \u00ableer y escribir frases sencillas de trabajo\u00bb.<br role=\"presentation\" data-uw-rm-sr=\"\" \/>El funcionario de inmigraci\u00f3n tambi\u00e9n se asegurar\u00e1 de que usted pueda hablar y entender el ingl\u00e9s. Algunos grupos de personas est\u00e1n exentos del requisito de ingl\u00e9s. Por ejemplo, si tiene cincuenta a\u00f1os o m\u00e1s y ha sido residente permanente durante m\u00e1s de veinte a\u00f1os, est\u00e1 exento. Si tiene m\u00e1s de cincuenta y cinco a\u00f1os y ha sido residente permanente durante m\u00e1s de quince a\u00f1os, tambi\u00e9n est\u00e1 exento.<\/p>\n<h3>Examen De C\u00edvica E Historia De Los Estados Unidos<\/h3>\n<p>Adem\u00e1s del requisito de ingl\u00e9s, usted debe demostrar \u00abun conocimiento y comprensi\u00f3n de los fundamentos de la historia, y de los principios y forma de gobierno, de los Estados Unidos\u00bb.<br role=\"presentation\" data-uw-rm-sr=\"\" \/>El funcionario de inmigraci\u00f3n examinar\u00e1 sus conocimientos de historia y gobierno de los Estados Unidos a partir de una lista est\u00e1ndar de 100 preguntas. Es probable que solo le hagan entre seis y diez preguntas, y debe acertar al menos seis para aprobar el examen. El\u00a0<a href=\"https:\/\/www.uscis.gov\/es\" target=\"_blank\" rel=\"noopener noreferrer\" data-uw-rm-brl=\"PR\" data-uw-original-href=\"https:\/\/www.uscis.gov\/es\" aria-label=\"USCIS - abrir en una nueva pesta\u00f1a\" data-uw-rm-ext-link=\"\" data-uw-original->USCIS<\/a>\u00a0ha puesto a disposici\u00f3n del p\u00fablico los materiales de estudio para el examen de naturalizaci\u00f3n, as\u00ed como las directrices de puntuaci\u00f3n para el examen de naturalizaci\u00f3n.<\/p>\n<p><img decoding=\"async\" class=\"size-full wp-image-42312 alignleft\" src=\"https:\/\/www.abogadakate.com\/wp-content\/uploads\/2024\/07\/with-the-right-legal-advice-secure-your-naturalization-process-in-the-us.jpg\" alt=\"With The Right Legal Advice, Secure Your Naturalization Process In The United States\" width=\"300\" height=\"200\" \/><\/p>\n<h2>Requisito De Cinco A\u00f1os De Residencia Continua Para La Ciudadan\u00eda Americana | Naturalizaci\u00f3n<\/h2>\n<p>Para convertirse en ciudadano estadounidense naturalizado, debe tener cinco a\u00f1os de residencia continua desde que se convirti\u00f3 en residente permanente.<br role=\"presentation\" data-uw-rm-sr=\"\" \/>Sus cinco a\u00f1os de residencia antes de la fecha de su solicitud de ciudadan\u00eda deben ser continuos. Las ausencias de menos de seis meses no rompen el requisito de residencia continua. Pero cualquier ausencia de Estados Unidos entre seis meses y un a\u00f1o crea la presunci\u00f3n de que ha violado el requisito de residencia continua. Puede superar esta presunci\u00f3n aportando pruebas de que no ten\u00eda intenci\u00f3n de abandonar su residencia en Estados Unidos durante su ausencia.<br role=\"presentation\" data-uw-rm-sr=\"\" \/>Si est\u00e1 fuera de Estados Unidos durante m\u00e1s de un a\u00f1o, habr\u00e1 incumplido el requisito de residencia continua. Por lo general, antes de poder optar a la ciudadan\u00eda estadounidense, tendr\u00e1 que haber cumplido cinco a\u00f1os de residencia ininterrumpida desde la fecha en que regres\u00f3 a Estados Unidos.<br role=\"presentation\" data-uw-rm-sr=\"\" \/>Si est\u00e1 fuera de Estados Unidos durante m\u00e1s de un a\u00f1o, se presume que ha abandonado su residencia permanente en Estados Unidos. Para evitar que esto ocurra, si sabe que va a estar ausente de Estados Unidos durante m\u00e1s de un a\u00f1o y quiere mantener su estatus de residente permanente, debe solicitar un Permiso de Re-ingreso antes de salir de Estados Unidos.<\/p>\n<\/div><\/div><\/div><\/div><\/div>\n","protected":false},"excerpt":{"rendered":"","protected":false},"author":6,"featured_media":0,"parent":949,"menu_order":0,"comment_status":"closed","ping_status":"closed","template":"100-width.php","meta":{"_analytify_skip_tracking":false,"footnotes":""},"class_list":["post-953","page","type-page","status-publish","hentry"],"_links":{"self":[{"href":"https:\/\/www.abogadakate.com\/es\/wp-json\/wp\/v2\/pages\/953","targetHints":{"allow":["GET"]}}],"collection":[{"href":"https:\/\/www.abogadakate.com\/es\/wp-json\/wp\/v2\/pages"}],"about":[{"href":"https:\/\/www.abogadakate.com\/es\/wp-json\/wp\/v2\/types\/page"}],"author":[{"embeddable":true,"href":"https:\/\/www.abogadakate.com\/es\/wp-json\/wp\/v2\/users\/6"}],"replies":[{"embeddable":true,"href":"https:\/\/www.abogadakate.com\/es\/wp-json\/wp\/v2\/comments?post=953"}],"version-history":[{"count":0,"href":"https:\/\/www.abogadakate.com\/es\/wp-json\/wp\/v2\/pages\/953\/revisions"}],"up":[{"embeddable":true,"href":"https:\/\/www.abogadakate.com\/es\/wp-json\/wp\/v2\/pages\/949"}],"wp:attachment":[{"href":"https:\/\/www.abogadakate.com\/es\/wp-json\/wp\/v2\/media?parent=953"}],"curies":[{"name":"wp","href":"https:\/\/api.w.org\/{rel}","templated":true}]}}