{"id":949,"date":"2024-07-11T18:53:57","date_gmt":"2024-07-11T18:53:57","guid":{"rendered":"https:\/\/www.abogadakate.com\/?page_id=949"},"modified":"2024-08-06T19:26:01","modified_gmt":"2024-08-06T19:26:01","slug":"servicio-de-inmigracion-y-naturalizacion","status":"publish","type":"page","link":"https:\/\/www.abogadakate.com\/es\/abogada-de-inmigracion-de-austin\/servicio-de-inmigracion-y-naturalizacion\/","title":{"rendered":"Un Abogado De Naturalizaci\u00f3n Le Gu\u00eda Hacia La Ciudadan\u00eda Estadounidense"},"content":{"rendered":"<div class=\"fusion-fullwidth fullwidth-box fusion-builder-row-1 fusion-flex-container nonhundred-percent-fullwidth non-hundred-percent-height-scrolling\" style=\"--awb-border-radius-top-left:0px;--awb-border-radius-top-right:0px;--awb-border-radius-bottom-right:0px;--awb-border-radius-bottom-left:0px;--awb-flex-wrap:wrap;\" ><div class=\"fusion-builder-row fusion-row fusion-flex-align-items-flex-start fusion-flex-content-wrap\" style=\"max-width:1664px;margin-left: calc(-4% \/ 2 );margin-right: calc(-4% \/ 2 );\"><div class=\"fusion-layout-column fusion_builder_column fusion-builder-column-0 fusion_builder_column_1_1 1_1 fusion-flex-column\" style=\"--awb-bg-size:cover;--awb-width-large:100%;--awb-margin-top-large:0px;--awb-spacing-right-large:1.92%;--awb-margin-bottom-large:20px;--awb-spacing-left-large:1.92%;--awb-width-medium:100%;--awb-order-medium:0;--awb-spacing-right-medium:1.92%;--awb-spacing-left-medium:1.92%;--awb-width-small:100%;--awb-order-small:0;--awb-spacing-right-small:1.92%;--awb-spacing-left-small:1.92%;\" data-scroll-devices=\"small-visibility,medium-visibility,large-visibility\"><div class=\"fusion-column-wrapper fusion-column-has-shadow fusion-flex-justify-content-flex-start fusion-content-layout-column\"><div class=\"fusion-text fusion-text-1\" style=\"--awb-content-alignment:center;--awb-text-transform:none;\"><h1>Un Abogado De Naturalizaci\u00f3n Le Gu\u00eda Hacia La Ciudadan\u00eda Estadounidense<\/h1>\n<\/div><div class=\"fusion-separator fusion-full-width-sep\" style=\"align-self: center;margin-left: auto;margin-right: auto;margin-top:10px;margin-bottom:20px;width:100%;\"><div class=\"fusion-separator-border sep-single sep-solid\" style=\"--awb-height:20px;--awb-amount:20px;--awb-sep-color:#000000;border-color:#000000;border-top-width:1px;\"><\/div><\/div><div class=\"fusion-text fusion-text-2\" style=\"--awb-text-transform:none;\"><p><span style=\"font-weight: 400;\">Para muchos inmigrantes, jurar lealtad a Estados Unidos supone la realizaci\u00f3n de un sue\u00f1o largamente acariciado: convertirse en ciudadanos estadounidenses. Un <a href=\"https:\/\/www.abogadakate.com\/es\/abogada-de-inmigracion-de-austin\/\">abogado de naturalizaci\u00f3n<\/a> como la Abogada Kate, es esencial para hacer realidad esta aspiraci\u00f3n, gui\u00e1ndole a trav\u00e9s del complejo proceso de ciudadan\u00eda.<\/span><\/p>\n<p><span style=\"font-weight: 400;\">Este art\u00edculo le guiar\u00e1 por las v\u00edas y los aspectos legales de la ciudadan\u00eda estadounidense. Tambi\u00e9n descubrir\u00e1 las ventajas de este viaje transformador y c\u00f3mo un abogado experimentado puede ayudarle en cada paso del camino.<\/span><\/p>\n<p><img decoding=\"async\" class=\"alignnone size-full wp-image-1269\" src=\"https:\/\/www.abogadakate.com\/wp-content\/uploads\/2024\/07\/conozca-los-beneficios-de-obtener-la-ciudadania-de-eeuu-con-un-abogado-de-naturalizacion.jpg\" alt=\"Conozca Los Beneficios De Obtener La Ciudadan\u00eda De EE.UU. Con Un Abogado De Naturalizaci\u00f3n\" width=\"100%\" height=\"800\" srcset=\"https:\/\/www.abogadakate.com\/wp-content\/uploads\/2024\/07\/conozca-los-beneficios-de-obtener-la-ciudadania-de-eeuu-con-un-abogado-de-naturalizacion-200x133.jpg 200w, https:\/\/www.abogadakate.com\/wp-content\/uploads\/2024\/07\/conozca-los-beneficios-de-obtener-la-ciudadania-de-eeuu-con-un-abogado-de-naturalizacion-300x200.jpg 300w, https:\/\/www.abogadakate.com\/wp-content\/uploads\/2024\/07\/conozca-los-beneficios-de-obtener-la-ciudadania-de-eeuu-con-un-abogado-de-naturalizacion-400x267.jpg 400w, https:\/\/www.abogadakate.com\/wp-content\/uploads\/2024\/07\/conozca-los-beneficios-de-obtener-la-ciudadania-de-eeuu-con-un-abogado-de-naturalizacion-600x400.jpg 600w, https:\/\/www.abogadakate.com\/wp-content\/uploads\/2024\/07\/conozca-los-beneficios-de-obtener-la-ciudadania-de-eeuu-con-un-abogado-de-naturalizacion-768x512.jpg 768w, https:\/\/www.abogadakate.com\/wp-content\/uploads\/2024\/07\/conozca-los-beneficios-de-obtener-la-ciudadania-de-eeuu-con-un-abogado-de-naturalizacion-800x533.jpg 800w, https:\/\/www.abogadakate.com\/wp-content\/uploads\/2024\/07\/conozca-los-beneficios-de-obtener-la-ciudadania-de-eeuu-con-un-abogado-de-naturalizacion-1024x683.jpg 1024w, https:\/\/www.abogadakate.com\/wp-content\/uploads\/2024\/07\/conozca-los-beneficios-de-obtener-la-ciudadania-de-eeuu-con-un-abogado-de-naturalizacion.jpg 1200w\" sizes=\"(max-width: 1200px) 100vw, 1200px\" \/><\/p>\n<h2>Busque La Orientaci\u00f3n De Un Abogado De Naturalizaci\u00f3n<\/h2>\n<p><span style=\"font-weight: 400;\">Hacerse ciudadano estadounidense conlleva un proceso desalentador que implica numerosos requisitos legales, papeleo y plazos estrictos. Un abogado de naturalizaci\u00f3n aporta sus valiosas habilidades a esta empresa, asegur\u00e1ndose de que todos los formularios se cumplimenten con precisi\u00f3n y se presenten a tiempo. Tambi\u00e9n ayudan a identificar y resolver posibles problemas que podr\u00edan retrasar o descarrilar el proceso de solicitud.<\/span><\/p>\n<p><span style=\"font-weight: 400;\">M\u00e1s all\u00e1 de ocuparse del papeleo, estos abogados ofrecen asesoramiento legal personalizado adaptado a su situaci\u00f3n. Pueden proporcionarle una orientaci\u00f3n clara si tiene dudas sobre la elegibilidad o necesita ayuda para reunir los documentos necesarios. Su conocimiento de la ley de inmigraci\u00f3n y su experiencia en casos similares les permite prever posibles problemas y abordarlos de forma proactiva.<\/span><\/p>\n<p><span style=\"font-weight: 400;\">El camino hacia la ciudadan\u00eda es un viaje significativo y normalmente estresante. Saber que cuenta con un abogado de inmigraci\u00f3n que defiende sus derechos e intereses puede aliviar la ansiedad. Pueden ayudarle y prepararse para las entrevistas, representarle en las audiencias y asegurarse de que comprenda los aspectos legales y las prestaciones.<\/span><\/p>\n<h2>Conoce Las Ventajas De Hacerse Ciudadano Estadounidense<\/h2>\n<p><span style=\"font-weight: 400;\">La ciudadan\u00eda estadounidense es una puerta a la oportunidad y a la pertenencia. Significa la oportunidad de echar ra\u00edces, contribuir activamente a la sociedad y disfrutar de diversos privilegios. Esto conlleva numerosas ventajas, entre ellas<\/span><\/p>\n<ul>\n<li style=\"font-weight: 400;\" aria-level=\"1\"><span style=\"font-weight: 400;\"><strong>El Derecho Al Voto:<\/strong> Moldea el futuro de la naci\u00f3n participando en las elecciones a todos los niveles de Gobierno.<\/span><\/li>\n<li style=\"font-weight: 400;\" aria-level=\"1\"><span style=\"font-weight: 400;\"><strong>Vivir Y Trabajar Sin Restricciones:<\/strong> Disfrute de la libertad de residir, trabajar y viajar por Estados Unidos sin miedo a la deportaci\u00f3n.<\/span><\/li>\n<li style=\"font-weight: 400;\" aria-level=\"1\"><span style=\"font-weight: 400;\"><strong>Viajes Mejorados:<\/strong> Tenga un pasaporte potente para viajar sin visado a numerosos pa\u00edses y una mayor protecci\u00f3n consular en el extranjero.<\/span><\/li>\n<li style=\"font-weight: 400;\" aria-level=\"1\"><span style=\"font-weight: 400;\"><strong>Reunificaci\u00f3n Familiar:<\/strong> Apadrine a familiares que re\u00fanan los requisitos para la residencia permanente, fomentando lazos familiares m\u00e1s fuertes.<\/span><\/li>\n<li style=\"font-weight: 400;\" aria-level=\"1\"><span style=\"font-weight: 400;\"><strong>Acceso A Prestaciones Gubernamentales:<\/strong> Puede optar a programas federales vitales como la Seguridad Social y Medicare, dise\u00f1ados para apoyar su bienestar.<\/span><\/li>\n<li style=\"font-weight: 400;\" aria-level=\"1\"><span style=\"font-weight: 400;\"><strong>Oportunidades De Empleo:<\/strong> Desbloquea el acceso a puestos en el Gobierno y a profesiones que exigen la ciudadan\u00eda estadounidense.<\/span><\/li>\n<\/ul>\n<p><span style=\"font-weight: 400;\">La ciudadan\u00eda estadounidense es m\u00e1s que un estatus legal; encarna un compromiso con los valores estadounidenses de libertad y justicia. Ofrece la oportunidad de aportar sus capacidades y aspiraciones a una naci\u00f3n din\u00e1mica. Al considerar su importancia, es esencial que conozca las v\u00edas legales disponibles.<\/span><\/p>\n<p><span style=\"font-weight: 400;\">Explorar estas opciones le proporcionar\u00e1 una hoja de ruta clara para convertirte en ciudadano estadounidense e integrarte plenamente en el tejido de la vida americana.<\/span><\/p>\n<h2>Conoce Los Distintos Caminos Hacia La Ciudadan\u00eda Estadounidense<\/h2>\n<p><span style=\"font-weight: 400;\">Estados Unidos ofrece varias v\u00edas para que las personas se incorporen a su diversa sociedad. Cada uno de ellos tiene requisitos de admisibilidad espec\u00edficos y procedimientos adaptados a las distintas circunstancias. Saber esto le ilustrar\u00e1 sobre sus opciones para tomar una decisi\u00f3n informada sobre sus objetivos de inmigraci\u00f3n.<\/span><\/p>\n<h3>Primogenitura<\/h3>\n<p><span style=\"font-weight: 400;\">La ciudadan\u00eda por derecho de nacimiento concede autom\u00e1ticamente la ciudadan\u00eda estadounidense a las personas nacidas en Estados Unidos o de padres estadounidenses. Afirma sus fundamentos como ciudadano, independientemente de sus circunstancias de nacimiento o de su ubicaci\u00f3n. Este principio subraya la inclusividad y la equidad para todas las personas que cumplen los requisitos seg\u00fan la legislaci\u00f3n estadounidense.<\/span><\/p>\n<h3>Por Derivaci\u00f3n<\/h3>\n<p><span style=\"font-weight: 400;\">Los hijos nacidos en el extranjero de padres que m\u00e1s tarde se naturalizan ciudadanos estadounidenses a\u00fan pueden optar a la nacionalidad. Sin embargo, depende de cu\u00e1ndo nacieron y de si sus padres estadounidenses cumplen los requisitos espec\u00edficos de presencia f\u00edsica en el pa\u00eds.<\/span><\/p>\n<p><span style=\"font-weight: 400;\">Si el hijo es menor de 18 a\u00f1os y ya es residente legal permanente, puede convertirse en ciudadano estadounidense. Vivir en EE.UU. con su progenitor ciudadano estadounidense durante alg\u00fan tiempo puede ayudarles a conseguirlo.<\/span><\/p>\n<h3>Naturalizaci\u00f3n<\/h3>\n<p><span style=\"font-weight: 400;\">La naturalizaci\u00f3n es la forma en que los extranjeros que cumplen determinados requisitos pueden convertirse en ciudadanos estadounidenses. Este proceso implica presentar una solicitud o Formulario N-400, asistir a una entrevista con el <a href=\"https:\/\/www.uscis.gov\/es\" target=\"_blank\" rel=\"noopener\">Servicio de Ciudadan\u00eda e Inmigraci\u00f3n de EE.UU. (USCIS)<\/a> y aprobar un examen de naturalizaci\u00f3n. El examen eval\u00faa los conocimientos de educaci\u00f3n c\u00edvica e historia de EE.UU. y el dominio del ingl\u00e9s.<\/span><\/p>\n<h3>A Trav\u00e9s De Los Padres<\/h3>\n<p><span style=\"font-weight: 400;\">Determinadas personas nacidas en el extranjero pueden adquirir la ciudadan\u00eda estadounidense si sus progenitores cumplen determinados criterios por nacimiento o naturalizaci\u00f3n. Esta disposici\u00f3n permite que los ni\u00f1os nacidos en el extranjero de padres ciudadanos estadounidenses obtengan autom\u00e1ticamente la ciudadan\u00eda en determinadas circunstancias. Garantiza que los hijos puedan heredar la ciudadan\u00eda en funci\u00f3n del estatus de sus padres.<\/span><\/p>\n<h3>Adopci\u00f3n<\/h3>\n<p><span style=\"font-weight: 400;\">Los ni\u00f1os adoptados por ciudadanos estadounidenses pueden adquirir la ciudadan\u00eda a trav\u00e9s del proceso de adopci\u00f3n. Esta disposici\u00f3n garantiza que disfruten de los mismos derechos y privilegios que los hijos biol\u00f3gicos de ciudadanos estadounidenses. Refleja el compromiso del Gobierno de reconocer los v\u00ednculos familiares creados mediante la adopci\u00f3n y garantizar la igualdad de trato ante la ley.<\/span><\/p>\n<h3>A Trav\u00e9s Del Servicio Militar<\/h3>\n<p><span style=\"font-weight: 400;\">Los ciudadanos no estadounidenses que presten un servicio militar honorable en EE.UU. pueden optar a la naturalizaci\u00f3n acelerada. Reconoce sus contribuciones y sacrificios y proporciona un proceso acelerado para obtener la ciudadan\u00eda estadounidense.<\/span><\/p>\n<p><span style=\"font-weight: 400;\">Obtener la ciudadan\u00eda estadounidense es un logro importante para muchos inmigrantes. Es el paso final tras un desafiante viaje que demuestra el compromiso con los principios y valores estadounidenses. Conocer los detalles de este proceso, como qui\u00e9n puede optar a \u00e9l y qu\u00e9 pasos son necesarios, es vital para quienes aspiran a asimilarse plenamente a la vida estadounidense.<\/span><\/p>\n<h2>Un Abogado De Naturalizaci\u00f3n Le Ayuda En El Proceso<\/h2>\n<p><span style=\"font-weight: 400;\">El viaje hacia la ciudadan\u00eda estadounidense est\u00e1 lleno de expectativas y desaf\u00edos. Un abogado de naturalizaci\u00f3n ofrece informaci\u00f3n detallada sobre el proceso, haciendo hincapi\u00e9 en dos aspectos fundamentales: los criterios de elegibilidad y los pasos que hay que dar. Se aseguran de que se sigan y cumplan diligentemente para lograr un resultado satisfactorio.<\/span><\/p>\n<p><span style=\"font-weight: 400;\">Al comprender estos elementos fundamentales, los aspirantes a ciudadanos pueden explorar con confianza el camino hacia la ciudadan\u00eda. Si lo hicieran, se asegurar\u00edan de cumplir todos los requisitos para integrarse plenamente en la sociedad estadounidense.<\/span><\/p>\n<h3>\u00bfQui\u00e9n Puede Optar?<\/h3>\n<p><span style=\"font-weight: 400;\">Para obtener la ciudadan\u00eda estadounidense por naturalizaci\u00f3n es necesario cumplir varios criterios vitales. En primer lugar, debes tener la condici\u00f3n de residente legal permanente (LPR), lo que com\u00fanmente se llama tener la Green Card. Normalmente, esto implica mantener su condici\u00f3n de residente legal permanente durante cinco a\u00f1os. Puede reducirse a tres a\u00f1os si est\u00e1 casado con un ciudadano estadounidense y cumples determinados criterios.<\/span><\/p>\n<p><span style=\"font-weight: 400;\">En segundo lugar, es esencial demostrar una presencia f\u00edsica continua en Estados Unidos. Generalmente, esto significa residir en el pa\u00eds durante un periodo determinado anterior a su solicitud. Adem\u00e1s, mantener un buen car\u00e1cter moral es un requisito fundamental. Esto implica mantener unos antecedentes penales limpios y cumplir las leyes estadounidenses.<\/span><\/p>\n<p><span style=\"font-weight: 400;\">Adem\u00e1s, el dominio del ingl\u00e9s y unos conocimientos b\u00e1sicos de civismo estadounidense son requisitos previos para la naturalizaci\u00f3n. Como aspirante, debe superar las pruebas de lengua inglesa y de educaci\u00f3n c\u00edvica. \u00c9stas eval\u00faan tus conocimientos de la historia, el Gobierno y los derechos y responsabilidades c\u00edvicos de los Estados Unidos.<\/span><\/p>\n<h3>\u00bfCu\u00e1l Es El Proceso?<\/h3>\n<p><span style=\"font-weight: 400;\">El proceso implica que un ciudadano no estadounidense se convierta voluntariamente en ciudadano estadounidense. Una vez confirmada la elegibilidad, deber\u00e1s presentar el Formulario N-400, someterte a los datos biom\u00e9tricos, asistir a una entrevista, aprobar los ex\u00e1menes de ingl\u00e9s y civismo y prestar juramento de lealtad.<\/span><\/p>\n<ol>\n<li style=\"font-weight: 400;\" aria-level=\"1\"><span style=\"font-weight: 400;\"><strong>Formulario De Solicitud N-400:<\/strong> Este es el formulario oficial de solicitud de naturalizaci\u00f3n. Tendr\u00e1 que reunir documentos acreditativos, como pruebas de residencia, declaraciones de la renta y fotos de pasaporte.<\/span><\/li>\n<li style=\"font-weight: 400;\" aria-level=\"1\"><span style=\"font-weight: 400;\"><strong>Cita Biom\u00e9trica:<\/strong> Le tomar\u00e1n huellas dactilares y fotograf\u00edas por motivos de seguridad.<\/span><\/li>\n<li style=\"font-weight: 400;\" aria-level=\"1\"><span style=\"font-weight: 400;\"><strong>Entrevista De Ciudadan\u00eda:<\/strong> Esta entrevista con un funcionario del USCIS evaluar\u00e1 tu comprensi\u00f3n de la historia y el Gobierno de EE.UU., su dominio del ingl\u00e9s y su elegibilidad general.<\/span><\/li>\n<li style=\"font-weight: 400;\" aria-level=\"1\"><strong>Examen De C\u00edvica: <\/strong><span style=\"font-weight: 400;\">Este examen eval\u00faa tus conocimientos de la historia, el Gobierno y la educaci\u00f3n c\u00edvica de EE.UU.<\/span><span style=\"font-weight: 400;\">.<\/span><span style=\"font-weight: 400;\"> Tiene a su disposici\u00f3n materiales y recursos de pr\u00e1ctica.<\/span><\/li>\n<li style=\"font-weight: 400;\" aria-level=\"1\"><span style=\"font-weight: 400;\"><strong>Juramento De Lealtad:<\/strong> Si se aprueba su solicitud, prestar\u00e1 Juramento de Lealtad a los Estados Unidos en una ceremonia.<\/span><\/li>\n<\/ol>\n<p><span style=\"font-weight: 400;\">Navegar por los entresijos de la naturalizaci\u00f3n exige una atenci\u00f3n meticulosa a los detalles y el cumplimiento de estrictos requisitos legales. Asociarse con una\u00a0 abogada de prestigio especializado en derecho de extranjer\u00eda puede agilizar considerablemente este proceso.<\/span><\/p>\n<h2>As\u00f3ciese Con La Abogada Kate Para Su Naturalizaci\u00f3n<\/h2>\n<p><img decoding=\"async\" class=\"size-full wp-image-1272 alignright\" src=\"https:\/\/www.abogadakate.com\/wp-content\/uploads\/2024\/07\/abogados-de-naturalizacion-en-austin-abogan-por-su-obtencion-de-la-ciudadania-estadounidense.jpg\" alt=\"Abogados De Naturalizaci\u00f3n En Austin Abogan Por Su Obtenci\u00f3n De La Ciudadan\u00eda Estadounidense\" width=\"300\" height=\"200\" srcset=\"https:\/\/www.abogadakate.com\/wp-content\/uploads\/2024\/07\/abogados-de-naturalizacion-en-austin-abogan-por-su-obtencion-de-la-ciudadania-estadounidense-200x133.jpg 200w, https:\/\/www.abogadakate.com\/wp-content\/uploads\/2024\/07\/abogados-de-naturalizacion-en-austin-abogan-por-su-obtencion-de-la-ciudadania-estadounidense-300x200.jpg 300w, https:\/\/www.abogadakate.com\/wp-content\/uploads\/2024\/07\/abogados-de-naturalizacion-en-austin-abogan-por-su-obtencion-de-la-ciudadania-estadounidense-400x267.jpg 400w, https:\/\/www.abogadakate.com\/wp-content\/uploads\/2024\/07\/abogados-de-naturalizacion-en-austin-abogan-por-su-obtencion-de-la-ciudadania-estadounidense-600x400.jpg 600w, https:\/\/www.abogadakate.com\/wp-content\/uploads\/2024\/07\/abogados-de-naturalizacion-en-austin-abogan-por-su-obtencion-de-la-ciudadania-estadounidense-768x512.jpg 768w, https:\/\/www.abogadakate.com\/wp-content\/uploads\/2024\/07\/abogados-de-naturalizacion-en-austin-abogan-por-su-obtencion-de-la-ciudadania-estadounidense-800x533.jpg 800w, https:\/\/www.abogadakate.com\/wp-content\/uploads\/2024\/07\/abogados-de-naturalizacion-en-austin-abogan-por-su-obtencion-de-la-ciudadania-estadounidense-1024x683.jpg 1024w, https:\/\/www.abogadakate.com\/wp-content\/uploads\/2024\/07\/abogados-de-naturalizacion-en-austin-abogan-por-su-obtencion-de-la-ciudadania-estadounidense.jpg 1200w\" sizes=\"(max-width: 300px) 100vw, 300px\" \/><\/p>\n<p><span style=\"font-weight: 400;\">Trabajar con un <a href=\"https:\/\/www.abogadakate.com\/es\/\">equipo legal calificado<\/a> a la hora de obtener la ciudadan\u00eda estadounidense garantiza una orientaci\u00f3n cre\u00edble a trav\u00e9s del complejo proceso de naturalizaci\u00f3n. Ayudamos a garantizar que se cumplen meticulosamente todos los requisitos, incluido el mantenimiento del estatus de residencia legal, la superaci\u00f3n de entrevistas y las pruebas c\u00edvicas y de ingl\u00e9s.<\/span><\/p>\n<p><span style=\"font-weight: 400;\">Nuestros a\u00f1os de experiencia minimizan los errores de presentaci\u00f3n de formularios y documentaci\u00f3n, reduciendo el riesgo de retrasos o denegaciones. Nos anticipamos r\u00e1pidamente a los posibles retos y los abordamos, proporcionando soluciones proactivas y apoyo jur\u00eddico. Adem\u00e1s, podemos ofrecer una atenci\u00f3n personalizada y una asistencia integral que alivie el estr\u00e9s y la incertidumbre.<\/span><\/p>\n<p><span style=\"font-weight: 400;\">En \u00faltima instancia, asociarse con nuestro equipo aumenta las probabilidades de \u00e9xito del proceso de naturalizaci\u00f3n. Le da confianza y tranquilidad a lo largo de este importante hito.<\/span><\/p>\n<h2>Resumen<\/h2>\n<p><span style=\"font-weight: 400;\">Convertirse en ciudadano estadounidense representa la culminaci\u00f3n de una aspiraci\u00f3n de toda la vida para muchos inmigrantes. La Abogada Kate, una competente abogada de naturalizaci\u00f3n, es fundamental para guiar a los solicitantes a trav\u00e9s del intrincado proceso de ciudadan\u00eda y ayudarles con el papeleo, las obligaciones legales y los plazos.<\/span><\/p>\n<p><span style=\"font-weight: 400;\">La ciudadan\u00eda estadounidense ofrece numerosas ventajas, como el derecho de voto, la libertad de residir y trabajar en el pa\u00eds y el acceso a los servicios del Gobierno. Adem\u00e1s, puede adquirirse por derecho de nacimiento, derivaci\u00f3n, naturalizaci\u00f3n, adopci\u00f3n, servicio militar y patria potestad.<\/span><\/p>\n<p><span style=\"font-weight: 400;\">El proceso de naturalizaci\u00f3n implica cumplir criterios espec\u00edficos, como ser titular de una Green Card, mantener una residencia continuada en EE.UU. y demostrar buen car\u00e1cter moral. El equipo legal de Abogada Kate garantiza una preparaci\u00f3n meticulosa, minimiza los errores de procedimiento y ofrece un apoyo inquebrantable a los solicitantes a lo largo de todo el proceso.<\/span><\/p>\n<\/div><\/div><\/div><\/div><\/div>\n","protected":false},"excerpt":{"rendered":"","protected":false},"author":6,"featured_media":0,"parent":906,"menu_order":0,"comment_status":"closed","ping_status":"closed","template":"100-width.php","meta":{"_analytify_skip_tracking":false,"footnotes":""},"class_list":["post-949","page","type-page","status-publish","hentry"],"_links":{"self":[{"href":"https:\/\/www.abogadakate.com\/es\/wp-json\/wp\/v2\/pages\/949","targetHints":{"allow":["GET"]}}],"collection":[{"href":"https:\/\/www.abogadakate.com\/es\/wp-json\/wp\/v2\/pages"}],"about":[{"href":"https:\/\/www.abogadakate.com\/es\/wp-json\/wp\/v2\/types\/page"}],"author":[{"embeddable":true,"href":"https:\/\/www.abogadakate.com\/es\/wp-json\/wp\/v2\/users\/6"}],"replies":[{"embeddable":true,"href":"https:\/\/www.abogadakate.com\/es\/wp-json\/wp\/v2\/comments?post=949"}],"version-history":[{"count":0,"href":"https:\/\/www.abogadakate.com\/es\/wp-json\/wp\/v2\/pages\/949\/revisions"}],"up":[{"embeddable":true,"href":"https:\/\/www.abogadakate.com\/es\/wp-json\/wp\/v2\/pages\/906"}],"wp:attachment":[{"href":"https:\/\/www.abogadakate.com\/es\/wp-json\/wp\/v2\/media?parent=949"}],"curies":[{"name":"wp","href":"https:\/\/api.w.org\/{rel}","templated":true}]}}