{"id":932,"date":"2024-07-10T19:21:56","date_gmt":"2024-07-10T19:21:56","guid":{"rendered":"https:\/\/www.abogadakate.com\/?page_id=932"},"modified":"2024-07-30T21:31:24","modified_gmt":"2024-07-30T21:31:24","slug":"seccion-245i","status":"publish","type":"page","link":"https:\/\/www.abogadakate.com\/es\/abogada-de-inmigracion-de-austin\/ajuste-de-estatus\/seccion-245i\/","title":{"rendered":"\u00bfC\u00f3mo Funciona El Ajuste De Estatus Seg\u00fan La Secci\u00f3n 245(i) Para Los Inmigrantes?"},"content":{"rendered":"<div class=\"fusion-fullwidth fullwidth-box fusion-builder-row-1 fusion-flex-container nonhundred-percent-fullwidth non-hundred-percent-height-scrolling\" style=\"--awb-border-radius-top-left:0px;--awb-border-radius-top-right:0px;--awb-border-radius-bottom-right:0px;--awb-border-radius-bottom-left:0px;--awb-flex-wrap:wrap;\" ><div class=\"fusion-builder-row fusion-row fusion-flex-align-items-flex-start fusion-flex-content-wrap\" style=\"max-width:1664px;margin-left: calc(-4% \/ 2 );margin-right: calc(-4% \/ 2 );\"><div class=\"fusion-layout-column fusion_builder_column fusion-builder-column-0 fusion_builder_column_1_1 1_1 fusion-flex-column\" style=\"--awb-bg-size:cover;--awb-width-large:100%;--awb-margin-top-large:0px;--awb-spacing-right-large:1.92%;--awb-margin-bottom-large:20px;--awb-spacing-left-large:1.92%;--awb-width-medium:100%;--awb-order-medium:0;--awb-spacing-right-medium:1.92%;--awb-spacing-left-medium:1.92%;--awb-width-small:100%;--awb-order-small:0;--awb-spacing-right-small:1.92%;--awb-spacing-left-small:1.92%;\" data-scroll-devices=\"small-visibility,medium-visibility,large-visibility\"><div class=\"fusion-column-wrapper fusion-column-has-shadow fusion-flex-justify-content-flex-start fusion-content-layout-column\"><div class=\"fusion-text fusion-text-1\" style=\"--awb-content-alignment:center;--awb-text-transform:none;\"><h1>\u00bfC\u00f3mo Funciona El Ajuste De Estatus Seg\u00fan La Secci\u00f3n 245(i) Para Los Inmigrantes?<\/h1>\n<\/div><div class=\"fusion-separator fusion-full-width-sep\" style=\"align-self: center;margin-left: auto;margin-right: auto;margin-top:10px;margin-bottom:20px;width:100%;\"><div class=\"fusion-separator-border sep-single sep-solid\" style=\"--awb-height:20px;--awb-amount:20px;--awb-sep-color:#000000;border-color:#000000;border-top-width:1px;\"><\/div><\/div><div class=\"fusion-text fusion-text-2\" style=\"--awb-text-transform:none;\"><p>Estados Unidos siempre ha sido conocido como el pa\u00eds de los sue\u00f1os. Para muchos inmigrantes, Estados Unidos representa una oportunidad de forjarse una vida mejor y buscar oportunidades que no tienen en sus pa\u00edses de origen. Por ello, muchas personas intentan entrar ilegalmente en el pa\u00eds. Sin embargo, el pa\u00eds cuenta con pol\u00edticas que impiden la inmigraci\u00f3n ilegal y castigan a quienes son sorprendidos cruzando la frontera.<\/p>\n<p>Los inmigrantes que ya han entrado en Estados Unidos tienen la posibilidad de obtener un estatuto legal y convertirse en ciudadanos o residentes permanentes. Este proceso se denomina\u00a0<a href=\"https:\/\/www.abogadakate.com\/es\/abogada-de-inmigracion-de-austin\/ajuste-de-estatus\/\" data-uw-rm-brl=\"PR\">ajuste de estatus<\/a>. Permite a algunos no ciudadanos que ya est\u00e1n en el pa\u00eds cambiar su estatus migratorio de inmigrantes ilegales a residentes permanentes o ciudadanos.<\/p>\n<h2>Ajuste De Estatus Seg\u00fan La Secci\u00f3n 245(i)<\/h2>\n<p>La Secci\u00f3n 245 de Ajuste de Estatus tambi\u00e9n se denomina\u00a0<a href=\"https:\/\/www.hrc.org\/resources\/american-dream-and-promise-act\" target=\"_blank\" rel=\"noopener\" data-uw-rm-brl=\"PR\" data-uw-original-href=\"https:\/\/www.hrc.org\/resources\/american-dream-and-promise-act\" aria-label=\"Ley del Sue\u00f1o Americano (The American Dream Act). - abrir en una nueva pesta\u00f1a\" data-uw-rm-ext-link=\"\" data-uw-original->Ley del Sue\u00f1o Americano (The American Dream Act).<\/a>\u00a0Esta ley es un programa de Visas que permite a los inmigrantes obtener la residencia permanente legal sin salir de Estados Unidos y solicitar una Visa de inmigrante en el extranjero. Permite a los extranjeros que ya se encuentran en el pa\u00eds ajustar su estatuto en determinadas circunstancias.<\/p>\n<p>Entre los inmigrantes que re\u00fanen los requisitos figuran los que tienen peticiones familiares v\u00e1lidas o documentos de autorizaci\u00f3n de empleo, pero a\u00fan no han obtenido la residencia legal permanente (Green Card). Al mismo tiempo, permanecen en el pa\u00eds legalmente.<\/p>\n<p><img decoding=\"async\" class=\"alignnone size-full wp-image-45587\" src=\"https:\/\/www.abogadakate.com\/wp-content\/uploads\/2024\/07\/dont-be-afraid-of-falling-into-deportation-proceedings-in-the-united-states-and-hire-the-services-of-an-immigration-lawyer-to-help-you-obtain-adjust.jpg\" alt=\"Don't Be Afraid Of Falling Into Deportation Proceedings In The United States And Hire The Services Of An Immigration Lawyer To Help You Obtain Adjustment Of Status\" width=\"100%\" height=\"450\" \/><\/p>\n<h2>Ley LIFE<\/h2>\n<p>Como cada vez son m\u00e1s los inmigrantes que buscan una vida mejor en Estados Unidos, el Congreso aprob\u00f3 en 2000 la Ley de Inmigraci\u00f3n Legal y Equidad Familiar (LIFE). Esta ley se cre\u00f3 para permitir el ajuste de estatus de los inmigrantes que se encontraban en Estados Unidos antes del 21 de diciembre de 2000. Aun as\u00ed, no se le hab\u00eda concedido la residencia permanente ni el ajuste de estatus.<\/p>\n<p>La Ley LIFE tambi\u00e9n permit\u00eda a determinados familiares permanecer legalmente en el pa\u00eds mientras sus solicitudes de ajuste estaban pendientes. Fue promulgada por el Congreso principalmente debido a una demanda colectiva presentada contra el Servicio de Inmigraci\u00f3n y Naturalizaci\u00f3n (INS) por organizaciones que demandaban en nombre de los afectados por el proceso de ajuste plagado de retrasos.<\/p>\n<p>La Ley LIFE proporcion\u00f3 un alivio inmediato a los afectados y sent\u00f3 las bases sobre las que se construy\u00f3 el ajuste de estatus de la Secci\u00f3n 245(i). En virtud del programa, se permit\u00eda presentar solicitudes de ajuste incluso si se consideraba que el solicitante no cumpl\u00eda los requisitos por haber permanecido en el pa\u00eds m\u00e1s tiempo del permitido, haber trabajado sin autorizaci\u00f3n o tener documentos falsos. Esto permiti\u00f3 a los solicitantes pagar una tasa y solicitar un ajuste de estatus en Austin (Texas) en lugar de tener que salir del pa\u00eds, lo que habr\u00eda puesto en peligro su capacidad de regresar legalmente durante muchos a\u00f1os.<\/p>\n<h3>Efectos De La Ley LIFE<\/h3>\n<p>En general, la Ley LIFE ha permitido obtener la residencia permanente a miles de inmigrantes que, de otro modo, no habr\u00edan podido regularizar su situaci\u00f3n por haber estado en situaci\u00f3n irregular en alg\u00fan momento. Tambi\u00e9n permiti\u00f3 que los inmigrantes y sus familias estuvieran juntos mientras se tramitaban las solicitudes de adaptaci\u00f3n. Por esta raz\u00f3n, la Ley LIFE sigue siendo un activo valioso para los inmigrantes que buscan un ajuste de estatus y se considera una parte esencial de la ley y la pol\u00edtica de inmigraci\u00f3n de Estados Unidos.<\/p>\n<p>En general, la Ley LIFE ha contribuido a aliviar la situaci\u00f3n de quienes, de otro modo, no podr\u00edan acogerse a ella debido a su presencia ilegal en Estados Unidos antes del 21 de diciembre de 2000. Permitir que determinados familiares de personas que re\u00fanen los requisitos permanezcan legalmente mientras se resuelven las solicitudes de ajuste ha permitido a miles de inmigrantes obtener la residencia permanente. Por estas razones, la Ley LIFE sigue siendo hoy un componente esencial de la legislaci\u00f3n y la pol\u00edtica de inmigraci\u00f3n de Estados Unidos.<\/p>\n<h2>\u00bfQui\u00e9n Puede Acogerse Al Ajuste De Estatus De La Secci\u00f3n 245(i)?<\/h2>\n<p>Para poder optar al ajuste de estatuto en virtud de la Secci\u00f3n 245(i), el solicitante debe cumplir varios requisitos.<\/p>\n<ul>\n<li>El solicitante debe haber estado f\u00edsicamente presente en Estados Unidos el 21 de diciembre de 2000.<\/li>\n<li>El solicitante debe ser el beneficiario principal de una petici\u00f3n o solicitud de inmigrante presentada antes del 30 de abril de 2001 (o si fue aprobada previamente pero a\u00fan no se ha presentado al USCIS, y debe haber estado pendiente antes de esa fecha.<\/li>\n<li>El solicitante debe tener una petici\u00f3n o solicitud v\u00e1lida basada en la familia o en el empleo.<\/li>\n<li>El solicitante no debe tener ning\u00fan impedimento para la adaptaci\u00f3n, como estar ilegalmente en EE.UU. antes de la adaptaci\u00f3n.<\/li>\n<li>La solicitud de ajuste deber\u00eda haberse presentado antes del 21 de diciembre de 2000, o antes del 30 de abril de 2001, si a\u00fan no se hubiera presentado la solicitud de ajuste.<\/li>\n<\/ul>\n<p>Los solicitantes que cumplan todos estos criterios pueden optar a un ajuste de estatus en virtud de la Secci\u00f3n 245(i). Es importante tener en cuenta que los solicitantes pueden tener vetada la adaptaci\u00f3n aunque cumplan los requisitos anteriores. Esto incluye a quienes hayan cometido un delito o violado de alg\u00fan modo la ley de inmigraci\u00f3n. Los solicitantes con preguntas acerca de su elegibilidad deben ponerse en contacto con un abogado de inmigraci\u00f3n con experiencia en Austin antes de presentar una solicitud de ajuste.<\/p>\n<p>La clave para el ajuste de estatus a trav\u00e9s de la Secci\u00f3n 245(i) es tener una petici\u00f3n o solicitud v\u00e1lida basada en la familia o en el empleo que estuviera pendiente antes del 30 de abril de 2001. Adem\u00e1s, los solicitantes deben estar presentes en Estados Unidos el 21 de diciembre de 2000.<\/p>\n<p>Las personas que cumplan estos requisitos y no tengan ning\u00fan impedimento para adaptarse pueden beneficiarse de este valioso servicio jur\u00eddico. En Austin, Texas, un abogado de inmigraci\u00f3n con experiencia puede ayudar a los solicitantes elegibles a evaluar su elegibilidad para el ajuste de estatus bajo la Secci\u00f3n 245(i) y determinar el mejor curso de acci\u00f3n.<\/p>\n<h3>Solicitud De La Secci\u00f3n 245(i)<\/h3>\n<p>Ajustar el estatus a trav\u00e9s de la Secci\u00f3n 245(i) puede ser complejo y requiere un cuidadoso an\u00e1lisis y preparaci\u00f3n. Un abogado de inmigraci\u00f3n con experiencia en Austin, Texas puede ayudar a los solicitantes a evaluar su elegibilidad para el ajuste de estatus bajo la Secci\u00f3n 245(i) y guiarlos a trav\u00e9s del proceso de ajuste.<\/p>\n<p>La Abogada Kate conoce a fondo la Ley LIFE y sus implicaciones. Podr\u00e1 asesorarle con conocimiento de causa sobre las solicitudes de ajuste en virtud de esta disposici\u00f3n.<\/p>\n<p>La solicitud de ajuste debe presentarse correctamente con todos los documentos exigidos adjuntos. A continuaci\u00f3n, se presenta al USCIS para su revisi\u00f3n, que puede tardar varios meses antes de que se tome una decisi\u00f3n. Es importante tener en cuenta que los solicitantes que est\u00e1n fuera de estatus no se les puede permitir permanecer mientras su solicitud de ajuste est\u00e1 pendiente, por lo que es importante discutir esta posibilidad con un abogado de inmigraci\u00f3n antes de presentar.<\/p>\n<p>Al final del proceso de adaptaci\u00f3n, si se aprueba, los solicitantes recibir\u00e1n una Green Card que les permitir\u00e1 vivir y trabajar en Estados Unidos de forma permanente. El ajuste de estatus en virtud de la secci\u00f3n 245(i) ofrece a los inmigrantes que re\u00fanen los requisitos necesarios una v\u00eda hacia la residencia permanente. Puede ser un salvavidas para las personas que no pueden regularizar su situaci\u00f3n por otros medios. En Austin, Texas, abogados de inmigraci\u00f3n con experiencia pueden guiar a los solicitantes a trav\u00e9s del proceso de ajuste bajo la Secci\u00f3n 245(i).<\/p>\n<h2>\u00bfSe Puede Obtener La Green Card A Trav\u00e9s De La Secci\u00f3n 245(i)?<\/h2>\n<p>Aquellos que re\u00fanan los requisitos para el ajuste de estatus en virtud de la Secci\u00f3n 245(i) pueden solicitar una Green Card Es esencial entender que incluso si se aprueba una solicitud de ajuste, pueden ser necesarios otros pasos antes de que se pueda conceder una Green Card. Un abogado de inmigraci\u00f3n con experiencia puede ayudar a guiar a aquellos que buscan el ajuste a trav\u00e9s de cada etapa para garantizar la exactitud y la eficiencia en el proceso de solicitud. Una vez aprobadas, las personas que re\u00fanan los requisitos recibir\u00e1n la residencia permanente o se convertir\u00e1n en titulares de la Green Card.<\/p>\n<h2>Ventajas Del Ajuste De Estatus Seg\u00fan La Secci\u00f3n 245(i)<\/h2>\n<p>Los inmigrantes que re\u00fanan los requisitos para obtener el estatuto de ajuste en virtud de la Secci\u00f3n 245(i) pueden beneficiarse del proceso de ajuste. Y lo que es m\u00e1s importante, el ajuste de estatus permite a quienes no pueden acogerse a otras formas de ajuste de estatus solicitar la residencia permanente en Estados Unidos. Esto no s\u00f3lo les facilita la permanencia legal en el pa\u00eds, sino tambi\u00e9n la obtenci\u00f3n de varias prestaciones.<\/p>\n<h3>Conseguir Un Empleo Legal<\/h3>\n<p>Los inmigrantes que re\u00fanan los requisitos pueden acceder legalmente a un empleo y obtener un salario legal. Les permite tener muchas opciones si est\u00e1n cualificados haci\u00e9ndose competitivos en el mercado laboral. As\u00ed es f\u00e1cil mantenerse a s\u00ed mismos y a su familia y contribuir a la econom\u00eda estadounidense.<\/p>\n<h3>Acceder A Las Prestaciones De La Seguridad Social<\/h3>\n<p>En algunos casos, el ajuste de estatus en virtud de la Secci\u00f3n 245(i) puede hacer posible que los inmigrantes que re\u00fanan los requisitos accedan a prestaciones de la seguridad social, tales como pagos por jubilaci\u00f3n o invalidez, que de otro modo no estar\u00edan disponibles debido a su estatus de inmigraci\u00f3n.<\/p>\n<h3>Viajar Al Extranjero Y Volver F\u00e1cilmente<\/h3>\n<p>Las personas con estatus de ajuste pueden, por lo general, salir del pa\u00eds durante periodos cortos y volver a entrar f\u00e1cilmente en Estados Unidos sin temor a que se les deniegue la entrada debido a su estatus migratorio.<\/p>\n<h3>Traer Familiares Al Pa\u00eds<\/h3>\n<p>El ajuste de estatus facilita a los inmigrantes que re\u00fanen los requisitos necesarios traer a miembros de su familia a Estados Unidos, lo que les permite reunirse con sus seres queridos.<\/p>\n<h3>Evitar La Deportaci\u00f3n<\/h3>\n<p>Y lo que es m\u00e1s importante, en virtud de la Secci\u00f3n 245(i), el ajuste de estatus puede ayudar a quienes de otro modo estar\u00edan sujetos a un procedimiento de deportaci\u00f3n a obtener la residencia legal en Estados Unidos. Esto es especialmente importante para quienes se enfrentan a una posible expulsi\u00f3n del pa\u00eds y no habr\u00edan podido regresar legalmente sin la adaptaci\u00f3n.<\/p>\n<p>Teniendo en cuenta estas ventajas clave, es f\u00e1cil ver por qu\u00e9 el ajuste de estatus a trav\u00e9s de la Secci\u00f3n 245(i) es una opci\u00f3n importante para muchos inmigrantes que buscan protecci\u00f3n legal. Los elegibles deben ponerse en contacto con un abogado de inmigraci\u00f3n con experiencia en Austin, Texas, tan pronto como sea posible para asegurarse de que se aprovechan de este programa antes de su fecha de caducidad. Pueden ayudar a los solicitantes a evaluar su admisibilidad y determinar la mejor forma de proceder.<\/p>\n<h2>Deje Que La Abogada Kate Le Represente<\/h2>\n<p><a href=\"https:\/\/www.abogadakate.com\/es\" target=\"_blank\" rel=\"noopener\" data-uw-rm-brl=\"PR\" aria-label=\"Lincoln-Goldfinch Law - abrir en una nueva pesta\u00f1a\" data-uw-rm-ext-link=\"\">La Abogada Kate<\/a>\u00a0entiende la importancia del ajuste de estatus bajo la Secci\u00f3n 245(i) y se compromete a ayudar a los inmigrantes elegibles a aprovechar este programa. Sus experimentados abogados de inmigraci\u00f3n en Austin, Texas son altamente conocedores del ajuste de estatus. Pueden ayudar a garantizar la precisi\u00f3n y eficacia del proceso de solicitud.<\/p>\n<p>Adem\u00e1s, se dedica a brindar atenci\u00f3n personalizada y servicios legales de calidad que facilitan a quienes re\u00fanen los requisitos necesarios la obtenci\u00f3n de la residencia legal en los Estados Unidos. P\u00f3ngase en contacto con ellos hoy mismo para una evaluaci\u00f3n inicial de su caso. Su equipo est\u00e1 a su disposici\u00f3n para ayudarle.<\/p>\n<\/div><\/div><\/div><\/div><\/div>\n","protected":false},"excerpt":{"rendered":"","protected":false},"author":6,"featured_media":0,"parent":927,"menu_order":0,"comment_status":"closed","ping_status":"closed","template":"100-width.php","meta":{"_analytify_skip_tracking":false,"footnotes":""},"class_list":["post-932","page","type-page","status-publish","hentry"],"_links":{"self":[{"href":"https:\/\/www.abogadakate.com\/es\/wp-json\/wp\/v2\/pages\/932","targetHints":{"allow":["GET"]}}],"collection":[{"href":"https:\/\/www.abogadakate.com\/es\/wp-json\/wp\/v2\/pages"}],"about":[{"href":"https:\/\/www.abogadakate.com\/es\/wp-json\/wp\/v2\/types\/page"}],"author":[{"embeddable":true,"href":"https:\/\/www.abogadakate.com\/es\/wp-json\/wp\/v2\/users\/6"}],"replies":[{"embeddable":true,"href":"https:\/\/www.abogadakate.com\/es\/wp-json\/wp\/v2\/comments?post=932"}],"version-history":[{"count":0,"href":"https:\/\/www.abogadakate.com\/es\/wp-json\/wp\/v2\/pages\/932\/revisions"}],"up":[{"embeddable":true,"href":"https:\/\/www.abogadakate.com\/es\/wp-json\/wp\/v2\/pages\/927"}],"wp:attachment":[{"href":"https:\/\/www.abogadakate.com\/es\/wp-json\/wp\/v2\/media?parent=932"}],"curies":[{"name":"wp","href":"https:\/\/api.w.org\/{rel}","templated":true}]}}