{"id":930,"date":"2024-07-09T21:29:32","date_gmt":"2024-07-09T21:29:32","guid":{"rendered":"https:\/\/www.abogadakate.com\/?page_id=930"},"modified":"2024-07-25T20:22:30","modified_gmt":"2024-07-25T20:22:30","slug":"asilado-y-refugiado","status":"publish","type":"page","link":"https:\/\/www.abogadakate.com\/es\/abogada-de-inmigracion-de-austin\/ajuste-de-estatus\/asilado-y-refugiado\/","title":{"rendered":"\u00bfC\u00f3mo Pueden Los Asilados Y Refugiados Solicitar El Cambio De Estatus?"},"content":{"rendered":"<div class=\"fusion-fullwidth fullwidth-box fusion-builder-row-1 fusion-flex-container nonhundred-percent-fullwidth non-hundred-percent-height-scrolling\" style=\"--awb-border-radius-top-left:0px;--awb-border-radius-top-right:0px;--awb-border-radius-bottom-right:0px;--awb-border-radius-bottom-left:0px;--awb-flex-wrap:wrap;\" ><div class=\"fusion-builder-row fusion-row fusion-flex-align-items-flex-start fusion-flex-content-wrap\" style=\"max-width:1664px;margin-left: calc(-4% \/ 2 );margin-right: calc(-4% \/ 2 );\"><div class=\"fusion-layout-column fusion_builder_column fusion-builder-column-0 fusion_builder_column_1_1 1_1 fusion-flex-column\" style=\"--awb-bg-size:cover;--awb-width-large:100%;--awb-margin-top-large:0px;--awb-spacing-right-large:1.92%;--awb-margin-bottom-large:20px;--awb-spacing-left-large:1.92%;--awb-width-medium:100%;--awb-order-medium:0;--awb-spacing-right-medium:1.92%;--awb-spacing-left-medium:1.92%;--awb-width-small:100%;--awb-order-small:0;--awb-spacing-right-small:1.92%;--awb-spacing-left-small:1.92%;\" data-scroll-devices=\"small-visibility,medium-visibility,large-visibility\"><div class=\"fusion-column-wrapper fusion-column-has-shadow fusion-flex-justify-content-flex-start fusion-content-layout-column\"><div class=\"fusion-text fusion-text-1\" style=\"--awb-content-alignment:center;--awb-text-transform:none;\"><h1>\u00bfC\u00f3mo Pueden Los Asilados Y Refugiados Solicitar El Cambio De Estatus?<\/h1>\n<\/div><div class=\"fusion-separator fusion-full-width-sep\" style=\"align-self: center;margin-left: auto;margin-right: auto;margin-top:10px;margin-bottom:20px;width:100%;\"><div class=\"fusion-separator-border sep-single sep-solid\" style=\"--awb-height:20px;--awb-amount:20px;--awb-sep-color:#000000;border-color:#000000;border-top-width:1px;\"><\/div><\/div><div class=\"fusion-text fusion-text-2\" style=\"--awb-text-transform:none;\"><p><img decoding=\"async\" class=\"alignnone size-full wp-image-45595\" src=\"https:\/\/www.abogadakate.com\/wp-content\/uploads\/2024\/07\/discover-everything-you-need-to-start-your-adjustment-of-immigration-status-and-get-your-green-card-as-soon-as-possible.jpg\" alt=\"Discover Everything You Need To Start Your Adjustment Of Immigration Status And Get Your Green Card As Soon As Possible\" width=\"100%\" height=\"450\" \/><\/p>\n<h2>\u00bfPueden Los Asilados Y Refugiados Obtener La Green Card?<\/h2>\n<p>Estados Unidos es un pa\u00eds que acoge a refugiados y asilados de todo el mundo. La persecuci\u00f3n, la guerra o las calamidades naturales obligan a los refugiados a abandonar sus hogares. La persecuci\u00f3n puede basarse en la nacionalidad, la religi\u00f3n, la raza, la pertenencia a un grupo social o las opiniones pol\u00edticas.<\/p>\n<p>Los asilados son las personas que solicitan o reciben asilo pol\u00edtico. Los asilados y refugiados reciben protecci\u00f3n temporal cuando entran en Estados Unidos. A menudo, es demasiado peligroso para ellos regresar a su pa\u00eds, por lo que buscan la manera de que sus estancias se conviertan en permanentes. Pero para convertirse en residentes permanentes, deben solicitar el cambio de estatuto.<\/p>\n<p>Los asilados y refugiados en Estados Unidos pueden obtener el estatuto de residente permanente, com\u00fanmente llamada \u00abGreen Card\u00bb. Para ello, debe presentar una solicitud de ajuste de estatuto. El\u00a0<a href=\"https:\/\/www.uscis.gov\/es\" target=\"_blank\" rel=\"noopener\" data-uw-rm-brl=\"PR\" data-uw-original-href=\"https:\/\/www.uscis.gov\/es\" aria-label=\"Servicio de Ciudadan\u00eda e Inmigraci\u00f3n de Estados Unidos (USCIS) - abrir en una nueva pesta\u00f1a\" data-uw-rm-ext-link=\"\" data-uw-original->Servicio de Ciudadan\u00eda e Inmigraci\u00f3n de Estados Unidos (USCIS)<\/a>\u00a0revisar\u00e1 la solicitud. Si se aprueba, le conceder\u00e1 la residencia permanente o la Green Card. El proceso de ajuste de estatus es largo, pero con paciencia y preparaci\u00f3n, puede solicitarlo con \u00e9xito y obtener el estatus permanente.<\/p>\n<h2>Requisitos Para Asilados Y Refugiados<\/h2>\n<p>Para solicitar el ajuste de estatus en Austin, Texas, tanto los asilados como los refugiados deben cumplir criterios espec\u00edficos. Estos requisitos tambi\u00e9n son similares en otros estados.<\/p>\n<h3>Para Los Asilados<\/h3>\n<p>El ajuste de estatus es admisible si han estado f\u00edsicamente presentes en Estados Unidos durante al menos un a\u00f1o desde que se les concedi\u00f3 el asilo. Adem\u00e1s, deben cumplir otros requisitos determinados por USCIS. La solicitud de adaptaci\u00f3n debe presentarse en un plazo de dos a\u00f1os a partir de la concesi\u00f3n del estatuto de asilo al asilado, a menos que circunstancias que cambien su vida retrasen la presentaci\u00f3n de la solicitud, como una enfermedad o dificultades econ\u00f3micas.<\/p>\n<h3>Para Los Refugiados<\/h3>\n<p>El ajuste de estatus es permisible si los refugiados han estado f\u00edsicamente presentes en Estados Unidos durante al menos un a\u00f1o desde su entrada y cumplen otros requisitos determinados por USCIS. Los refugiados tambi\u00e9n deben demostrar que fueron admitidos en el pa\u00eds sobre la base del estatuto de refugiado en los dos a\u00f1os anteriores a la presentaci\u00f3n de la solicitud de adaptaci\u00f3n.<\/p>\n<p>En todos los casos, los solicitantes de ajuste de estatus deben demostrar que han sido admitidos legalmente para la residencia permanente como refugiados o asilados. Adem\u00e1s, deben demostrar que son admisibles en Estados Unidos, que no les proh\u00edbe ninguna disposici\u00f3n de la ley de inmigraci\u00f3n y que no han abandonado su condici\u00f3n de asilados o refugiados. Por \u00faltimo, tambi\u00e9n deben aportar pruebas de apoyo financiero durante su proceso de adaptaci\u00f3n.<\/p>\n<p>Una vez que la elegibilidad de un individuo para el ajuste de estatus en Austin, Texas, ha sido determinada por el USCIS, se le pedir\u00e1 que complete el papeleo asociado y asistir a una entrevista para proporcionar pruebas adicionales relacionadas con su caso de ajuste. Una vez completados estos pasos, podr\u00e1 emitirse r\u00e1pidamente una decisi\u00f3n sobre la solicitud de ajuste.<\/p>\n<h2>Pasos Para Solicitar El Ajuste De Estatus<\/h2>\n<p>Si usted es un asilado o refugiado en Austin, Texas, y desea\u00a0<a href=\"https:\/\/www.abogadakate.com\/es\/ajuste-de-estatus\/\" data-uw-rm-brl=\"PR\" data-uw-original-href=\"https:\/\/www.abogadakate.com\/es\/ajuste-de-estatus\/\" data-uw-original->solicitar el ajuste de estatus<\/a>, debe seguir varios pasos. Seguir estos pasos es vital para que se le conceda el ajuste de estatus de refugiado a residente permanente.<\/p>\n<h3>Cumplir Los Requisitos De Admisi\u00f3n<\/h3>\n<p>El primer paso es cumplir todos los requisitos de elegibilidad para el ajuste de estatus. Incluye tener una solicitud de asilo v\u00e1lida en el archivo del USCIS y estar f\u00edsicamente presente en Estados Unidos durante al menos un a\u00f1o desde que se le concedi\u00f3 el asilo.<\/p>\n<h3>Cumplimentar Los Formularios Necesarios<\/h3>\n<p>Tras asegurarse de que cumple todos los requisitos de admisibilidad, lo siguiente es cumplimentar los formularios necesarios. Estos incluyen el Formulario I-485, Solicitud de Registro de Residencia Permanente o Ajuste de Estatus, y el Formulario I-765, Solicitud de Autorizaci\u00f3n de Empleo. El formulario I-485 requiere informaci\u00f3n sobre sus antecedentes, miembros de su familia, historial de viajes y antecedentes penales (si procede). El formulario I-765 requiere datos biogr\u00e1ficos personales, incluidos el nombre y el n\u00famero de la Seguridad Social. Estos formularios est\u00e1n disponibles en la oficina del USCIS en Austin, Texas.<\/p>\n<h3>Pagar Todas Las Tasas Aplicables<\/h3>\n<p>El \u00faltimo paso para solicitar el ajuste de estatus es pagar las tasas necesarias. Esto incluye una tasa de presentaci\u00f3n de 1.225 d\u00f3lares (a partir de 2022) para una solicitud de ajuste de estatus y cualquier coste adicional asociado a la tramitaci\u00f3n del formulario o formularios, como las tasas biom\u00e9tricas.<\/p>\n<h3>Reunir La Documentaci\u00f3n Y Presentar Los Formularios<\/h3>\n<p>Antes de presentar los formularios de ajuste de estatus al USCIS, aseg\u00farese de haber reunido toda la documentaci\u00f3n necesaria.<\/p>\n<ul>\n<li>Prueba de identidad.<\/li>\n<li>Entrada legal en Estados Unidos.<\/li>\n<li>Pruebas de que se le ha concedido el asilo.<\/li>\n<li>Documentos de viaje y otros elementos necesarios.<\/li>\n<\/ul>\n<p>Una vez que haya reunido toda la documentaci\u00f3n necesaria y abonado las tasas correspondientes, presente sus solicitudes de ajuste de estatus al USCIS.<br role=\"presentation\" data-uw-rm-sr=\"\" \/>Despu\u00e9s de completar estos pasos, es probable que tenga que asistir a una entrevista de ajuste de estatus para que USCIS revise su caso. Tras un proceso de entrevista satisfactorio, su solicitud de ajuste de estatus deber\u00eda ser aprobada por el USCIS a su debido tiempo.<\/p>\n<h2>Ventajas De La Adaptaci\u00f3n Del Estatuto De Asilado O Refugiado<\/h2>\n<p>Adaptar su estatuto de asilado o refugiado a la residencia permanente o a la ciudadan\u00eda estadounidense puede proporcionarle muchas ventajas que de otro modo no obtendr\u00eda. Estas son algunas de las principales ventajas que debe tener en cuenta a la hora de decidir si un ajuste de estatuto es adecuado para usted.<\/p>\n<h3>Acceso A Oportunidades De Empleo Y Educaci\u00f3n<\/h3>\n<p>Como asilado o refugiado, la adaptaci\u00f3n de su estatuto ofrece m\u00e1s oportunidades en t\u00e9rminos de educaci\u00f3n y empleo. Por ejemplo, los inmigrantes con estatuto de residente permanente pueden solicitar puestos de trabajo en organizaciones gubernamentales. Tambi\u00e9n pueden recibir tasas de matr\u00edcula estatal en universidades p\u00fablicas de Austin, Texas, lo que puede hacer m\u00e1s asequibles los estudios superiores.<\/p>\n<h3>Un Camino M\u00e1s F\u00e1cil Hacia La Ciudadan\u00eda<\/h3>\n<p>Ajustar su estatus facilita la obtenci\u00f3n de la nacionalidad estadounidense. Aunque pueden pasar hasta cinco a\u00f1os desde el ajuste de estatus, es posible que pueda acelerar el proceso si su c\u00f3nyuge es ciudadano estadounidense. Adem\u00e1s, tener la residencia permanente puede facilitar que su c\u00f3nyuge o sus familiares obtengan la nacionalidad estadounidense.<\/p>\n<h3>Mayores Oportunidades Y Beneficios Econ\u00f3micos<\/h3>\n<p>Si obtiene el estatuto permanente, puede tener acceso a ciertas ventajas, como ofertas de trabajo m\u00e1s competitivas y cr\u00e9ditos fiscales. Estas prestaciones no est\u00e1n a disposici\u00f3n de los inmigrantes sin estatuto permanente. Adem\u00e1s, el ajuste de su estatus le abre las puertas a otras ayudas financieras, como subvenciones y becas. Por \u00faltimo, una vez que adquiera la nacionalidad estadounidense, podr\u00e1 optar a determinadas prestaciones de la Seguridad Social, como las de invalidez o jubilaci\u00f3n.<\/p>\n<p>En general, cambiar de estatus es una buena manera de ampliar sus oportunidades y aumentar sus posibilidades de convertirse en ciudadano estadounidense. Si usted est\u00e1 considerando el ajuste de estatus en Austin, Texas, es esencial investigar las ventajas y desventajas y contratar a un abogado de inmigraci\u00f3n antes de tomar una decisi\u00f3n. Hacerlo puede ayudarle a asegurarse de que la adaptaci\u00f3n de su situaci\u00f3n es su mejor opci\u00f3n.<\/p>\n<p><img decoding=\"async\" class=\"alignnone size-full wp-image-45597\" src=\"https:\/\/www.abogadakate.com\/wp-content\/uploads\/2024\/07\/an-adjustment-of-status-will-provide-you-with-immigration-benefits-that-can-help-you-find-employment-a-home-and-security-in-the-us.jpg\" alt=\"An Adjustment Of Status Will Provide You With Immigration Benefits That Can Help You Find Employment, A Home And Security In The U.S.\" width=\"100%\" height=\"450\" \/><\/p>\n<h2>Ley De Ajuste Para Los Refugiados Cubanos<\/h2>\n<p>La Ley de Ajuste para los Refugiados Cubanos o CRAA (Cuban Refugee Adjustment Act) es una ley estadounidense promulgada en 1966. Esta ley permite a los refugiados cubanos obtener un ajuste de estatus si llevan al menos un a\u00f1o en Estados Unidos. Tambi\u00e9n deben estar f\u00edsicamente presentes en Austin, Texas, o en otros puntos que determine el Fiscal General.<\/p>\n<p>La CRAA se promulg\u00f3 en respuesta al creciente n\u00famero de cubanos que solicitaban asilo en Estados Unidos. Esta ley tambi\u00e9n les proporciona un ajuste de estatus, lo que les permite solicitar la naturalizaci\u00f3n o la ciudadan\u00eda estadounidense con el tiempo.<\/p>\n<p>El ajuste de estatus permite a los refugiados cubanos ajustar su estatus migratorio de extranjero no residente legal a residente legal permanente (LPR). Una vez concedida la residencia legal, los refugiados cubanos pueden optar a autorizaci\u00f3n de trabajo, acceder a prestaciones sociales y recibir permiso para viajar fuera de Estados Unidos. Los refugiados cubanos deben demostrar que han vivido en Austin, Texas, durante al menos un a\u00f1o antes de la fecha de solicitud del ajuste de estatus.<\/p>\n<p>La Ley de Ajuste para los Refugiados Cubanos proporciona una valiosa herramienta para que los refugiados cubanos obtengan el ajuste de estatus y sigan un camino hacia la residencia legal permanente en Estados Unidos. Esta ley de inmigraci\u00f3n puede darles acceso a muchas oportunidades que de otro modo no habr\u00edan tenido si no hubieran obtenido un ajuste de estatus.<\/p>\n<h2><strong>Deje Que La Abogada Kate Le Represente<\/strong><\/h2>\n<p>Las solicitudes de ajuste de estatuto para asilados y refugiados pueden ser complejas. Presentar los documentos incorrectos o cometer errores en el ajuste de estatus puede dar lugar al rechazo o incluso a la deportaci\u00f3n. La Abogada Kate tiene experiencia y habilidad con las solicitudes de ajuste de estatus y puede ayudar a los refugiados y asilados a asegurar el ajuste de estatus. P\u00f3ngase en contacto con ella hoy mismo para una consulta gratuita.<\/p>\n<p>Al entender el proceso de ajuste y obtener la ayuda de la Abogada Kate, los refugiados pueden aprovechar las oportunidades para obtener el estatus de residencia permanente en los Estados Unidos. Esto les permitir\u00e1 buscar la libertad y la igualdad y tener una vida mejor en Estados Unidos. No espere, p\u00f3ngase en contacto con ellos ahora para obtener ayuda con las solicitudes de ajuste de estatus.<\/p>\n<\/div><\/div><\/div><\/div><\/div>\n","protected":false},"excerpt":{"rendered":"","protected":false},"author":6,"featured_media":0,"parent":927,"menu_order":0,"comment_status":"closed","ping_status":"closed","template":"100-width.php","meta":{"_analytify_skip_tracking":false,"footnotes":""},"class_list":["post-930","page","type-page","status-publish","hentry"],"_links":{"self":[{"href":"https:\/\/www.abogadakate.com\/es\/wp-json\/wp\/v2\/pages\/930","targetHints":{"allow":["GET"]}}],"collection":[{"href":"https:\/\/www.abogadakate.com\/es\/wp-json\/wp\/v2\/pages"}],"about":[{"href":"https:\/\/www.abogadakate.com\/es\/wp-json\/wp\/v2\/types\/page"}],"author":[{"embeddable":true,"href":"https:\/\/www.abogadakate.com\/es\/wp-json\/wp\/v2\/users\/6"}],"replies":[{"embeddable":true,"href":"https:\/\/www.abogadakate.com\/es\/wp-json\/wp\/v2\/comments?post=930"}],"version-history":[{"count":0,"href":"https:\/\/www.abogadakate.com\/es\/wp-json\/wp\/v2\/pages\/930\/revisions"}],"up":[{"embeddable":true,"href":"https:\/\/www.abogadakate.com\/es\/wp-json\/wp\/v2\/pages\/927"}],"wp:attachment":[{"href":"https:\/\/www.abogadakate.com\/es\/wp-json\/wp\/v2\/media?parent=930"}],"curies":[{"name":"wp","href":"https:\/\/api.w.org\/{rel}","templated":true}]}}