{"id":2325,"date":"2024-08-29T02:31:59","date_gmt":"2024-08-29T02:31:59","guid":{"rendered":"https:\/\/www.abogadakate.com\/sobre-nosotros\/"},"modified":"2025-02-07T15:29:44","modified_gmt":"2025-02-07T15:29:44","slug":"sobre-nosotros","status":"publish","type":"page","link":"https:\/\/www.abogadakate.com\/es\/sobre-nosotros\/","title":{"rendered":"Sobre Nosotros"},"content":{"rendered":"<div class=\"fusion-fullwidth fullwidth-box fusion-builder-row-1 fusion-flex-container has-pattern-background has-mask-background nonhundred-percent-fullwidth non-hundred-percent-height-scrolling\" style=\"--awb-border-radius-top-left:0px;--awb-border-radius-top-right:0px;--awb-border-radius-bottom-right:0px;--awb-border-radius-bottom-left:0px;--awb-padding-right:0px;--awb-padding-left:0px;--awb-flex-wrap:wrap;\" ><div class=\"fusion-builder-row fusion-row fusion-flex-align-items-flex-start fusion-flex-content-wrap\" style=\"max-width:1664px;margin-left: calc(-4% \/ 2 );margin-right: calc(-4% \/ 2 );\"><div class=\"fusion-layout-column fusion_builder_column fusion-builder-column-0 fusion_builder_column_1_1 1_1 fusion-flex-column\" style=\"--awb-padding-top-small:15px;--awb-padding-right-small:15px;--awb-padding-bottom-small:15px;--awb-padding-left-small:15px;--awb-bg-size:cover;--awb-width-large:100%;--awb-margin-top-large:0px;--awb-spacing-right-large:1.92%;--awb-margin-bottom-large:20px;--awb-spacing-left-large:1.92%;--awb-width-medium:100%;--awb-order-medium:0;--awb-spacing-right-medium:1.92%;--awb-spacing-left-medium:1.92%;--awb-width-small:100%;--awb-order-small:0;--awb-margin-top-small:0;--awb-spacing-right-small:1.92%;--awb-spacing-left-small:1.92%;\" data-scroll-devices=\"small-visibility,medium-visibility,large-visibility\"><div class=\"fusion-column-wrapper fusion-column-has-shadow fusion-flex-justify-content-flex-start fusion-content-layout-column\"><div class=\"fusion-title title fusion-title-1 fusion-sep-none fusion-title-center fusion-title-text fusion-title-size-one\" style=\"--awb-font-size:42px;\"><h1 class=\"fusion-title-heading title-heading-center\" style=\"margin:0;font-size:1em;line-height:1.2;\">La Abogada Kate Es Su Compa\u00f1era De Confianza En Inmigraci\u00f3n<\/h1><\/div><div class=\"fusion-image-element \" style=\"--awb-mask-url: url(https:\/\/www.abogadakate.com\/wp-content\/plugins\/fusion-builder\/\/assets\/images\/masks\/mask-17.svg);--awb-mask-size: 105%;--awb-margin-bottom:35px;--awb-caption-title-font-family:var(--h2_typography-font-family);--awb-caption-title-font-weight:var(--h2_typography-font-weight);--awb-caption-title-font-style:var(--h2_typography-font-style);--awb-caption-title-size:var(--h2_typography-font-size);--awb-caption-title-transform:var(--h2_typography-text-transform);--awb-caption-title-line-height:var(--h2_typography-line-height);--awb-caption-title-letter-spacing:var(--h2_typography-letter-spacing);\"><span class=\" fusion-imageframe imageframe-none imageframe-1 hover-type-none has-mask\"><img decoding=\"async\" width=\"1200\" height=\"684\" alt=\"Conozca A Las Experimentadas Abogadas De Inmigraci\u00f3n De Abogada Kate\" title=\"Conozca A Las Experimentadas Abogadas De Inmigraci\u00f3n De Abogada Kate\" src=\"https:\/\/www.abogadakate.com\/wp-content\/uploads\/2025\/01\/conozca-a-las-abogadas-de-inmigracion-de-abogada-kate.jpg\" class=\"img-responsive wp-image-2651\" srcset=\"https:\/\/www.abogadakate.com\/wp-content\/uploads\/2025\/01\/conozca-a-las-abogadas-de-inmigracion-de-abogada-kate-200x114.jpg 200w, https:\/\/www.abogadakate.com\/wp-content\/uploads\/2025\/01\/conozca-a-las-abogadas-de-inmigracion-de-abogada-kate-400x228.jpg 400w, https:\/\/www.abogadakate.com\/wp-content\/uploads\/2025\/01\/conozca-a-las-abogadas-de-inmigracion-de-abogada-kate-600x342.jpg 600w, https:\/\/www.abogadakate.com\/wp-content\/uploads\/2025\/01\/conozca-a-las-abogadas-de-inmigracion-de-abogada-kate-800x456.jpg 800w, https:\/\/www.abogadakate.com\/wp-content\/uploads\/2025\/01\/conozca-a-las-abogadas-de-inmigracion-de-abogada-kate.jpg 1200w\" sizes=\"(max-width: 640px) 100vw, 1200px\" \/><\/span><\/div><div class=\"fusion-text fusion-text-1\"><p>Con la Abogada Kate entendemos los retos y emociones ligados a la inmigraci\u00f3n. Con sede en el coraz\u00f3n de Texas, nos apasiona ayudar a personas y familias a manejar las complejidades de la ley de inmigraci\u00f3n. Con a\u00f1os de experiencia, nuestro dedicado equipo dirigido por la Abogada Kate, se compromete a prestar servicios legales compasivos, capacitados y fiables.<\/p>\n<\/div><div class=\"fusion-title title fusion-title-2 fusion-sep-none fusion-title-text fusion-title-size-two\"><h2 class=\"fusion-title-heading title-heading-left\" style=\"margin:0;line-height:1.2;\">Servicio Personalizado Y Compasivo<\/h2><\/div><div class=\"fusion-text fusion-text-2\"><p>Entendemos que los problemas de inmigraci\u00f3n pueden ser abrumadores y profundamente personales. Por eso nos centramos en ofrecer un servicio personalizado a cada cliente. Nos enorgullecemos de ser algo m\u00e1s que asesores legales. Somos sus aliados, estamos a su lado en cada paso del camino. Tanto si usted solicita asilo, una Visa o la ciudadan\u00eda estadounidense, nos esforzamos por hacer que el proceso sea lo m\u00e1s fluido y menos estresante posible mediante nuestras mejores pr\u00e1cticas.<\/p>\n<\/div><div class=\"fusion-title title fusion-title-3 fusion-sep-none fusion-title-text fusion-title-size-three\"><h3 class=\"fusion-title-heading title-heading-left\" style=\"margin:0;line-height:1.2;\">Servicios Integrales<\/h3><\/div><div class=\"fusion-text fusion-text-3\"><p>Nuestros servicios cubren diversas necesidades de inmigraci\u00f3n. Desde peticiones familiares y solicitudes de ciudadan\u00eda hasta defensa contra la deportaci\u00f3n y Visas de Trabajo, nos ocupamos de todo. Cada caso es diferente, y abordamos cada uno con el cuidado y la atenci\u00f3n que merece. Nuestro objetivo es simplificar el proceso y ofrecer una asesor\u00eda clara y directa para que usted pueda tomar decisiones con conocimiento de causa.<\/p>\n<\/div><div class=\"fusion-title title fusion-title-4 fusion-sep-none fusion-title-text fusion-title-size-three\"><h3 class=\"fusion-title-heading title-heading-left\" style=\"margin:0;line-height:1.2;\">Comunicaci\u00f3n Abierta Y Transparencia<\/h3><\/div><div class=\"fusion-text fusion-text-4\"><p>Un aspecto clave de nuestro enfoque es la comunicaci\u00f3n abierta. Creemos que nadie debe sentirse a oscuras sobre su caso. Le mantenemos informado e involucrado desde el principio hasta la resoluci\u00f3n final. Nuestros abogados de inmigraci\u00f3n le explican el proceso en un lenguaje sencillo, evitando la jerga legal que puede resultar confusa.<\/p>\n<\/div><div class=\"fusion-title title fusion-title-5 fusion-sep-none fusion-title-text fusion-title-size-three\"><h3 class=\"fusion-title-heading title-heading-left\" style=\"margin:0;line-height:1.2;\">Defensa Apasionada<\/h3><\/div><div class=\"fusion-text fusion-text-5\"><p>La Abogada Kate no solo tiene experiencia en derecho de inmigraci\u00f3n, sino que le apasiona. Esta pasi\u00f3n la impulsa a ir m\u00e1s all\u00e1 por sus clientes. Se toma el tiempo necesario para comprender su trayectoria, conocer sus objetivos y adaptar sus estrategias para satisfacer sus necesidades espec\u00edficas.<\/p>\n<\/div><div class=\"fusion-title title fusion-title-6 fusion-sep-none fusion-title-text fusion-title-size-three\"><h3 class=\"fusion-title-heading title-heading-left\" style=\"margin:0;line-height:1.2;\">Dedicada A Sus Clientes<\/h3><\/div><div class=\"fusion-text fusion-text-6\"><p>Lo que distingue a la Abogada Kate es su inquebrantable dedicaci\u00f3n a sus clientes. La gente acude a ella en algunos de los momentos m\u00e1s dif\u00edciles de su vida, y ella se siente honrada de formar parte de su historia. Celebra sus \u00e9xitos como si fueran propios.<\/p>\n<\/div><div class=\"fusion-title title fusion-title-7 fusion-sep-none fusion-title-text fusion-title-size-three\"><h3 class=\"fusion-title-heading title-heading-left\" style=\"margin:0;line-height:1.2;\">Personal Amable Y Comprensivo<\/h3><\/div><div class=\"fusion-text fusion-text-7\"><p>La Abogada Kate tambi\u00e9n comprende que el proceso de inmigraci\u00f3n puede ser estresante, por lo que hace todo lo posible para que sea lo m\u00e1s llevadero posible. Su personal atento y compasivo est\u00e1 siempre dispuesto a responder a sus preguntas y a darle a usted la tranquilidad que necesita. La Abogada Kate est\u00e1 aqu\u00ed para aliviar sus preocupaciones y guiarle en cada giro.<\/p>\n<\/div><div class=\"fusion-title title fusion-title-8 fusion-sep-none fusion-title-text fusion-title-size-three\"><h3 class=\"fusion-title-heading title-heading-left\" style=\"margin:0;line-height:1.2;\">Participaci\u00f3n Comunitaria<\/h3><\/div><div class=\"fusion-text fusion-text-8\"><p>Nuestro compromiso con la excelencia se extiende fuera de los tribunales. Participamos activamente en la comunidad de Austin ofreciendo talleres educativos gratuitos y recursos para ayudar a los inmigrantes a comprender sus derechos y opciones. Creemos en devolver y capacitar a nuestra comunidad mediante el conocimiento y el apoyo.<\/p>\n<p>No atraviese solo las complejidades de la ley de inmigraci\u00f3n. Busque la ayuda de un profesional de inmigraci\u00f3n que pueda guiarle con una atenci\u00f3n personalizada, un servicio integral y un apoyo inquebrantable. Juntos podemos convertir sus esperanzas en realidad.<\/p>\n<\/div><div class=\"fusion-title title fusion-title-9 fusion-sep-none fusion-title-text fusion-title-size-two\"><h2 class=\"fusion-title-heading title-heading-left\" style=\"margin:0;line-height:1.2;\">\u00danase A La Familia Abogada Kate<\/h2><\/div><div class=\"fusion-text fusion-text-9\"><p>Elegir al abogado de inmigraci\u00f3n adecuado es crucial. La Abogada Kate se dedica a prestar el m\u00e1ximo nivel de servicio y a lograr los mejores resultados posibles para nuestros clientes. Estamos orgullosos de la reputaci\u00f3n que nos hemos forjado y de la confianza que nos han otorgado nuestros clientes a lo largo de los a\u00f1os.<\/p>\n<p><strong><a href=\"https:\/\/www.abogadakate.com\/es\/abogada-de-inmigracion-de-austin\/\">Nuestra pr\u00e1ctica abarca varios aspectos de la ley de inmigraci\u00f3n<\/a>, <\/strong>lo que garantiza que podamos ocuparnos incluso de los casos m\u00e1s complejos. Desde la inmigraci\u00f3n basada en la familia hasta la defensa contra la deportaci\u00f3n, adaptamos nuestro enfoque para satisfacer sus necesidades particulares. Estamos al tanto de los \u00faltimos cambios en las pol\u00edticas de inmigraci\u00f3n para ofrecerle la mejor orientaci\u00f3n posible.<\/p>\n<p>Deseamos trabajar con usted y ayudarle a conseguir sus objetivos. <a href=\"https:\/\/www.abogadakate.com\/es\/contactenos\/\"><strong>P\u00f3ngase en contacto con nosotros<\/strong><\/a> para programar una evaluaci\u00f3n gratuita y dar el primer paso hacia un futuro mejor.<\/p>\n<\/div><\/div><\/div><\/div><\/div>\n","protected":false},"excerpt":{"rendered":"","protected":false},"author":6,"featured_media":0,"parent":0,"menu_order":0,"comment_status":"closed","ping_status":"closed","template":"100-width.php","meta":{"_analytify_skip_tracking":false,"footnotes":""},"class_list":["post-2325","page","type-page","status-publish","hentry"],"_links":{"self":[{"href":"https:\/\/www.abogadakate.com\/es\/wp-json\/wp\/v2\/pages\/2325","targetHints":{"allow":["GET"]}}],"collection":[{"href":"https:\/\/www.abogadakate.com\/es\/wp-json\/wp\/v2\/pages"}],"about":[{"href":"https:\/\/www.abogadakate.com\/es\/wp-json\/wp\/v2\/types\/page"}],"author":[{"embeddable":true,"href":"https:\/\/www.abogadakate.com\/es\/wp-json\/wp\/v2\/users\/6"}],"replies":[{"embeddable":true,"href":"https:\/\/www.abogadakate.com\/es\/wp-json\/wp\/v2\/comments?post=2325"}],"version-history":[{"count":0,"href":"https:\/\/www.abogadakate.com\/es\/wp-json\/wp\/v2\/pages\/2325\/revisions"}],"wp:attachment":[{"href":"https:\/\/www.abogadakate.com\/es\/wp-json\/wp\/v2\/media?parent=2325"}],"curies":[{"name":"wp","href":"https:\/\/api.w.org\/{rel}","templated":true}]}}