{"id":2110,"date":"2025-02-07T15:31:38","date_gmt":"2025-02-07T15:31:38","guid":{"rendered":"https:\/\/www.abogadakate.com\/?page_id=2110"},"modified":"2025-02-07T15:31:38","modified_gmt":"2025-02-07T15:31:38","slug":"testimonios","status":"publish","type":"page","link":"https:\/\/www.abogadakate.com\/es\/testimonios\/","title":{"rendered":"Testimonios"},"content":{"rendered":"<p><div class=\"fusion-fullwidth fullwidth-box fusion-builder-row-1 fusion-flex-container nonhundred-percent-fullwidth non-hundred-percent-height-scrolling\" style=\"--awb-border-radius-top-left:0px;--awb-border-radius-top-right:0px;--awb-border-radius-bottom-right:0px;--awb-border-radius-bottom-left:0px;--awb-flex-wrap:wrap;\" ><div class=\"fusion-builder-row fusion-row fusion-flex-align-items-flex-start fusion-flex-content-wrap\" style=\"max-width:1664px;margin-left: calc(-4% \/ 2 );margin-right: calc(-4% \/ 2 );\"><div class=\"fusion-layout-column fusion_builder_column fusion-builder-column-0 fusion_builder_column_1_1 1_1 fusion-flex-column\" style=\"--awb-bg-size:cover;--awb-width-large:100%;--awb-margin-top-large:50px;--awb-spacing-right-large:1.92%;--awb-margin-bottom-large:70px;--awb-spacing-left-large:1.92%;--awb-width-medium:100%;--awb-order-medium:0;--awb-spacing-right-medium:1.92%;--awb-spacing-left-medium:1.92%;--awb-width-small:100%;--awb-order-small:0;--awb-spacing-right-small:1.92%;--awb-spacing-left-small:1.92%;\"><div class=\"fusion-column-wrapper fusion-column-has-shadow fusion-flex-justify-content-flex-start fusion-content-layout-column\"><div class=\"fusion-title title fusion-title-1 fusion-sep-none fusion-title-center fusion-title-text fusion-title-size-one\" style=\"--awb-margin-top:0px;--awb-margin-bottom:45px;\"><h1 class=\"fusion-title-heading title-heading-center\" style=\"margin:0;\"><p style=\"text-align: center;\">Lo Que Dicen Los Clientes De Abogada Kate<\/p><\/h1><\/div><div class='youtube_codegena' id='iykis6sUY78' data-params='?&theme=dark&autoplay=1&autohide=2&modestbranding=1&fs=0&showinfo=0&rel=0' src='https:\/\/www.abogadakate.com\/wp-content\/uploads\/2024\/08\/see-the-experiences-our-clients-had-with-us.jpg' style='width:100%; aspect-ratio: 16\/9 !important;margin: 0 auto;max-width: 60vw !important;'><\/div><script src='https:\/\/rawgit.com\/shaneapen\/Async-Youtube-Player\/master\/async_youtube_player.js'><\/script><\/div><\/div><\/div><\/div><div class=\"fusion-fullwidth fullwidth-box fusion-builder-row-2 fusion-flex-container nonhundred-percent-fullwidth non-hundred-percent-height-scrolling\" style=\"--awb-border-radius-top-left:0px;--awb-border-radius-top-right:0px;--awb-border-radius-bottom-right:0px;--awb-border-radius-bottom-left:0px;--awb-flex-wrap:wrap;\" ><div class=\"fusion-builder-row fusion-row fusion-flex-align-items-flex-start fusion-flex-content-wrap\" style=\"max-width:1664px;margin-left: calc(-4% \/ 2 );margin-right: calc(-4% \/ 2 );\"><div class=\"fusion-layout-column fusion_builder_column fusion-builder-column-1 fusion_builder_column_1_1 1_1 fusion-flex-column\" style=\"--awb-bg-size:cover;--awb-width-large:100%;--awb-margin-top-large:0px;--awb-spacing-right-large:1.92%;--awb-margin-bottom-large:20px;--awb-spacing-left-large:1.92%;--awb-width-medium:100%;--awb-order-medium:0;--awb-spacing-right-medium:1.92%;--awb-spacing-left-medium:1.92%;--awb-width-small:100%;--awb-order-small:0;--awb-spacing-right-small:1.92%;--awb-spacing-left-small:1.92%;\"><div class=\"fusion-column-wrapper fusion-column-has-shadow fusion-flex-justify-content-flex-start fusion-content-layout-column\"><div class=\"fusion-text fusion-text-1\" style=\"--awb-content-alignment:center;--awb-font-size:20px;--awb-text-transform:none;\"><p>Es dif\u00edcil encontrar un abogado en quien puedas confiar o saber si es el apropiado para ti. En vez de escuchar esto de nosotros, aqu\u00ed puedes o\u00edrlo de nuestros clientes. Lee estos testimonios. Encuentra uno que sea similar al tuyo, uno que te de un poco de confianza y tal vez un d\u00eda, ser\u00e1s t\u00fa quien nos deje una rese\u00f1a de 5 estrellas gracias a la experiencia que tuviste.<\/p>\n<\/div><\/div><\/div><\/div><\/div><div class=\"fusion-fullwidth fullwidth-box fusion-builder-row-3 fusion-flex-container nonhundred-percent-fullwidth non-hundred-percent-height-scrolling fusion-custom-z-index\" style=\"--awb-border-radius-top-left:0px;--awb-border-radius-top-right:0px;--awb-border-radius-bottom-right:0px;--awb-border-radius-bottom-left:0px;--awb-z-index:0;--awb-padding-bottom:0px;--awb-margin-top:-200px;--awb-margin-bottom:-20px;--awb-margin-top-small:0px;--awb-flex-wrap:wrap;\" ><div class=\"fusion-builder-row fusion-row fusion-flex-align-items-flex-start fusion-flex-content-wrap\" style=\"max-width:1664px;margin-left: calc(-4% \/ 2 );margin-right: calc(-4% \/ 2 );\"><div class=\"fusion-layout-column fusion_builder_column fusion-builder-column-2 fusion_builder_column_1_1 1_1 fusion-flex-column\" style=\"--awb-bg-size:cover;--awb-width-large:100%;--awb-margin-top-large:0px;--awb-spacing-right-large:1.92%;--awb-margin-bottom-large:20px;--awb-spacing-left-large:1.92%;--awb-width-medium:100%;--awb-order-medium:0;--awb-spacing-right-medium:1.92%;--awb-spacing-left-medium:1.92%;--awb-width-small:100%;--awb-order-small:0;--awb-spacing-right-small:1.92%;--awb-spacing-left-small:1.92%;\"><div class=\"fusion-column-wrapper fusion-column-has-shadow fusion-flex-justify-content-flex-start fusion-content-layout-column\"><div class=\"fusion-section-separator section-separator waves fusion-section-separator-1\" style=\"--awb-spacer-padding-top:15.8203125%;--awb-svg-margin-left:1.92%;--awb-svg-margin-right:1.92%;--awb-svg-margin-left-medium:1.92%;--awb-svg-margin-right-medium:1.92%;--awb-svg-margin-left-small:1.92%;--awb-svg-margin-right-small:1.92%;--awb-sep-font-size:0;--awb-sep-line-height:0;\"><div class=\"fusion-section-separator-svg\"><svg class=\"fusion-waves-candy\" xmlns=\"http:\/\/www.w3.org\/2000\/svg\" version=\"1.1\" width=\"100%\" viewBox=\"0 54 1024 162\" preserveAspectRatio=\"none\" fill=\"rgba(249,249,251,1)\"><path class=\"st3\" d=\"M0 216.312h1024v-3.044c-50.8-17.1-108.7-30.7-172.7-37.9-178.6-19.8-220 36.8-404.9 21.3-206.6-17.2-228-126.5-434.5-141.6-3.9-.3-7.9-.5-11.9-.7v161.944z\"\/><\/svg><\/div><div class=\"fusion-section-separator-spacer\"><div class=\"fusion-section-separator-spacer-height\"><\/div><\/div><\/div><\/div><\/div><\/div><\/div><div class=\"fusion-fullwidth fullwidth-box fusion-builder-row-4 fusion-flex-container has-pattern-background has-mask-background nonhundred-percent-fullwidth non-hundred-percent-height-scrolling\" style=\"--awb-border-radius-top-left:0px;--awb-border-radius-top-right:0px;--awb-border-radius-bottom-right:0px;--awb-border-radius-bottom-left:0px;--awb-padding-top:0px;--awb-padding-bottom:60px;--awb-margin-top:0px;--awb-background-color:#f9f9fb;--awb-flex-wrap:wrap;\" ><div class=\"fusion-builder-row fusion-row fusion-flex-align-items-flex-start fusion-flex-content-wrap\" style=\"max-width:1664px;margin-left: calc(-4% \/ 2 );margin-right: calc(-4% \/ 2 );\"><div class=\"fusion-layout-column fusion_builder_column fusion-builder-column-3 fusion_builder_column_1_1 1_1 fusion-flex-column\" style=\"--awb-padding-right:7.5vw;--awb-padding-left:7.5vw;--awb-bg-size:cover;--awb-width-large:100%;--awb-margin-top-large:0px;--awb-spacing-right-large:1.92%;--awb-margin-bottom-large:20px;--awb-spacing-left-large:1.92%;--awb-width-medium:100%;--awb-order-medium:0;--awb-spacing-right-medium:1.92%;--awb-spacing-left-medium:1.92%;--awb-width-small:100%;--awb-order-small:0;--awb-spacing-right-small:1.92%;--awb-spacing-left-small:1.92%;\" data-scroll-devices=\"small-visibility,medium-visibility,large-visibility\"><div class=\"fusion-column-wrapper fusion-column-has-shadow fusion-flex-justify-content-flex-start fusion-content-layout-column\"><div class=\"fusion-title title fusion-title-2 fusion-sep-none fusion-title-center fusion-title-text fusion-title-size-two\" style=\"--awb-margin-top:0px;--awb-margin-bottom:20px;\"><h2 class=\"fusion-title-heading title-heading-center\" style=\"margin:0;\">Nuestras Rese\u00f1as De Inmigraci\u00f3n En Google<\/h2><\/div><div class=\"fusion-testimonials clean awb-speech-bubble-show fusion-testimonials-1\" style=\"--awb-textcolor:var(--awb-color8);--awb-testimonial-text-line-height:1.5em;--awb-backgroundcolor:var(--awb-color2);--awb-margin-bottom:7.5vw;--awb-testimonial-border-style:solid;--awb-testimonial-border-color:var(--awb-color3);--awb-navigation-size:12px;--awb-border-top-left-radius:0px;--awb-border-top-right-radius:0px;--awb-border-bottom-left-radius:0px;--awb-border-bottom-right-radius:0px;--testimonial-border-width-top:0px;--testimonial-border-width-right:0px;--testimonial-border-width-bottom:0px;--testimonial-border-width-left:0px;\" data-random=\"0\" data-speed=\"7500\"><div class=\"reviews\"><div class=\"review active-testimonial avatar-above male\"><div class=\"testimonial-thumbnail doe\"><\/div><blockquote class=\"testimonials-shortcode-blockquote\"><div class=\"awb-quote\"><div class=\"awb-quote-content\">Mi experiencia en general ha sido excelente en la comunicaci\u00f3n profesional, seguimiento continuo, dispuesto a responder a cualquier y todas las preguntas. Recomiendo encarecidamente esta empresa para cualquiera de sus necesidades legales y parece que he construido una relaci\u00f3n y seguir\u00e1 utilizando en el futuro para cualquiera de mis otras necesidades. Si pudiera calificarlos con 10 estrellas, lo har\u00eda, y gracias de nuevo a todo el equipo que ha hecho de esta una experiencia excepcional.<\/div><\/div><\/blockquote><div class=\"author\"><span class=\"company-name\"><strong>Matt Lester<\/strong>, <span>Google<\/span><\/span><\/div><\/div><div class=\"review avatar-above male\"><div class=\"testimonial-thumbnail doe\"><\/div><blockquote class=\"testimonials-shortcode-blockquote\"><div class=\"awb-quote\"><div class=\"awb-quote-content\">\n<p>Estoy trabajando con Lincoln-Goldfinch Law para el caso de inmigraci\u00f3n de mi esposa. Han sido de gran ayuda. Han respondido a todas mis preguntas de manera oportuna y siempre son profesionales. Espero que en unos pocos a\u00f1os para tener una tarjeta verde para mi esposa para que podamos felizmente pasar el resto de nuestra vida juntos. Yo recomiendo Lincoln-Goldfinsh Law si usted necesita ayuda con asuntos de inmigraci\u00f3n.<\/p>\n<\/div><\/div><\/blockquote><div class=\"author\"><span class=\"company-name\"><strong>Matthew Faxon<\/strong>, <span>Google<\/span><\/span><\/div><\/div><div class=\"review avatar-above male\"><div class=\"testimonial-thumbnail doe\"><\/div><blockquote class=\"testimonials-shortcode-blockquote\"><div class=\"awb-quote\"><div class=\"awb-quote-content\">\n<p>Tuve llamadas de consulta con Janelle Portugal que fueron muy \u00fatiles. Escucha las preguntas con mucha atenci\u00f3n y las aborda con mucha claridad. Adem\u00e1s, tiene una actitud muy positiva. Creo que sus consejos son muy pr\u00e1cticos y \u00fatiles, y ahora me siento muy segura despu\u00e9s de haber recibido sus consejos. Sin duda recomendar\u00eda a Janelle a todo el mundo.<\/p>\n<\/div><\/div><\/blockquote><div class=\"author\"><span class=\"company-name\"><strong> Kerem Yener Toklu<\/strong>, <span>Google<\/span><\/span><\/div><\/div><div class=\"review avatar-above male\"><div class=\"testimonial-thumbnail doe\"><\/div><blockquote class=\"testimonials-shortcode-blockquote\"><div class=\"awb-quote\"><div class=\"awb-quote-content\">\n<p>Son gente muy amable. El servicio es muy eficiente, con poco tiempo de espera para las citas. Se mantienen en contacto con el proceso de su caso en cada paso del camino. En general, un gran bufete para representarte de cualquier manera.<\/p>\n<\/div><\/div><\/blockquote><div class=\"author\"><span class=\"company-name\"><strong>Gustavo Flores<\/strong>, <span>Google<\/span><\/span><\/div><\/div><div class=\"review avatar-above male\"><div class=\"testimonial-thumbnail doe\"><\/div><blockquote class=\"testimonials-shortcode-blockquote\"><div class=\"awb-quote\"><div class=\"awb-quote-content\">\n<p>Muy \u00fatil cada vez que llam\u00e9 para pedir ayuda Alexis Orozco , Tomas y loren .Lo que particularmente se destac\u00f3 para m\u00ed fue ,la dedicaci\u00f3n y la atenci\u00f3n al detalle. Por ejemplo, revisaron meticulosamente todos los documentos e identificaron una prueba crucial que reforz\u00f3 significativamente mi caso. Su enfoque estrat\u00e9gico y la preparaci\u00f3n minuciosa eran evidentes, y que hizo una diferencia sustancial en el outcom<\/p>\n<\/div><\/div><\/blockquote><div class=\"author\"><span class=\"company-name\"><strong>Mario Lujan<\/strong>, <span>Google<\/span><\/span><\/div><\/div><div class=\"review avatar-above male\"><div class=\"testimonial-thumbnail doe\"><\/div><blockquote class=\"testimonials-shortcode-blockquote\"><div class=\"awb-quote\"><div class=\"awb-quote-content\">\n<p>Kate y su equipo son incre\u00edbles. Me han ayudado mucho a presentar el I130 para mi marido. Con un costo extremadamente bajo para un abogado, nos dieron toda la informaci\u00f3n que necesit\u00e1bamos para enviar.<br \/>\n\u00a1No puedo agradecerles lo suficiente por toda su ayuda!<br \/>\n\u00a1He hablado con muchos abogados de inmigraci\u00f3n, y Kate, de hecho est\u00e1 en ella porque ella realmente se preocupa!<\/p>\n<\/div><\/div><\/blockquote><div class=\"author\"><span class=\"company-name\"><strong>Tiffany Suarez<\/strong>, <span>Google<\/span><\/span><\/div><\/div><div class=\"review avatar-above male\"><div class=\"testimonial-thumbnail doe\"><\/div><blockquote class=\"testimonials-shortcode-blockquote\"><div class=\"awb-quote\"><div class=\"awb-quote-content\">\n<p>Trabajamos con LGL para nuestra I-601A y fueron s\u00faper comprensivos y comunicativos durante todo el proceso. Nuestro equipo legal siempre respondi\u00f3 a nuestras preguntas y proporcion\u00f3 claridad sobre qu\u00e9 esperar en cada paso. En general, ha sido una gran experiencia trabajar con LGL y su personal.<\/p>\n<\/div><\/div><\/blockquote><div class=\"author\"><span class=\"company-name\"><strong>Angelica Rodriguez<\/strong>, <span>Google<\/span><\/span><\/div><\/div><div class=\"review avatar-above male\"><div class=\"testimonial-thumbnail doe\"><\/div><blockquote class=\"testimonials-shortcode-blockquote\"><div class=\"awb-quote\"><div class=\"awb-quote-content\">\n<p>Estamos muy contentos y satisfechos de trabajar con este incre\u00edble equipo. Desde el primer d\u00eda nos hicieron sentir muy confiados y seguros sobre nuestro caso. Han respondido a cada duda y situaci\u00f3n que nos hemos encontrado por el camino; siempre siendo muy diligentes y de manera oportuna lo que hizo que todo el proceso fuera incre\u00edblemente fluido. \u00a1Muchas gracias por todo lo que han hecho! Si alguna vez lo necesitamos&#8230; sin duda volver\u00edamos a trabajar con ellos.<\/p>\n<\/div><\/div><\/blockquote><div class=\"author\"><span class=\"company-name\"><strong>Guada JM<\/strong>, <span>Google<\/span><\/span><\/div><\/div><div class=\"review avatar-above male\"><div class=\"testimonial-thumbnail doe\"><\/div><blockquote class=\"testimonials-shortcode-blockquote\"><div class=\"awb-quote\"><div class=\"awb-quote-content\">\n<p>Tuve una gran experiencia con su oficina. Siempre estaban dispuestos a responder a mis preguntas. Eran grandes en la preparaci\u00f3n de m\u00ed y me gu\u00eda a trav\u00e9s de los diferentes pasos para obtener mi tarjeta verde. Altamente recomendado<\/p>\n<\/div><\/div><\/blockquote><div class=\"author\"><span class=\"company-name\"><strong>Adam King<\/strong>, <span>Google<\/span><\/span><\/div><\/div><div class=\"review avatar-above male\"><div class=\"testimonial-thumbnail doe\"><\/div><blockquote class=\"testimonials-shortcode-blockquote\"><div class=\"awb-quote\"><div class=\"awb-quote-content\">\n<p>Hoy estoy feliz y emocionada, me llamo mi abogado diciendome que ya recibi mi permiso de trabajo, gracias a Dios y con su ayuda obtuve mi permiso en poco tiempo. Mi servicio bueno, amabilidad y respeto, muy profesionales conmigo. Los recomiendo ampliamente. Gracias por su ayuda.<\/p>\n<\/div><\/div><\/blockquote><div class=\"author\"><span class=\"company-name\"><strong>Leticia Alalcon<\/strong>, <span>Google<\/span><\/span><\/div><\/div><\/div><\/div><\/div><\/div><\/div><\/div><\/p>\n","protected":false},"excerpt":{"rendered":"","protected":false},"author":6,"featured_media":0,"parent":0,"menu_order":0,"comment_status":"closed","ping_status":"closed","template":"100-width.php","meta":{"_analytify_skip_tracking":false,"footnotes":""},"class_list":["post-2110","page","type-page","status-publish","hentry"],"_links":{"self":[{"href":"https:\/\/www.abogadakate.com\/es\/wp-json\/wp\/v2\/pages\/2110","targetHints":{"allow":["GET"]}}],"collection":[{"href":"https:\/\/www.abogadakate.com\/es\/wp-json\/wp\/v2\/pages"}],"about":[{"href":"https:\/\/www.abogadakate.com\/es\/wp-json\/wp\/v2\/types\/page"}],"author":[{"embeddable":true,"href":"https:\/\/www.abogadakate.com\/es\/wp-json\/wp\/v2\/users\/6"}],"replies":[{"embeddable":true,"href":"https:\/\/www.abogadakate.com\/es\/wp-json\/wp\/v2\/comments?post=2110"}],"version-history":[{"count":0,"href":"https:\/\/www.abogadakate.com\/es\/wp-json\/wp\/v2\/pages\/2110\/revisions"}],"wp:attachment":[{"href":"https:\/\/www.abogadakate.com\/es\/wp-json\/wp\/v2\/media?parent=2110"}],"curies":[{"name":"wp","href":"https:\/\/api.w.org\/{rel}","templated":true}]}}