{"id":1211,"date":"2024-06-28T02:28:23","date_gmt":"2024-06-28T02:28:23","guid":{"rendered":"https:\/\/www.abogadakate.com\/?page_id=1211"},"modified":"2024-10-08T18:52:19","modified_gmt":"2024-10-08T18:52:19","slug":"politica-de-privacidad","status":"publish","type":"page","link":"https:\/\/www.abogadakate.com\/es\/politica-de-privacidad\/","title":{"rendered":"Pol\u00edtica De Privacidad"},"content":{"rendered":"<div class=\"fusion-fullwidth fullwidth-box fusion-builder-row-1 fusion-flex-container nonhundred-percent-fullwidth non-hundred-percent-height-scrolling\" style=\"--awb-border-radius-top-left:0px;--awb-border-radius-top-right:0px;--awb-border-radius-bottom-right:0px;--awb-border-radius-bottom-left:0px;--awb-flex-wrap:wrap;\" ><div class=\"fusion-builder-row fusion-row fusion-flex-align-items-flex-start fusion-flex-content-wrap\" style=\"max-width:1664px;margin-left: calc(-4% \/ 2 );margin-right: calc(-4% \/ 2 );\"><div class=\"fusion-layout-column fusion_builder_column fusion-builder-column-0 fusion_builder_column_1_1 1_1 fusion-flex-column\" style=\"--awb-bg-size:cover;--awb-width-large:100%;--awb-margin-top-large:0px;--awb-spacing-right-large:1.92%;--awb-margin-bottom-large:0px;--awb-spacing-left-large:1.92%;--awb-width-medium:100%;--awb-spacing-right-medium:1.92%;--awb-spacing-left-medium:1.92%;--awb-width-small:100%;--awb-spacing-right-small:1.92%;--awb-spacing-left-small:1.92%;\"><div class=\"fusion-column-wrapper fusion-flex-justify-content-flex-start fusion-content-layout-column\"><div class=\"fusion-title title fusion-title-1 fusion-sep-none fusion-title-center fusion-title-text fusion-title-size-one\"><h1 class=\"fusion-title-heading title-heading-center\" style=\"margin:0;\">Pol\u00edtica De Privacidad<\/h1><\/div><div class=\"fusion-text fusion-text-1\" style=\"--awb-text-transform:none;\"><p><a href=\"https:\/\/www.abogadakate.com\/es\/\">AbogadaKate.com<\/a> <strong>respeta su privacidad.<\/strong><\/p>\n<p>En consecuencia, hemos elaborado esta Pol\u00edtica para que usted comprenda c\u00f3mo recogemos, utilizamos, comunicamos y hacemos uso de la informaci\u00f3n personal. A continuaci\u00f3n se describe nuestra Pol\u00edtica de Privacidad.<\/p>\n<p>Al acceder a nuestro sitio web, <a href=\"https:\/\/www.abogadakate.com\/es\/\">AbogadaKate.com<\/a> obtendr\u00e1 cierta informaci\u00f3n sobre usted durante su visita.<\/p>\n<p>Nuestro sitio web utiliza una tecnolog\u00eda est\u00e1ndar denominada \u00abcookies\u00bb (v\u00e9ase la explicaci\u00f3n m\u00e1s abajo, \u00ab\u00bfQu\u00e9 son las cookies?\u00bb) y los registros del servidor web para recopilar informaci\u00f3n sobre c\u00f3mo se utiliza nuestro sitio web. La informaci\u00f3n recopilada a trav\u00e9s de las cookies y los registros del servidor web puede incluir la fecha y la hora de las visitas, las p\u00e1ginas visitadas, el tiempo de permanencia en nuestro sitio web y los sitios web visitados justo antes y despu\u00e9s de nuestro sitio web, as\u00ed como su direcci\u00f3n IP.<\/p>\n<h2>\u00bfQu\u00e9 Son Las Cookies?<\/h2>\n<p>Una cookie es un documento de texto muy peque\u00f1o, que suele incluir un identificador \u00fanico an\u00f3nimo. Cuando usted visita un sitio web, el ordenador de ese sitio web le pide permiso para almacenar este archivo en una parte de su disco duro designada espec\u00edficamente para las cookies. Cada sitio web puede enviar su propia cookie a su navegador si las preferencias de \u00e9ste lo permiten, pero (para proteger su privacidad) su navegador s\u00f3lo permite que un sitio web acceda a las cookies que ya le ha enviado, no a las cookies que le han enviado otros sitios web.<\/p>\n<h2>Este Sitio Web Utiliza Anuncios De Google<\/h2>\n<p>Este sitio web utiliza el servicio de Remarketing de Anuncios de Google para hacer publicidad en sitios web de terceros (incluido Google) a visitantes anteriores de nuestro sitio. Podr\u00eda significar que hacemos publicidad a visitantes anteriores que no han completado una tarea en nuestro sitio, por ejemplo, utilizando el formulario de contacto para hacer una consulta. Esto podr\u00eda ser en forma de un anuncio en la p\u00e1gina de resultados de b\u00fasqueda de Google o un sitio en la Red de Display de Google. Los proveedores de terceros, incluido Google, utilizan cookies para publicar anuncios basados en las visitas anteriores de alguien a este sitio web. Por supuesto, todos los datos recogidos se utilizar\u00e1n de acuerdo con nuestra propia pol\u00edtica de privacidad y la pol\u00edtica de privacidad de Google.<\/p>\n<p>Puede establecer sus preferencias sobre el modo en que Google le hace publicidad mediante la p\u00e1gina de Preferencias de Anuncios de Google y, si lo desea, puede inhabilitar por completo la publicidad basada en intereses mediante la configuraci\u00f3n de las cookies o de forma permanente mediante un complemento del navegador.<\/p>\n<p>El Remarketing de Anuncios de Google es un servicio de Remarketing y Segmentaci\u00f3n por Comportamiento (Behavioral Targeting) proporcionado por Google. Conecta la actividad de <a href=\"https:\/\/www.abogadakate.com\/es\/\">AbogadaKate.com<\/a> con la red publicitaria de Anuncios de Google y las cookies de DoubleClick. Puede excluirse del seguimiento de las cookies aqu\u00ed: <a href=\"https:\/\/support.google.com\/ads\/answer\/2662922?hl=en\" target=\"_blank\" rel=\"noopener noreferrer\">https:\/\/support.google.com\/ads\/answer\/2662922?hl=en<\/a><\/p>\n<p>Datos Personales Recopilados: Cookies y Datos de Uso. Lugar de Procesamiento: EE. UU.<\/p>\n<h2>Direcciones IP<\/h2>\n<p>Las direcciones IP son utilizadas por su ordenador cada vez que se conecta a Internet. Su direcci\u00f3n IP es un n\u00famero que utilizan los ordenadores de la red para identificar su ordenador. Las direcciones IP son recogidas autom\u00e1ticamente por nuestro servidor web como parte de los datos demogr\u00e1ficos y de perfil conocidos como \u00abdatos de tr\u00e1fico\u00bb para poder enviarle datos (como las p\u00e1ginas web que solicita).<\/p>\n<h2>Informaci\u00f3n De Correo Electr\u00f3nico<\/h2>\n<p>Si decide mantener correspondencia con nosotros a trav\u00e9s del correo electr\u00f3nico, podemos conservar el contenido de sus mensajes de correo electr\u00f3nico junto con su direcci\u00f3n de correo electr\u00f3nico y nuestras respuestas. Proporcionamos las mismas protecciones para estas comunicaciones electr\u00f3nicas que empleamos en el mantenimiento de la informaci\u00f3n recibida en l\u00ednea, por correo y por tel\u00e9fono.<\/p>\n<h2>\u00bfC\u00f3mo Utilizamos La Informaci\u00f3n Que Nos Proporciona?<\/h2>\n<p>En t\u00e9rminos generales, utilizamos la informaci\u00f3n personal con el fin de administrar nuestras actividades comerciales, proporcionar servicio al cliente y poner a disposici\u00f3n de nuestros clientes y posibles clientes otros art\u00edculos y servicios.<\/p>\n<p><a href=\"https:\/\/www.abogadakate.com\/es\/\">AbogadaKate.com<\/a> no obtendr\u00e1 informaci\u00f3n personal identificable sobre usted cuando visite nuestro sitio web, a menos que decida proporcionarnos dicha informaci\u00f3n, ni tampoco se vender\u00e1 o transferir\u00e1 de otro modo a terceros no afiliados sin la aprobaci\u00f3n del usuario en el momento de la recopilaci\u00f3n.<\/p>\n<p>Podemos revelar informaci\u00f3n cuando estemos legalmente obligados a hacerlo, es decir, cuando, de buena fe, creamos que la ley lo requiere o para la protecci\u00f3n de nuestros derechos legales.<\/p>\n<p>No se compartir\u00e1 informaci\u00f3n m\u00f3vil con terceros\/afiliados con fines de marketing\/promoci\u00f3n. Todas las dem\u00e1s categor\u00edas excluyen los datos y el consentimiento del remitente de los mensajes de texto; esta informaci\u00f3n no se compartir\u00e1 con terceros.<\/p>\n<h2>\u00bfC\u00f3mo Protegemos Su Informaci\u00f3n Y Aseguramos Las Transmisiones De Informaci\u00f3n?<\/h2>\n<p>El correo electr\u00f3nico no est\u00e1 reconocido como un medio de comunicaci\u00f3n seguro. Por este motivo, le rogamos que no nos env\u00ede informaci\u00f3n privada por correo electr\u00f3nico. Sin embargo, est\u00e1 permitido hacerlo, pero bajo su propio riesgo. Parte de la informaci\u00f3n que puede introducir en nuestro sitio web puede ser transmitida de forma segura a trav\u00e9s de un medio conocido como Secure Sockets Layer, o SSL. La informaci\u00f3n de las tarjetas de cr\u00e9dito nunca se transmite por correo electr\u00f3nico.<\/p>\n<p>Nuestro sitio web, <a href=\"https:\/\/www.abogadakate.com\/es\/\">AbogadaKate.com<\/a> puede utilizar programas de software para crear estad\u00edsticas resumidas, que se utilizan para fines tales como evaluar el n\u00famero de visitantes a las diferentes secciones de nuestro sitio, qu\u00e9 informaci\u00f3n es de mayor y menor inter\u00e9s, determinar las especificaciones de dise\u00f1o t\u00e9cnico e identificar el rendimiento del sistema o las \u00e1reas problem\u00e1ticas.<\/p>\n<p>Por motivos de seguridad del sitio y para garantizar que este servicio siga estando disponible para todos los usuarios, <a href=\"https:\/\/www.abogadakate.com\/es\/\">AbogadaKate.com<\/a> utiliza programas de software para supervisar el tr\u00e1fico de la red con el fin de identificar los intentos no autorizados de cargar o cambiar la informaci\u00f3n, o de causar da\u00f1os de otro modo.<\/p>\n<h2>Cambios En La Pol\u00edtica<\/h2>\n<p>Nos reservamos el derecho a modificar esta <strong>Pol\u00edtica de Privacidad<\/strong> en cualquier momento con o sin previo aviso. Sin embargo, tenga la seguridad de que si la Pol\u00edtica de Privacidad cambia en el futuro, no utilizaremos la informaci\u00f3n personal que nos ha enviado en virtud de esta Pol\u00edtica de Privacidad de una manera que sea materialmente inconsistente con esta Pol\u00edtica de Privacidad, sin su consentimiento previo.<\/p>\n<p>Nos comprometemos a llevar a cabo nuestra actividad de acuerdo con estos principios para garantizar la protecci\u00f3n y el mantenimiento de la confidencialidad de la informaci\u00f3n personal.<\/p>\n<h2>Privacidad De Los Ni\u00f1os<\/h2>\n<p>No recopilamos conscientemente informaci\u00f3n personal de ni\u00f1os menores de 18 a\u00f1os. Si es menor de edad, no nos proporcione a nosotros ni a otros visitantes del sitio web ninguna informaci\u00f3n personal. Si nos enteramos de que tenemos informaci\u00f3n personal de un ni\u00f1o menor de 18 a\u00f1os, eliminaremos esa informaci\u00f3n de nuestros sistemas.<\/p>\n<p><a href=\"https:\/\/www.abogadakate.com\/es\/\">AbogadaKate.com<\/a> anima a los padres a conectarse a Internet con sus hijos. He aqu\u00ed algunos consejos para ayudar a que la experiencia online de los ni\u00f1os sea m\u00e1s segura:<\/p>\n<p>Ense\u00f1e a los ni\u00f1os a no dar nunca informaci\u00f3n personal, a no ser que est\u00e9n supervisados por un padre o un adulto responsable. \u00c9sto incluye nombre, direcci\u00f3n, tel\u00e9fono, escuela, etc.<\/p>\n<p>Conozca los sitios web que visitan sus hijos y qu\u00e9 sitios son apropiados.<\/p>\n<p>Busque las Pol\u00edticas de Privacidad del Sitio Web. Sepa c\u00f3mo se trata la informaci\u00f3n de su hijo.<\/p>\n<p>Consulte el sitio de la <a href=\"https:\/\/consumer.ftc.gov\/\" target=\"_blank\" rel=\"noopener\">Comisi\u00f3n Federal de Comercio<\/a> (Federal Trade Comission &#8211; FTC) para obtener m\u00e1s consejos sobre la protecci\u00f3n de la privacidad de los ni\u00f1os en Internet.<\/p>\n<h2>Contacto<\/h2>\n<p>Para cualquier pregunta relacionada con la <strong><a style=\"font-weight: bold;\" href=\"https:\/\/www.abogadakate.com\/es\/politica-de-privacidad\/\">Pol\u00edtica de privacidad<\/a><\/strong> ,<a href=\"https:\/\/www.abogadakate.com\/es\/aviso-legal\/\">Aviso Legal<\/a>, <a href=\"https:\/\/www.abogadakate.com\/es\/terminos-de-uso\/\">T\u00e9rminos de Uso<\/a> u otros contenidos publicados en \u00e9ste sitio web, por favor, p\u00f3ngase en contacto con <a href=\"https:\/\/www.abogadakate.com\/es\/conozca-nuestro-equipo\/kate-lincoln-goldfinch\/\">la abogada responsable<\/a> de Abogada Kate que aparece a continuaci\u00f3n.<\/p>\n<h3>Abogada Kate<\/h3>\n<p>Oficina de Austin, Texas:<br \/>\nAbogada Kate<br \/>\n<span class=\"contact_widget_address\" data-userway-font-size=\"12\">1005 E 40th St<\/span><br \/>\n<span class=\"contact_widget_state\" data-userway-font-size=\"12\">Austin, TX 78751 <\/span><br \/>\n<span class=\"contact_widget_address\" data-userway-font-size=\"12\"><a href=\"tel:+1-512-768-9395\">(512) 768-9395<\/a><\/span><\/p>\n<p>Oficina de Waco, Texas:<br \/>\nAbogada Kate<br \/>\n<span class=\"contact_widget_address\" data-userway-font-size=\"12\">1616 Austin Avenue, Suite A <\/span><br \/>\n<span class=\"contact_widget_state\" data-userway-font-size=\"12\">Waco, TX 76701<\/span><br \/>\n<span class=\"contact_widget_address\" data-userway-font-size=\"12\"><a href=\"tel:+1-512-768-9395\">(512) 768-9395<\/a><\/span><\/p>\n<\/div><\/div><\/div><\/div><\/div>\n","protected":false},"excerpt":{"rendered":"","protected":false},"author":6,"featured_media":0,"parent":0,"menu_order":0,"comment_status":"closed","ping_status":"open","template":"","meta":{"_analytify_skip_tracking":false,"footnotes":""},"class_list":["post-1211","page","type-page","status-publish","hentry"],"_links":{"self":[{"href":"https:\/\/www.abogadakate.com\/es\/wp-json\/wp\/v2\/pages\/1211","targetHints":{"allow":["GET"]}}],"collection":[{"href":"https:\/\/www.abogadakate.com\/es\/wp-json\/wp\/v2\/pages"}],"about":[{"href":"https:\/\/www.abogadakate.com\/es\/wp-json\/wp\/v2\/types\/page"}],"author":[{"embeddable":true,"href":"https:\/\/www.abogadakate.com\/es\/wp-json\/wp\/v2\/users\/6"}],"replies":[{"embeddable":true,"href":"https:\/\/www.abogadakate.com\/es\/wp-json\/wp\/v2\/comments?post=1211"}],"version-history":[{"count":0,"href":"https:\/\/www.abogadakate.com\/es\/wp-json\/wp\/v2\/pages\/1211\/revisions"}],"wp:attachment":[{"href":"https:\/\/www.abogadakate.com\/es\/wp-json\/wp\/v2\/media?parent=1211"}],"curies":[{"name":"wp","href":"https:\/\/api.w.org\/{rel}","templated":true}]}}