{"id":1050,"date":"2025-02-07T15:31:31","date_gmt":"2025-02-07T15:31:31","guid":{"rendered":"https:\/\/www.abogadakate.com\/?page_id=1050"},"modified":"2025-02-07T15:31:31","modified_gmt":"2025-02-07T15:31:31","slug":"brenda","status":"publish","type":"page","link":"https:\/\/www.abogadakate.com\/es\/conozca-nuestro-equipo\/brenda\/","title":{"rendered":"Brenda \u2013 Coordinadora De Nuevos Clientes"},"content":{"rendered":"<p><div class=\"fusion-fullwidth fullwidth-box fusion-builder-row-1 fusion-flex-container has-pattern-background has-mask-background nonhundred-percent-fullwidth non-hundred-percent-height-scrolling\" style=\"--awb-background-position:left center;--awb-border-radius-top-left:0px;--awb-border-radius-top-right:0px;--awb-border-radius-bottom-right:0px;--awb-border-radius-bottom-left:0px;--awb-padding-top:0px;--awb-padding-right:0px;--awb-padding-bottom:30px;--awb-padding-left:0px;--awb-padding-top-small:0px;--awb-padding-right-small:30px;--awb-padding-bottom-small:0px;--awb-padding-left-small:30px;--awb-flex-wrap:wrap;\" id=\"hero-section\" ><div class=\"fusion-builder-row fusion-row fusion-flex-align-items-center fusion-flex-align-content-flex-start fusion-flex-justify-content-space-evenly fusion-flex-content-wrap\" style=\"max-width:1664px;margin-left: calc(-4% \/ 2 );margin-right: calc(-4% \/ 2 );\"><div class=\"fusion-layout-column fusion_builder_column fusion-builder-column-0 fusion-flex-column fusion-flex-align-self-center\" style=\"--awb-padding-top:5px;--awb-padding-right:5px;--awb-padding-bottom:5px;--awb-padding-left:5px;--awb-padding-top-small:0px;--awb-padding-right-small:0px;--awb-padding-bottom-small:0px;--awb-padding-left-small:0px;--awb-bg-position:left center;--awb-bg-size:cover;--awb-border-color:#fbd717;--awb-border-top:.5px;--awb-border-right:.5px;--awb-border-bottom:.5px;--awb-border-left:.5px;--awb-border-style:solid;--awb-width-large:30%;--awb-margin-top-large:0px;--awb-spacing-right-large:0px;--awb-margin-bottom-large:0px;--awb-spacing-left-large:0px;--awb-width-medium:30%;--awb-order-medium:0;--awb-spacing-right-medium:0px;--awb-spacing-left-medium:0px;--awb-width-small:100%;--awb-order-small:0;--awb-margin-top-small:0px;--awb-spacing-right-small:14.4%;--awb-margin-bottom-small:30px;--awb-spacing-left-small:14.4%;\" data-scroll-devices=\"small-visibility,medium-visibility,large-visibility\"><div class=\"fusion-column-wrapper fusion-column-has-shadow fusion-flex-justify-content-flex-start fusion-content-layout-column\"><div class=\"fusion-image-element \" style=\"text-align:center;--awb-margin-top-small:0px;--awb-margin-right-small:0px;--awb-margin-bottom-small:0px;--awb-margin-left-small:0px;--awb-max-width:400px;--awb-caption-title-font-family:var(--h2_typography-font-family);--awb-caption-title-font-weight:var(--h2_typography-font-weight);--awb-caption-title-font-style:var(--h2_typography-font-style);--awb-caption-title-size:var(--h2_typography-font-size);--awb-caption-title-transform:var(--h2_typography-text-transform);--awb-caption-title-line-height:var(--h2_typography-line-height);--awb-caption-title-letter-spacing:var(--h2_typography-letter-spacing);\"><span class=\" fusion-imageframe imageframe-dropshadow imageframe-1 hover-type-none\" style=\"-webkit-box-shadow: 6px 6px 10px rgba(0,0,0,0.1);box-shadow: 6px 6px 10px rgba(0,0,0,0.1);\"><img decoding=\"async\" width=\"380\" height=\"500\" title=\"brenda-villalobos-new-client-coordinator-at-abogada-kate-immigration-law-firm\" src=\"https:\/\/www.abogadakate.com\/wp-content\/uploads\/2024\/07\/brenda-villalobos-new-client-coordinator-at-abogada-kate-immigration-law-firm.jpg\" alt class=\"img-responsive wp-image-784\" srcset=\"https:\/\/www.abogadakate.com\/wp-content\/uploads\/2024\/07\/brenda-villalobos-new-client-coordinator-at-abogada-kate-immigration-law-firm-200x263.jpg 200w, https:\/\/www.abogadakate.com\/wp-content\/uploads\/2024\/07\/brenda-villalobos-new-client-coordinator-at-abogada-kate-immigration-law-firm.jpg 380w\" sizes=\"(max-width: 640px) 100vw, 380px\" \/><\/span><\/div><\/div><\/div><div class=\"fusion-layout-column fusion_builder_column fusion-builder-column-1 fusion-flex-column fusion-flex-align-self-center\" style=\"--awb-padding-top-small:0px;--awb-padding-right-small:0px;--awb-padding-bottom-small:0px;--awb-padding-left-small:0px;--awb-bg-size:cover;--awb-width-large:70%;--awb-margin-top-large:0px;--awb-spacing-right-large:0px;--awb-margin-bottom-large:20px;--awb-spacing-left-large:2.7428571428571%;--awb-width-medium:70%;--awb-order-medium:0;--awb-spacing-right-medium:0px;--awb-spacing-left-medium:2.7428571428571%;--awb-width-small:100%;--awb-order-small:0;--awb-spacing-right-small:0px;--awb-margin-bottom-small:20px;--awb-spacing-left-small:0px;\"><div class=\"fusion-column-wrapper fusion-column-has-shadow fusion-flex-justify-content-flex-start fusion-content-layout-column\"><div class=\"fusion-title title fusion-title-1 fusion-sep-none fusion-title-text fusion-title-size-one\" style=\"--awb-margin-top:0px;--awb-margin-bottom:0px;\"><h1 class=\"fusion-title-heading title-heading-left\" style=\"margin:0;\"><p style=\"text-align: left;\">Brenda<\/p><\/h1><\/div><div class=\"fusion-text fusion-text-1\"><h2><\/h2>\n<\/div><div class=\"fusion-title title fusion-title-2 fusion-title-text fusion-title-size-div\" style=\"--awb-margin-top:-40px;--awb-margin-bottom:0px;--awb-sep-color:#fbd717;\"><div class=\"title-sep-container title-sep-container-left fusion-no-large-visibility fusion-no-medium-visibility fusion-no-small-visibility\"><div class=\"title-sep sep-single sep-solid\" style=\"border-color:#fbd717;\"><\/div><\/div><span class=\"awb-title-spacer fusion-no-large-visibility fusion-no-medium-visibility fusion-no-small-visibility\"><\/span><div class=\"fusion-title-heading title-heading-left title-heading-tag\" style=\"margin:0;\"><h4>Coordinadora De Nuevos Clientes<\/h4><\/div><span class=\"awb-title-spacer\"><\/span><div class=\"title-sep-container title-sep-container-right\"><div class=\"title-sep sep-single sep-solid\" style=\"border-color:#fbd717;\"><\/div><\/div><\/div><div class=\"fusion-text fusion-text-2\" style=\"--awb-line-height:2;--awb-text-transform:none;--awb-margin-right:0px;--awb-margin-left:0px;\"><p>\u00a1Hola! Mi nombre es Brenda. Soy Coordinadora de Nuevos Clientes con la Abogada Kate. Soy hija de una madre soltera inmigrante y, desde una edad temprana, se me encomendaba con frecuencia la tarea de ser la traductora de mi madre.<\/p>\n<p>Me enter\u00e9 de que mi mam\u00e1 era indocumentada cuando era adolescente y luego comprend\u00ed lo que eso significaba. Verla sacarnos adelante con todas las adversidades en su contra, me hace valorar mucho m\u00e1s mi posici\u00f3n en la firma.<\/p>\n<p>Conocer a personas cada d\u00eda y escuchar sus dificultades, sue\u00f1os y metas me llena de prop\u00f3sito para seguir haciendo lo que hago con la Abogada Kate. Me recuerda el arduo trabajo de mi madre y los sacrificios que hizo por m\u00ed y mi hermano.<\/p>\n<p>Ahora, siendo madre yo misma, me esfuerzo por aprender y mejorar para mis hijos y nuestros clientes. Ayudar a las personas a lograr sus sue\u00f1os, al igual que mi madre lo hizo, es una experiencia por la que estoy agradecida.<\/p>\n<\/div><\/div><\/div><\/div><\/div><div class=\"fusion-fullwidth fullwidth-box fusion-builder-row-2 fusion-flex-container hundred-percent-fullwidth non-hundred-percent-height-scrolling\" style=\"--awb-border-radius-top-left:0px;--awb-border-radius-top-right:0px;--awb-border-radius-bottom-right:0px;--awb-border-radius-bottom-left:0px;--awb-padding-top:20px;--awb-padding-bottom:10px;--awb-margin-top:0px;--awb-margin-bottom:-30px;--awb-background-color:#fae768;--awb-flex-wrap:wrap;\" ><div class=\"fusion-builder-row fusion-row fusion-flex-align-items-center fusion-flex-justify-content-center fusion-flex-content-wrap\" style=\"width:104% !important;max-width:104% !important;margin-left: calc(-4% \/ 2 );margin-right: calc(-4% \/ 2 );\"><div class=\"fusion-layout-column fusion_builder_column fusion-builder-column-2 fusion_builder_column_1_1 1_1 fusion-flex-column fusion-flex-align-self-center\" style=\"--awb-bg-size:cover;--awb-width-large:100%;--awb-margin-top-large:0px;--awb-spacing-right-large:1.92%;--awb-margin-bottom-large:0px;--awb-spacing-left-large:1.92%;--awb-width-medium:100%;--awb-order-medium:0;--awb-spacing-right-medium:1.92%;--awb-spacing-left-medium:1.92%;--awb-width-small:100%;--awb-order-small:0;--awb-spacing-right-small:1.92%;--awb-spacing-left-small:1.92%;\"><div class=\"fusion-column-wrapper fusion-column-has-shadow fusion-flex-justify-content-center fusion-content-layout-column\"><div class=\"fusion-text fusion-text-3 fusion-text-no-margin\" style=\"--awb-content-alignment:center;--awb-font-size:32px;--awb-text-transform:none;--awb-text-color:#000000;--awb-margin-top:0px;--awb-margin-bottom:0px;--awb-text-font-family:&quot;Josefin Sans&quot;;--awb-text-font-style:normal;--awb-text-font-weight:400;\" id=\"call-to-action\"><p style=\"text-align: center; color: black !important;\"><a href=\"https:\/\/www.abogadakate.com\/es\/contactenos\/\">D\u00c9JANOS PONER NUESTROS SERVICIOS Y EXPERIENCIA A SU SERVICIO.<\/a><\/p>\n<\/div><\/div><\/div><\/div><\/div><\/p>\n","protected":false},"excerpt":{"rendered":"","protected":false},"author":6,"featured_media":0,"parent":1011,"menu_order":0,"comment_status":"closed","ping_status":"closed","template":"100-width.php","meta":{"_analytify_skip_tracking":false,"footnotes":""},"class_list":["post-1050","page","type-page","status-publish","hentry"],"_links":{"self":[{"href":"https:\/\/www.abogadakate.com\/es\/wp-json\/wp\/v2\/pages\/1050","targetHints":{"allow":["GET"]}}],"collection":[{"href":"https:\/\/www.abogadakate.com\/es\/wp-json\/wp\/v2\/pages"}],"about":[{"href":"https:\/\/www.abogadakate.com\/es\/wp-json\/wp\/v2\/types\/page"}],"author":[{"embeddable":true,"href":"https:\/\/www.abogadakate.com\/es\/wp-json\/wp\/v2\/users\/6"}],"replies":[{"embeddable":true,"href":"https:\/\/www.abogadakate.com\/es\/wp-json\/wp\/v2\/comments?post=1050"}],"version-history":[{"count":0,"href":"https:\/\/www.abogadakate.com\/es\/wp-json\/wp\/v2\/pages\/1050\/revisions"}],"up":[{"embeddable":true,"href":"https:\/\/www.abogadakate.com\/es\/wp-json\/wp\/v2\/pages\/1011"}],"wp:attachment":[{"href":"https:\/\/www.abogadakate.com\/es\/wp-json\/wp\/v2\/media?parent=1050"}],"curies":[{"name":"wp","href":"https:\/\/api.w.org\/{rel}","templated":true}]}}